{"id":618,"date":"2022-01-05T10:33:28","date_gmt":"2022-01-05T10:33:28","guid":{"rendered":"https:\/\/valjcne-proge.si\/?page_id=618"},"modified":"2022-01-05T10:33:29","modified_gmt":"2022-01-05T10:33:29","slug":"nobeam","status":"publish","type":"page","link":"https:\/\/valjcne-proge.si\/index.php\/nobeam\/","title":{"rendered":"NoBeam"},"content":{"rendered":"\n<div class=\"wp-block-columns alignwide is-layout-flex wp-container-core-columns-is-layout-9d6595d7 wp-block-columns-is-layout-flex\">\n<div class=\"wp-block-column is-layout-flow wp-block-column-is-layout-flow\" style=\"flex-basis:43%\">\n<figure class=\"wp-block-gallery aligncenter columns-1 is-cropped wp-block-gallery-1 is-layout-flex wp-block-gallery-is-layout-flex\"><ul class=\"blocks-gallery-grid\"><li class=\"blocks-gallery-item\"><figure><a href=\"https:\/\/valjcne-proge.si\/wp-content\/uploads\/2022\/01\/nobeam-300x300-1.png\"><img loading=\"lazy\" decoding=\"async\" width=\"1024\" height=\"1024\" src=\"https:\/\/valjcne-proge.si\/wp-content\/uploads\/2022\/01\/nobeam-300x300-1-1024x1024.png\" alt=\"\" data-id=\"480\" data-full-url=\"https:\/\/valjcne-proge.si\/wp-content\/uploads\/2022\/01\/nobeam-300x300-1.png\" data-link=\"https:\/\/valjcne-proge.si\/nobeam-300x300\/\" class=\"wp-image-480\" srcset=\"https:\/\/valjcne-proge.si\/wp-content\/uploads\/2022\/01\/nobeam-300x300-1-1024x1024.png 1024w, https:\/\/valjcne-proge.si\/wp-content\/uploads\/2022\/01\/nobeam-300x300-1-300x300.png 300w, https:\/\/valjcne-proge.si\/wp-content\/uploads\/2022\/01\/nobeam-300x300-1-150x150.png 150w, https:\/\/valjcne-proge.si\/wp-content\/uploads\/2022\/01\/nobeam-300x300-1-768x768.png 768w, https:\/\/valjcne-proge.si\/wp-content\/uploads\/2022\/01\/nobeam-300x300-1-1536x1536.png 1536w, https:\/\/valjcne-proge.si\/wp-content\/uploads\/2022\/01\/nobeam-300x300-1-70x70.png 70w, https:\/\/valjcne-proge.si\/wp-content\/uploads\/2022\/01\/nobeam-300x300-1-127x127.png 127w, https:\/\/valjcne-proge.si\/wp-content\/uploads\/2022\/01\/nobeam-300x300-1-476x476.png 476w, https:\/\/valjcne-proge.si\/wp-content\/uploads\/2022\/01\/nobeam-300x300-1-125x125.png 125w, https:\/\/valjcne-proge.si\/wp-content\/uploads\/2022\/01\/nobeam-300x300-1-116x116.png 116w, https:\/\/valjcne-proge.si\/wp-content\/uploads\/2022\/01\/nobeam-300x300-1.png 2008w\" sizes=\"auto, (max-width: 1024px) 100vw, 1024px\" \/><\/a><\/figure><\/li><\/ul><\/figure>\n<\/div>\n\n\n\n<div class=\"wp-block-column is-layout-flow wp-block-column-is-layout-flow\" style=\"flex-basis:57%\">\n<p><strong>OPIS<\/strong><br>\u2022 Popolna in ekonomi\u010dna re\u0161itev za nov koncept dinami\u010dne police.<br>\u2022 Velika nosilnost, zahvaljujo\u010d minirail valj\u010dnim progam Dinalager.<br>\u2022 \u0160iroka paleta razli\u010dnih valj\u010dnih prog za prilagajanje vsem vrstam izdelkov\/paketov.<br>\u2022 Profili NoBeam so dobavljivi v popolnoma prilagojeni izvedbi za vsako stranko. Najve\u010dja skupna dol\u017eina je 2.700 mm.<br>\u2022 Dimenzije, ki se prilagajajo stranki so:<\/p>\n\n\n\n<ul class=\"has-normal-font-size wp-block-list\"><li>notranjost (\u0161tevilo in \u0161irina) horizontalnih prog na polici (A)<\/li><li>Standardni zunanji okvir za pritrjevanje NoBeam je za nosilce 80x40mm. Za druga\u010dne dimenzije se prosim posvetujte.<\/li><li>\u010de globina police (L) zahteva sredinske podpore je zaradi mnogih razli\u010dnih izvedb vsak projekt posebej prou\u010diti in najti najbolj optimalno re\u0161itev.<br><\/li><\/ul>\n\n\n\n<p><strong>POSTOPEK MONTA\u017dE<\/strong><br>Monta\u017ea je enostavna in hitra:<\/p>\n\n\n\n<ol class=\"wp-block-list\"><li>NoBeam je enostavno name\u0161\u010den na sprednji in zadnji pre\u010dki<br>police. Zadnjo pre\u010dko predhodno premaknemo vi\u0161je od sprednje, da lahko zagotovimo potreben naklon za drsenje \u0161katel. Priporo\u010dljiv naklon je med 3% in 5%.<\/li><li>V luknjah okvirja NoBeam bo minirail valj\u010dna proga name\u0161\u010dea udobno in popolnoma vzporedno z drugimi, od NoBeam za\u010detnega dela za vnos blaga z drsenjem paketa do  NoBeam izhodnega dela za komisioniranje. Minirali progo vstavite v prilagojeno odprtino in jo fiksirate s pomo\u010djo  preprostih plasti\u010dnih \u010depov na nasprotni strani. Za\u010detni in kon\u010dni del NoBeam \u017ee ima kon\u010dni rob, ki prepre\u010duje padce \u0161katel s police. <\/li><li>Skupni \u010das monta\u017ee: 1 monter = 5 minut na nivo.<\/li><\/ol>\n<\/div>\n<\/div>\n\n\n\n<figure class=\"wp-block-embed aligncenter is-type-video is-provider-youtube wp-block-embed-youtube wp-embed-aspect-16-9 wp-has-aspect-ratio\"><div class=\"wp-block-embed__wrapper\">\n<iframe loading=\"lazy\" title=\"NoBeam by Dinalager (Without intermediate support)\" width=\"640\" height=\"360\" src=\"https:\/\/www.youtube.com\/embed\/LZ-c21-ie1s?feature=oembed\" frameborder=\"0\" allow=\"accelerometer; autoplay; clipboard-write; encrypted-media; gyroscope; picture-in-picture; web-share\" referrerpolicy=\"strict-origin-when-cross-origin\" allowfullscreen><\/iframe>\n<\/div><\/figure>\n\n\n\n<figure class=\"wp-block-embed is-type-video is-provider-youtube wp-block-embed-youtube wp-embed-aspect-16-9 wp-has-aspect-ratio\"><div class=\"wp-block-embed__wrapper\">\n<iframe loading=\"lazy\" title=\"NoBeam By Dinalager (With intermediate support)\" width=\"640\" height=\"360\" src=\"https:\/\/www.youtube.com\/embed\/w3FRPyxp73A?feature=oembed\" frameborder=\"0\" allow=\"accelerometer; autoplay; clipboard-write; encrypted-media; gyroscope; picture-in-picture; web-share\" referrerpolicy=\"strict-origin-when-cross-origin\" allowfullscreen><\/iframe>\n<\/div><\/figure>\n\n\n\n<figure class=\"wp-block-gallery aligncenter columns-1 is-cropped wp-block-gallery-2 is-layout-flex wp-block-gallery-is-layout-flex\"><ul class=\"blocks-gallery-grid\"><li class=\"blocks-gallery-item\"><figure><a href=\"https:\/\/valjcne-proge.si\/wp-content\/uploads\/2021\/12\/NoBeam6-1024x599.jpg\"><img loading=\"lazy\" decoding=\"async\" width=\"1024\" height=\"599\" src=\"https:\/\/valjcne-proge.si\/wp-content\/uploads\/2021\/12\/NoBeam6-1024x599.jpg\" alt=\"\" data-id=\"234\" class=\"wp-image-234\" srcset=\"https:\/\/valjcne-proge.si\/wp-content\/uploads\/2021\/12\/NoBeam6-1024x599.jpg 1024w, https:\/\/valjcne-proge.si\/wp-content\/uploads\/2021\/12\/NoBeam6-300x175.jpg 300w, https:\/\/valjcne-proge.si\/wp-content\/uploads\/2021\/12\/NoBeam6-768x449.jpg 768w, https:\/\/valjcne-proge.si\/wp-content\/uploads\/2021\/12\/NoBeam6-1536x899.jpg 1536w, https:\/\/valjcne-proge.si\/wp-content\/uploads\/2021\/12\/NoBeam6-198x116.jpg 198w, https:\/\/valjcne-proge.si\/wp-content\/uploads\/2021\/12\/NoBeam6.jpg 1636w\" sizes=\"auto, (max-width: 1024px) 100vw, 1024px\" \/><\/a><\/figure><\/li><\/ul><\/figure>\n\n\n\n<figure class=\"wp-block-gallery aligncenter columns-1 is-cropped wp-block-gallery-3 is-layout-flex wp-block-gallery-is-layout-flex\"><ul class=\"blocks-gallery-grid\"><li class=\"blocks-gallery-item\"><figure><a href=\"https:\/\/valjcne-proge.si\/wp-content\/uploads\/2022\/01\/dimensionsNB-1024x509.jpg\"><img loading=\"lazy\" decoding=\"async\" width=\"1024\" height=\"509\" src=\"https:\/\/valjcne-proge.si\/wp-content\/uploads\/2022\/01\/dimensionsNB-1024x509.jpg\" alt=\"\" data-id=\"622\" class=\"wp-image-622\" srcset=\"https:\/\/valjcne-proge.si\/wp-content\/uploads\/2022\/01\/dimensionsNB-1024x509.jpg 1024w, https:\/\/valjcne-proge.si\/wp-content\/uploads\/2022\/01\/dimensionsNB-300x149.jpg 300w, https:\/\/valjcne-proge.si\/wp-content\/uploads\/2022\/01\/dimensionsNB-768x382.jpg 768w, https:\/\/valjcne-proge.si\/wp-content\/uploads\/2022\/01\/dimensionsNB-1536x764.jpg 1536w, https:\/\/valjcne-proge.si\/wp-content\/uploads\/2022\/01\/dimensionsNB-228x113.jpg 228w, https:\/\/valjcne-proge.si\/wp-content\/uploads\/2022\/01\/dimensionsNB.jpg 1617w\" sizes=\"auto, (max-width: 1024px) 100vw, 1024px\" \/><\/a><\/figure><\/li><\/ul><\/figure>\n","protected":false},"excerpt":{"rendered":"<p>OPIS\u2022 Popolna in ekonomi\u010dna re\u0161itev za nov koncept dinami\u010dne police.\u2022 Velika nosilnost, zahvaljujo\u010d minirail valj\u010dnim progam Dinalager.\u2022 \u0160iroka paleta razli\u010dnih valj\u010dnih prog za prilagajanje vsem vrstam izdelkov\/paketov.\u2022 Profili NoBeam so dobavljivi v popolnoma prilagojeni izvedbi za vsako stranko. Najve\u010dja skupna dol\u017eina je 2.700 mm.\u2022 Dimenzije, ki se prilagajajo stranki so: notranjost (\u0161tevilo in \u0161irina) horizontalnih [&hellip;]<\/p>\n","protected":false},"author":1,"featured_media":0,"parent":0,"menu_order":0,"comment_status":"closed","ping_status":"closed","template":"","meta":{"pgc_sgb_lightbox_settings":"","footnotes":""},"class_list":["post-618","page","type-page","status-publish","hentry"],"yoast_head":"<!-- This site is optimized with the Yoast SEO plugin v27.4 - https:\/\/yoast.com\/product\/yoast-seo-wordpress\/ -->\n<title>NoBeam - valjcne-proge.si<\/title>\n<meta name=\"robots\" content=\"index, follow, max-snippet:-1, max-image-preview:large, max-video-preview:-1\" \/>\n<link rel=\"canonical\" href=\"https:\/\/valjcne-proge.si\/index.php\/nobeam\/\" \/>\n<meta property=\"og:locale\" content=\"en_US\" \/>\n<meta property=\"og:type\" content=\"article\" \/>\n<meta property=\"og:title\" content=\"NoBeam - valjcne-proge.si\" \/>\n<meta property=\"og:description\" content=\"OPIS\u2022 Popolna in ekonomi\u010dna re\u0161itev za nov koncept dinami\u010dne police.\u2022 Velika nosilnost, zahvaljujo\u010d minirail valj\u010dnim progam Dinalager.\u2022 \u0160iroka paleta razli\u010dnih valj\u010dnih prog za prilagajanje vsem vrstam izdelkov\/paketov.\u2022 Profili NoBeam so dobavljivi v popolnoma prilagojeni izvedbi za vsako stranko. Najve\u010dja skupna dol\u017eina je 2.700 mm.\u2022 Dimenzije, ki se prilagajajo stranki so: notranjost (\u0161tevilo in \u0161irina) horizontalnih [&hellip;]\" \/>\n<meta property=\"og:url\" content=\"https:\/\/valjcne-proge.si\/index.php\/nobeam\/\" \/>\n<meta property=\"og:site_name\" content=\"valjcne-proge.si\" \/>\n<meta property=\"article:modified_time\" content=\"2022-01-05T10:33:29+00:00\" \/>\n<meta property=\"og:image\" content=\"https:\/\/valjcne-proge.si\/wp-content\/uploads\/2022\/01\/nobeam-300x300-1-1024x1024.png\" \/>\n<meta name=\"twitter:card\" content=\"summary_large_image\" \/>\n<meta name=\"twitter:label1\" content=\"Est. reading time\" \/>\n\t<meta name=\"twitter:data1\" content=\"2 minutes\" \/>\n<script type=\"application\/ld+json\" class=\"yoast-schema-graph\">{\"@context\":\"https:\\\/\\\/schema.org\",\"@graph\":[{\"@type\":\"WebPage\",\"@id\":\"https:\\\/\\\/valjcne-proge.si\\\/index.php\\\/nobeam\\\/\",\"url\":\"https:\\\/\\\/valjcne-proge.si\\\/index.php\\\/nobeam\\\/\",\"name\":\"NoBeam - valjcne-proge.si\",\"isPartOf\":{\"@id\":\"https:\\\/\\\/valjcne-proge.si\\\/#website\"},\"primaryImageOfPage\":{\"@id\":\"https:\\\/\\\/valjcne-proge.si\\\/index.php\\\/nobeam\\\/#primaryimage\"},\"image\":{\"@id\":\"https:\\\/\\\/valjcne-proge.si\\\/index.php\\\/nobeam\\\/#primaryimage\"},\"thumbnailUrl\":\"https:\\\/\\\/valjcne-proge.si\\\/wp-content\\\/uploads\\\/2022\\\/01\\\/nobeam-300x300-1-1024x1024.png\",\"datePublished\":\"2022-01-05T10:33:28+00:00\",\"dateModified\":\"2022-01-05T10:33:29+00:00\",\"breadcrumb\":{\"@id\":\"https:\\\/\\\/valjcne-proge.si\\\/index.php\\\/nobeam\\\/#breadcrumb\"},\"inLanguage\":\"en-US\",\"potentialAction\":[{\"@type\":\"ReadAction\",\"target\":[\"https:\\\/\\\/valjcne-proge.si\\\/index.php\\\/nobeam\\\/\"]}]},{\"@type\":\"ImageObject\",\"inLanguage\":\"en-US\",\"@id\":\"https:\\\/\\\/valjcne-proge.si\\\/index.php\\\/nobeam\\\/#primaryimage\",\"url\":\"https:\\\/\\\/valjcne-proge.si\\\/wp-content\\\/uploads\\\/2022\\\/01\\\/nobeam-300x300-1.png\",\"contentUrl\":\"https:\\\/\\\/valjcne-proge.si\\\/wp-content\\\/uploads\\\/2022\\\/01\\\/nobeam-300x300-1.png\",\"width\":2008,\"height\":2008},{\"@type\":\"BreadcrumbList\",\"@id\":\"https:\\\/\\\/valjcne-proge.si\\\/index.php\\\/nobeam\\\/#breadcrumb\",\"itemListElement\":[{\"@type\":\"ListItem\",\"position\":1,\"name\":\"Home\",\"item\":\"https:\\\/\\\/valjcne-proge.si\\\/\"},{\"@type\":\"ListItem\",\"position\":2,\"name\":\"NoBeam\"}]},{\"@type\":\"WebSite\",\"@id\":\"https:\\\/\\\/valjcne-proge.si\\\/#website\",\"url\":\"https:\\\/\\\/valjcne-proge.si\\\/\",\"name\":\"valjcne-proge.si\",\"description\":\"Najbolj\u0161e valj\u010dne proge na svetu!\",\"publisher\":{\"@id\":\"https:\\\/\\\/valjcne-proge.si\\\/#organization\"},\"potentialAction\":[{\"@type\":\"SearchAction\",\"target\":{\"@type\":\"EntryPoint\",\"urlTemplate\":\"https:\\\/\\\/valjcne-proge.si\\\/?s={search_term_string}\"},\"query-input\":{\"@type\":\"PropertyValueSpecification\",\"valueRequired\":true,\"valueName\":\"search_term_string\"}}],\"inLanguage\":\"en-US\"},{\"@type\":\"Organization\",\"@id\":\"https:\\\/\\\/valjcne-proge.si\\\/#organization\",\"name\":\"valjcne-proge.si\",\"url\":\"https:\\\/\\\/valjcne-proge.si\\\/\",\"logo\":{\"@type\":\"ImageObject\",\"inLanguage\":\"en-US\",\"@id\":\"https:\\\/\\\/valjcne-proge.si\\\/#\\\/schema\\\/logo\\\/image\\\/\",\"url\":\"https:\\\/\\\/valjcne-proge.si\\\/wp-content\\\/uploads\\\/2021\\\/12\\\/cropped-VP-modra-obroba.png\",\"contentUrl\":\"https:\\\/\\\/valjcne-proge.si\\\/wp-content\\\/uploads\\\/2021\\\/12\\\/cropped-VP-modra-obroba.png\",\"width\":462,\"height\":249,\"caption\":\"valjcne-proge.si\"},\"image\":{\"@id\":\"https:\\\/\\\/valjcne-proge.si\\\/#\\\/schema\\\/logo\\\/image\\\/\"}}]}<\/script>\n<!-- \/ Yoast SEO plugin. -->","yoast_head_json":{"title":"NoBeam - valjcne-proge.si","robots":{"index":"index","follow":"follow","max-snippet":"max-snippet:-1","max-image-preview":"max-image-preview:large","max-video-preview":"max-video-preview:-1"},"canonical":"https:\/\/valjcne-proge.si\/index.php\/nobeam\/","og_locale":"en_US","og_type":"article","og_title":"NoBeam - valjcne-proge.si","og_description":"OPIS\u2022 Popolna in ekonomi\u010dna re\u0161itev za nov koncept dinami\u010dne police.\u2022 Velika nosilnost, zahvaljujo\u010d minirail valj\u010dnim progam Dinalager.\u2022 \u0160iroka paleta razli\u010dnih valj\u010dnih prog za prilagajanje vsem vrstam izdelkov\/paketov.\u2022 Profili NoBeam so dobavljivi v popolnoma prilagojeni izvedbi za vsako stranko. Najve\u010dja skupna dol\u017eina je 2.700 mm.\u2022 Dimenzije, ki se prilagajajo stranki so: notranjost (\u0161tevilo in \u0161irina) horizontalnih [&hellip;]","og_url":"https:\/\/valjcne-proge.si\/index.php\/nobeam\/","og_site_name":"valjcne-proge.si","article_modified_time":"2022-01-05T10:33:29+00:00","og_image":[{"url":"https:\/\/valjcne-proge.si\/wp-content\/uploads\/2022\/01\/nobeam-300x300-1-1024x1024.png","type":"","width":"","height":""}],"twitter_card":"summary_large_image","twitter_misc":{"Est. reading time":"2 minutes"},"schema":{"@context":"https:\/\/schema.org","@graph":[{"@type":"WebPage","@id":"https:\/\/valjcne-proge.si\/index.php\/nobeam\/","url":"https:\/\/valjcne-proge.si\/index.php\/nobeam\/","name":"NoBeam - valjcne-proge.si","isPartOf":{"@id":"https:\/\/valjcne-proge.si\/#website"},"primaryImageOfPage":{"@id":"https:\/\/valjcne-proge.si\/index.php\/nobeam\/#primaryimage"},"image":{"@id":"https:\/\/valjcne-proge.si\/index.php\/nobeam\/#primaryimage"},"thumbnailUrl":"https:\/\/valjcne-proge.si\/wp-content\/uploads\/2022\/01\/nobeam-300x300-1-1024x1024.png","datePublished":"2022-01-05T10:33:28+00:00","dateModified":"2022-01-05T10:33:29+00:00","breadcrumb":{"@id":"https:\/\/valjcne-proge.si\/index.php\/nobeam\/#breadcrumb"},"inLanguage":"en-US","potentialAction":[{"@type":"ReadAction","target":["https:\/\/valjcne-proge.si\/index.php\/nobeam\/"]}]},{"@type":"ImageObject","inLanguage":"en-US","@id":"https:\/\/valjcne-proge.si\/index.php\/nobeam\/#primaryimage","url":"https:\/\/valjcne-proge.si\/wp-content\/uploads\/2022\/01\/nobeam-300x300-1.png","contentUrl":"https:\/\/valjcne-proge.si\/wp-content\/uploads\/2022\/01\/nobeam-300x300-1.png","width":2008,"height":2008},{"@type":"BreadcrumbList","@id":"https:\/\/valjcne-proge.si\/index.php\/nobeam\/#breadcrumb","itemListElement":[{"@type":"ListItem","position":1,"name":"Home","item":"https:\/\/valjcne-proge.si\/"},{"@type":"ListItem","position":2,"name":"NoBeam"}]},{"@type":"WebSite","@id":"https:\/\/valjcne-proge.si\/#website","url":"https:\/\/valjcne-proge.si\/","name":"valjcne-proge.si","description":"Najbolj\u0161e valj\u010dne proge na svetu!","publisher":{"@id":"https:\/\/valjcne-proge.si\/#organization"},"potentialAction":[{"@type":"SearchAction","target":{"@type":"EntryPoint","urlTemplate":"https:\/\/valjcne-proge.si\/?s={search_term_string}"},"query-input":{"@type":"PropertyValueSpecification","valueRequired":true,"valueName":"search_term_string"}}],"inLanguage":"en-US"},{"@type":"Organization","@id":"https:\/\/valjcne-proge.si\/#organization","name":"valjcne-proge.si","url":"https:\/\/valjcne-proge.si\/","logo":{"@type":"ImageObject","inLanguage":"en-US","@id":"https:\/\/valjcne-proge.si\/#\/schema\/logo\/image\/","url":"https:\/\/valjcne-proge.si\/wp-content\/uploads\/2021\/12\/cropped-VP-modra-obroba.png","contentUrl":"https:\/\/valjcne-proge.si\/wp-content\/uploads\/2021\/12\/cropped-VP-modra-obroba.png","width":462,"height":249,"caption":"valjcne-proge.si"},"image":{"@id":"https:\/\/valjcne-proge.si\/#\/schema\/logo\/image\/"}}]}},"_links":{"self":[{"href":"https:\/\/valjcne-proge.si\/index.php\/wp-json\/wp\/v2\/pages\/618","targetHints":{"allow":["GET"]}}],"collection":[{"href":"https:\/\/valjcne-proge.si\/index.php\/wp-json\/wp\/v2\/pages"}],"about":[{"href":"https:\/\/valjcne-proge.si\/index.php\/wp-json\/wp\/v2\/types\/page"}],"author":[{"embeddable":true,"href":"https:\/\/valjcne-proge.si\/index.php\/wp-json\/wp\/v2\/users\/1"}],"replies":[{"embeddable":true,"href":"https:\/\/valjcne-proge.si\/index.php\/wp-json\/wp\/v2\/comments?post=618"}],"version-history":[{"count":2,"href":"https:\/\/valjcne-proge.si\/index.php\/wp-json\/wp\/v2\/pages\/618\/revisions"}],"predecessor-version":[{"id":623,"href":"https:\/\/valjcne-proge.si\/index.php\/wp-json\/wp\/v2\/pages\/618\/revisions\/623"}],"wp:attachment":[{"href":"https:\/\/valjcne-proge.si\/index.php\/wp-json\/wp\/v2\/media?parent=618"}],"curies":[{"name":"wp","href":"https:\/\/api.w.org\/{rel}","templated":true}]}}