{"id":614,"date":"2022-01-05T09:56:17","date_gmt":"2022-01-05T09:56:17","guid":{"rendered":"https:\/\/valjcne-proge.si\/?page_id=614"},"modified":"2022-01-05T10:36:25","modified_gmt":"2022-01-05T10:36:25","slug":"dyflow","status":"publish","type":"page","link":"https:\/\/valjcne-proge.si\/index.php\/dyflow\/","title":{"rendered":"DYFLOW"},"content":{"rendered":"\n<div class=\"wp-block-columns alignwide is-layout-flex wp-container-core-columns-is-layout-9d6595d7 wp-block-columns-is-layout-flex\">\n<div class=\"wp-block-column is-layout-flow wp-block-column-is-layout-flow\" style=\"flex-basis:43%\">\n<figure class=\"wp-block-gallery aligncenter columns-1 is-cropped wp-block-gallery-1 is-layout-flex wp-block-gallery-is-layout-flex\"><ul class=\"blocks-gallery-grid\"><li class=\"blocks-gallery-item\"><figure><a href=\"https:\/\/valjcne-proge.si\/wp-content\/uploads\/2021\/12\/sistema-dyflow.jpg\"><img loading=\"lazy\" decoding=\"async\" width=\"500\" height=\"500\" src=\"https:\/\/valjcne-proge.si\/wp-content\/uploads\/2021\/12\/sistema-dyflow.jpg\" alt=\"\" data-id=\"275\" data-full-url=\"https:\/\/valjcne-proge.si\/wp-content\/uploads\/2021\/12\/sistema-dyflow.jpg\" data-link=\"https:\/\/valjcne-proge.si\/sistema-dyflow\/\" class=\"wp-image-275\" srcset=\"https:\/\/valjcne-proge.si\/wp-content\/uploads\/2021\/12\/sistema-dyflow.jpg 500w, https:\/\/valjcne-proge.si\/wp-content\/uploads\/2021\/12\/sistema-dyflow-300x300.jpg 300w, https:\/\/valjcne-proge.si\/wp-content\/uploads\/2021\/12\/sistema-dyflow-150x150.jpg 150w, https:\/\/valjcne-proge.si\/wp-content\/uploads\/2021\/12\/sistema-dyflow-70x70.jpg 70w, https:\/\/valjcne-proge.si\/wp-content\/uploads\/2021\/12\/sistema-dyflow-127x127.jpg 127w, https:\/\/valjcne-proge.si\/wp-content\/uploads\/2021\/12\/sistema-dyflow-476x476.jpg 476w, https:\/\/valjcne-proge.si\/wp-content\/uploads\/2021\/12\/sistema-dyflow-125x125.jpg 125w, https:\/\/valjcne-proge.si\/wp-content\/uploads\/2021\/12\/sistema-dyflow-116x116.jpg 116w\" sizes=\"auto, (max-width: 500px) 100vw, 500px\" \/><\/a><\/figure><\/li><\/ul><\/figure>\n<\/div>\n\n\n\n<div class=\"wp-block-column is-layout-flow wp-block-column-is-layout-flow\" style=\"flex-basis:57%\">\n<p><strong>OPIS<\/strong><br>\u2022 Poenostavljena struktura dinami\u010dnega okvira, z mo\u017enostjo izbire (ali spreminjanja) koli\u010din in vrst minirail valj\u010dnih prog.<br>\u2022 Obesi se neposredno na polico\/strukturo brez vija\u010denja.<br>\u2022 Nosilnost od 330 kg\/m2 (za 2400 mm globine in 890 mm \u0161irine).<br><\/p>\n\n\n\n<p><strong>UPORABA<\/strong><br>\u2022 Gravitacijsko dinami\u010dna polica.<br>\u2022 Enostavna in hitra monta\u017ea v primerjavi z obi\u010dajnimi sistemi: 70% prihranka pri \u010dasu namestitve.<br>\u2022 Mo\u017enost zamenjave dinami\u010dne police s \u0161katlami v polico za palete in obratno &#8211; na hiter in enostaven na\u010din.<br>\u2022 Dobavne tokove je mogo\u010de popolnoma prilagoditi va\u0161im zahtevam in dimenzijam.<br><\/p>\n<\/div>\n<\/div>\n\n\n\n<figure class=\"wp-block-table is-style-stripes\"><table class=\"has-pale-cyan-blue-background-color has-background\"><tbody><tr><td><\/td><td>Artikel<\/td><\/tr><tr><td>DYFLOW<\/td><td>S.001<\/td><\/tr><\/tbody><\/table><\/figure>\n\n\n\n<figure class=\"wp-block-gallery columns-1 is-cropped wp-block-gallery-2 is-layout-flex wp-block-gallery-is-layout-flex\"><ul class=\"blocks-gallery-grid\"><li class=\"blocks-gallery-item\"><figure><a href=\"https:\/\/valjcne-proge.si\/wp-content\/uploads\/2022\/01\/dimensionsDY.png\"><img loading=\"lazy\" decoding=\"async\" width=\"1024\" height=\"437\" src=\"https:\/\/valjcne-proge.si\/wp-content\/uploads\/2022\/01\/dimensionsDY-1024x437.png\" alt=\"\" data-id=\"616\" data-full-url=\"https:\/\/valjcne-proge.si\/wp-content\/uploads\/2022\/01\/dimensionsDY.png\" data-link=\"https:\/\/valjcne-proge.si\/?attachment_id=616\" class=\"wp-image-616\" srcset=\"https:\/\/valjcne-proge.si\/wp-content\/uploads\/2022\/01\/dimensionsDY-1024x437.png 1024w, https:\/\/valjcne-proge.si\/wp-content\/uploads\/2022\/01\/dimensionsDY-300x128.png 300w, https:\/\/valjcne-proge.si\/wp-content\/uploads\/2022\/01\/dimensionsDY-768x327.png 768w, https:\/\/valjcne-proge.si\/wp-content\/uploads\/2022\/01\/dimensionsDY-1536x655.png 1536w, https:\/\/valjcne-proge.si\/wp-content\/uploads\/2022\/01\/dimensionsDY-228x97.png 228w, https:\/\/valjcne-proge.si\/wp-content\/uploads\/2022\/01\/dimensionsDY.png 1595w\" sizes=\"auto, (max-width: 1024px) 100vw, 1024px\" \/><\/a><\/figure><\/li><\/ul><\/figure>\n","protected":false},"excerpt":{"rendered":"<p>OPIS\u2022 Poenostavljena struktura dinami\u010dnega okvira, z mo\u017enostjo izbire (ali spreminjanja) koli\u010din in vrst minirail valj\u010dnih prog.\u2022 Obesi se neposredno na polico\/strukturo brez vija\u010denja.\u2022 Nosilnost od 330 kg\/m2 (za 2400 mm globine in 890 mm \u0161irine). UPORABA\u2022 Gravitacijsko dinami\u010dna polica.\u2022 Enostavna in hitra monta\u017ea v primerjavi z obi\u010dajnimi sistemi: 70% prihranka pri \u010dasu namestitve.\u2022 Mo\u017enost zamenjave [&hellip;]<\/p>\n","protected":false},"author":1,"featured_media":0,"parent":0,"menu_order":0,"comment_status":"closed","ping_status":"closed","template":"","meta":{"pgc_sgb_lightbox_settings":"","footnotes":""},"class_list":["post-614","page","type-page","status-publish","hentry"],"yoast_head":"<!-- This site is optimized with the Yoast SEO plugin v27.4 - https:\/\/yoast.com\/product\/yoast-seo-wordpress\/ -->\n<title>DYFLOW - valjcne-proge.si<\/title>\n<meta name=\"robots\" content=\"index, follow, max-snippet:-1, max-image-preview:large, max-video-preview:-1\" \/>\n<link rel=\"canonical\" href=\"https:\/\/valjcne-proge.si\/index.php\/dyflow\/\" \/>\n<meta property=\"og:locale\" content=\"en_US\" \/>\n<meta property=\"og:type\" content=\"article\" \/>\n<meta property=\"og:title\" content=\"DYFLOW - valjcne-proge.si\" \/>\n<meta property=\"og:description\" content=\"OPIS\u2022 Poenostavljena struktura dinami\u010dnega okvira, z mo\u017enostjo izbire (ali spreminjanja) koli\u010din in vrst minirail valj\u010dnih prog.\u2022 Obesi se neposredno na polico\/strukturo brez vija\u010denja.\u2022 Nosilnost od 330 kg\/m2 (za 2400 mm globine in 890 mm \u0161irine). UPORABA\u2022 Gravitacijsko dinami\u010dna polica.\u2022 Enostavna in hitra monta\u017ea v primerjavi z obi\u010dajnimi sistemi: 70% prihranka pri \u010dasu namestitve.\u2022 Mo\u017enost zamenjave [&hellip;]\" \/>\n<meta property=\"og:url\" content=\"https:\/\/valjcne-proge.si\/index.php\/dyflow\/\" \/>\n<meta property=\"og:site_name\" content=\"valjcne-proge.si\" \/>\n<meta property=\"article:modified_time\" content=\"2022-01-05T10:36:25+00:00\" \/>\n<meta property=\"og:image\" content=\"https:\/\/valjcne-proge.si\/wp-content\/uploads\/2021\/12\/sistema-dyflow.jpg\" \/>\n<meta name=\"twitter:card\" content=\"summary_large_image\" \/>\n<meta name=\"twitter:label1\" content=\"Est. reading time\" \/>\n\t<meta name=\"twitter:data1\" content=\"1 minute\" \/>\n<script type=\"application\/ld+json\" class=\"yoast-schema-graph\">{\"@context\":\"https:\\\/\\\/schema.org\",\"@graph\":[{\"@type\":\"WebPage\",\"@id\":\"https:\\\/\\\/valjcne-proge.si\\\/index.php\\\/dyflow\\\/\",\"url\":\"https:\\\/\\\/valjcne-proge.si\\\/index.php\\\/dyflow\\\/\",\"name\":\"DYFLOW - valjcne-proge.si\",\"isPartOf\":{\"@id\":\"https:\\\/\\\/valjcne-proge.si\\\/#website\"},\"primaryImageOfPage\":{\"@id\":\"https:\\\/\\\/valjcne-proge.si\\\/index.php\\\/dyflow\\\/#primaryimage\"},\"image\":{\"@id\":\"https:\\\/\\\/valjcne-proge.si\\\/index.php\\\/dyflow\\\/#primaryimage\"},\"thumbnailUrl\":\"https:\\\/\\\/valjcne-proge.si\\\/wp-content\\\/uploads\\\/2021\\\/12\\\/sistema-dyflow.jpg\",\"datePublished\":\"2022-01-05T09:56:17+00:00\",\"dateModified\":\"2022-01-05T10:36:25+00:00\",\"breadcrumb\":{\"@id\":\"https:\\\/\\\/valjcne-proge.si\\\/index.php\\\/dyflow\\\/#breadcrumb\"},\"inLanguage\":\"en-US\",\"potentialAction\":[{\"@type\":\"ReadAction\",\"target\":[\"https:\\\/\\\/valjcne-proge.si\\\/index.php\\\/dyflow\\\/\"]}]},{\"@type\":\"ImageObject\",\"inLanguage\":\"en-US\",\"@id\":\"https:\\\/\\\/valjcne-proge.si\\\/index.php\\\/dyflow\\\/#primaryimage\",\"url\":\"https:\\\/\\\/valjcne-proge.si\\\/wp-content\\\/uploads\\\/2021\\\/12\\\/sistema-dyflow.jpg\",\"contentUrl\":\"https:\\\/\\\/valjcne-proge.si\\\/wp-content\\\/uploads\\\/2021\\\/12\\\/sistema-dyflow.jpg\",\"width\":500,\"height\":500},{\"@type\":\"BreadcrumbList\",\"@id\":\"https:\\\/\\\/valjcne-proge.si\\\/index.php\\\/dyflow\\\/#breadcrumb\",\"itemListElement\":[{\"@type\":\"ListItem\",\"position\":1,\"name\":\"Home\",\"item\":\"https:\\\/\\\/valjcne-proge.si\\\/\"},{\"@type\":\"ListItem\",\"position\":2,\"name\":\"DYFLOW\"}]},{\"@type\":\"WebSite\",\"@id\":\"https:\\\/\\\/valjcne-proge.si\\\/#website\",\"url\":\"https:\\\/\\\/valjcne-proge.si\\\/\",\"name\":\"valjcne-proge.si\",\"description\":\"Najbolj\u0161e valj\u010dne proge na svetu!\",\"publisher\":{\"@id\":\"https:\\\/\\\/valjcne-proge.si\\\/#organization\"},\"potentialAction\":[{\"@type\":\"SearchAction\",\"target\":{\"@type\":\"EntryPoint\",\"urlTemplate\":\"https:\\\/\\\/valjcne-proge.si\\\/?s={search_term_string}\"},\"query-input\":{\"@type\":\"PropertyValueSpecification\",\"valueRequired\":true,\"valueName\":\"search_term_string\"}}],\"inLanguage\":\"en-US\"},{\"@type\":\"Organization\",\"@id\":\"https:\\\/\\\/valjcne-proge.si\\\/#organization\",\"name\":\"valjcne-proge.si\",\"url\":\"https:\\\/\\\/valjcne-proge.si\\\/\",\"logo\":{\"@type\":\"ImageObject\",\"inLanguage\":\"en-US\",\"@id\":\"https:\\\/\\\/valjcne-proge.si\\\/#\\\/schema\\\/logo\\\/image\\\/\",\"url\":\"https:\\\/\\\/valjcne-proge.si\\\/wp-content\\\/uploads\\\/2021\\\/12\\\/cropped-VP-modra-obroba.png\",\"contentUrl\":\"https:\\\/\\\/valjcne-proge.si\\\/wp-content\\\/uploads\\\/2021\\\/12\\\/cropped-VP-modra-obroba.png\",\"width\":462,\"height\":249,\"caption\":\"valjcne-proge.si\"},\"image\":{\"@id\":\"https:\\\/\\\/valjcne-proge.si\\\/#\\\/schema\\\/logo\\\/image\\\/\"}}]}<\/script>\n<!-- \/ Yoast SEO plugin. -->","yoast_head_json":{"title":"DYFLOW - valjcne-proge.si","robots":{"index":"index","follow":"follow","max-snippet":"max-snippet:-1","max-image-preview":"max-image-preview:large","max-video-preview":"max-video-preview:-1"},"canonical":"https:\/\/valjcne-proge.si\/index.php\/dyflow\/","og_locale":"en_US","og_type":"article","og_title":"DYFLOW - valjcne-proge.si","og_description":"OPIS\u2022 Poenostavljena struktura dinami\u010dnega okvira, z mo\u017enostjo izbire (ali spreminjanja) koli\u010din in vrst minirail valj\u010dnih prog.\u2022 Obesi se neposredno na polico\/strukturo brez vija\u010denja.\u2022 Nosilnost od 330 kg\/m2 (za 2400 mm globine in 890 mm \u0161irine). UPORABA\u2022 Gravitacijsko dinami\u010dna polica.\u2022 Enostavna in hitra monta\u017ea v primerjavi z obi\u010dajnimi sistemi: 70% prihranka pri \u010dasu namestitve.\u2022 Mo\u017enost zamenjave [&hellip;]","og_url":"https:\/\/valjcne-proge.si\/index.php\/dyflow\/","og_site_name":"valjcne-proge.si","article_modified_time":"2022-01-05T10:36:25+00:00","og_image":[{"url":"https:\/\/valjcne-proge.si\/wp-content\/uploads\/2021\/12\/sistema-dyflow.jpg","type":"","width":"","height":""}],"twitter_card":"summary_large_image","twitter_misc":{"Est. reading time":"1 minute"},"schema":{"@context":"https:\/\/schema.org","@graph":[{"@type":"WebPage","@id":"https:\/\/valjcne-proge.si\/index.php\/dyflow\/","url":"https:\/\/valjcne-proge.si\/index.php\/dyflow\/","name":"DYFLOW - valjcne-proge.si","isPartOf":{"@id":"https:\/\/valjcne-proge.si\/#website"},"primaryImageOfPage":{"@id":"https:\/\/valjcne-proge.si\/index.php\/dyflow\/#primaryimage"},"image":{"@id":"https:\/\/valjcne-proge.si\/index.php\/dyflow\/#primaryimage"},"thumbnailUrl":"https:\/\/valjcne-proge.si\/wp-content\/uploads\/2021\/12\/sistema-dyflow.jpg","datePublished":"2022-01-05T09:56:17+00:00","dateModified":"2022-01-05T10:36:25+00:00","breadcrumb":{"@id":"https:\/\/valjcne-proge.si\/index.php\/dyflow\/#breadcrumb"},"inLanguage":"en-US","potentialAction":[{"@type":"ReadAction","target":["https:\/\/valjcne-proge.si\/index.php\/dyflow\/"]}]},{"@type":"ImageObject","inLanguage":"en-US","@id":"https:\/\/valjcne-proge.si\/index.php\/dyflow\/#primaryimage","url":"https:\/\/valjcne-proge.si\/wp-content\/uploads\/2021\/12\/sistema-dyflow.jpg","contentUrl":"https:\/\/valjcne-proge.si\/wp-content\/uploads\/2021\/12\/sistema-dyflow.jpg","width":500,"height":500},{"@type":"BreadcrumbList","@id":"https:\/\/valjcne-proge.si\/index.php\/dyflow\/#breadcrumb","itemListElement":[{"@type":"ListItem","position":1,"name":"Home","item":"https:\/\/valjcne-proge.si\/"},{"@type":"ListItem","position":2,"name":"DYFLOW"}]},{"@type":"WebSite","@id":"https:\/\/valjcne-proge.si\/#website","url":"https:\/\/valjcne-proge.si\/","name":"valjcne-proge.si","description":"Najbolj\u0161e valj\u010dne proge na svetu!","publisher":{"@id":"https:\/\/valjcne-proge.si\/#organization"},"potentialAction":[{"@type":"SearchAction","target":{"@type":"EntryPoint","urlTemplate":"https:\/\/valjcne-proge.si\/?s={search_term_string}"},"query-input":{"@type":"PropertyValueSpecification","valueRequired":true,"valueName":"search_term_string"}}],"inLanguage":"en-US"},{"@type":"Organization","@id":"https:\/\/valjcne-proge.si\/#organization","name":"valjcne-proge.si","url":"https:\/\/valjcne-proge.si\/","logo":{"@type":"ImageObject","inLanguage":"en-US","@id":"https:\/\/valjcne-proge.si\/#\/schema\/logo\/image\/","url":"https:\/\/valjcne-proge.si\/wp-content\/uploads\/2021\/12\/cropped-VP-modra-obroba.png","contentUrl":"https:\/\/valjcne-proge.si\/wp-content\/uploads\/2021\/12\/cropped-VP-modra-obroba.png","width":462,"height":249,"caption":"valjcne-proge.si"},"image":{"@id":"https:\/\/valjcne-proge.si\/#\/schema\/logo\/image\/"}}]}},"_links":{"self":[{"href":"https:\/\/valjcne-proge.si\/index.php\/wp-json\/wp\/v2\/pages\/614","targetHints":{"allow":["GET"]}}],"collection":[{"href":"https:\/\/valjcne-proge.si\/index.php\/wp-json\/wp\/v2\/pages"}],"about":[{"href":"https:\/\/valjcne-proge.si\/index.php\/wp-json\/wp\/v2\/types\/page"}],"author":[{"embeddable":true,"href":"https:\/\/valjcne-proge.si\/index.php\/wp-json\/wp\/v2\/users\/1"}],"replies":[{"embeddable":true,"href":"https:\/\/valjcne-proge.si\/index.php\/wp-json\/wp\/v2\/comments?post=614"}],"version-history":[{"count":2,"href":"https:\/\/valjcne-proge.si\/index.php\/wp-json\/wp\/v2\/pages\/614\/revisions"}],"predecessor-version":[{"id":620,"href":"https:\/\/valjcne-proge.si\/index.php\/wp-json\/wp\/v2\/pages\/614\/revisions\/620"}],"wp:attachment":[{"href":"https:\/\/valjcne-proge.si\/index.php\/wp-json\/wp\/v2\/media?parent=614"}],"curies":[{"name":"wp","href":"https:\/\/api.w.org\/{rel}","templated":true}]}}