{"id":587,"date":"2022-01-04T13:41:37","date_gmt":"2022-01-04T13:41:37","guid":{"rendered":"https:\/\/valjcne-proge.si\/?page_id=587"},"modified":"2022-01-04T13:43:36","modified_gmt":"2022-01-04T13:43:36","slug":"kolo-z-zavoro","status":"publish","type":"page","link":"https:\/\/valjcne-proge.si\/index.php\/kolo-z-zavoro\/","title":{"rendered":"KOLO Z ZAVORO"},"content":{"rendered":"\n<div class=\"wp-block-columns alignwide is-layout-flex wp-container-core-columns-is-layout-9d6595d7 wp-block-columns-is-layout-flex\">\n<div class=\"wp-block-column is-layout-flow wp-block-column-is-layout-flow\" style=\"flex-basis:43%\">\n<figure class=\"wp-block-gallery columns-2 is-cropped wp-block-gallery-1 is-layout-flex wp-block-gallery-is-layout-flex\"><ul class=\"blocks-gallery-grid\"><li class=\"blocks-gallery-item\"><figure><a href=\"https:\/\/valjcne-proge.si\/wp-content\/uploads\/2021\/12\/brake-wheel.jpg\"><img loading=\"lazy\" decoding=\"async\" width=\"500\" height=\"600\" src=\"https:\/\/valjcne-proge.si\/wp-content\/uploads\/2021\/12\/brake-wheel.jpg\" alt=\"\" data-id=\"200\" data-full-url=\"https:\/\/valjcne-proge.si\/wp-content\/uploads\/2021\/12\/brake-wheel.jpg\" data-link=\"https:\/\/valjcne-proge.si\/brake-wheel\/\" class=\"wp-image-200\" srcset=\"https:\/\/valjcne-proge.si\/wp-content\/uploads\/2021\/12\/brake-wheel.jpg 500w, https:\/\/valjcne-proge.si\/wp-content\/uploads\/2021\/12\/brake-wheel-250x300.jpg 250w, https:\/\/valjcne-proge.si\/wp-content\/uploads\/2021\/12\/brake-wheel-97x116.jpg 97w\" sizes=\"auto, (max-width: 500px) 100vw, 500px\" \/><\/a><\/figure><\/li><li class=\"blocks-gallery-item\"><figure><a href=\"https:\/\/valjcne-proge.si\/wp-content\/uploads\/2021\/12\/Brake-Wheel-EXEMPLE2-scaled.jpg\"><img loading=\"lazy\" decoding=\"async\" width=\"871\" height=\"1024\" src=\"https:\/\/valjcne-proge.si\/wp-content\/uploads\/2021\/12\/Brake-Wheel-EXEMPLE2-871x1024.jpg\" alt=\"\" data-id=\"202\" data-full-url=\"https:\/\/valjcne-proge.si\/wp-content\/uploads\/2021\/12\/Brake-Wheel-EXEMPLE2-scaled.jpg\" data-link=\"https:\/\/valjcne-proge.si\/brake-wheel-exemple2\/\" class=\"wp-image-202\" srcset=\"https:\/\/valjcne-proge.si\/wp-content\/uploads\/2021\/12\/Brake-Wheel-EXEMPLE2-871x1024.jpg 871w, https:\/\/valjcne-proge.si\/wp-content\/uploads\/2021\/12\/Brake-Wheel-EXEMPLE2-255x300.jpg 255w, https:\/\/valjcne-proge.si\/wp-content\/uploads\/2021\/12\/Brake-Wheel-EXEMPLE2-768x903.jpg 768w, https:\/\/valjcne-proge.si\/wp-content\/uploads\/2021\/12\/Brake-Wheel-EXEMPLE2-1307x1536.jpg 1307w, https:\/\/valjcne-proge.si\/wp-content\/uploads\/2021\/12\/Brake-Wheel-EXEMPLE2-1742x2048.jpg 1742w, https:\/\/valjcne-proge.si\/wp-content\/uploads\/2021\/12\/Brake-Wheel-EXEMPLE2-99x116.jpg 99w\" sizes=\"auto, (max-width: 871px) 100vw, 871px\" \/><\/a><\/figure><\/li><li class=\"blocks-gallery-item\"><figure><a href=\"https:\/\/valjcne-proge.si\/wp-content\/uploads\/2021\/12\/Brake-Wheel-EXEMPLE1-scaled.jpg\"><img loading=\"lazy\" decoding=\"async\" width=\"702\" height=\"1024\" src=\"https:\/\/valjcne-proge.si\/wp-content\/uploads\/2021\/12\/Brake-Wheel-EXEMPLE1-702x1024.jpg\" alt=\"\" data-id=\"201\" data-full-url=\"https:\/\/valjcne-proge.si\/wp-content\/uploads\/2021\/12\/Brake-Wheel-EXEMPLE1-scaled.jpg\" data-link=\"https:\/\/valjcne-proge.si\/brake-wheel-exemple1\/\" class=\"wp-image-201\" srcset=\"https:\/\/valjcne-proge.si\/wp-content\/uploads\/2021\/12\/Brake-Wheel-EXEMPLE1-702x1024.jpg 702w, https:\/\/valjcne-proge.si\/wp-content\/uploads\/2021\/12\/Brake-Wheel-EXEMPLE1-206x300.jpg 206w, https:\/\/valjcne-proge.si\/wp-content\/uploads\/2021\/12\/Brake-Wheel-EXEMPLE1-768x1121.jpg 768w, https:\/\/valjcne-proge.si\/wp-content\/uploads\/2021\/12\/Brake-Wheel-EXEMPLE1-1052x1536.jpg 1052w, https:\/\/valjcne-proge.si\/wp-content\/uploads\/2021\/12\/Brake-Wheel-EXEMPLE1-1403x2048.jpg 1403w, https:\/\/valjcne-proge.si\/wp-content\/uploads\/2021\/12\/Brake-Wheel-EXEMPLE1-79x116.jpg 79w, https:\/\/valjcne-proge.si\/wp-content\/uploads\/2021\/12\/Brake-Wheel-EXEMPLE1-scaled.jpg 1754w\" sizes=\"auto, (max-width: 702px) 100vw, 702px\" \/><\/a><\/figure><\/li><li class=\"blocks-gallery-item\"><figure><a href=\"https:\/\/valjcne-proge.si\/wp-content\/uploads\/2021\/12\/Captura-de-Pantalla-2019-11-05-a-les-16.20.21.png\"><img loading=\"lazy\" decoding=\"async\" width=\"1024\" height=\"563\" src=\"https:\/\/valjcne-proge.si\/wp-content\/uploads\/2021\/12\/Captura-de-Pantalla-2019-11-05-a-les-16.20.21-1024x563.png\" alt=\"\" data-id=\"179\" data-full-url=\"https:\/\/valjcne-proge.si\/wp-content\/uploads\/2021\/12\/Captura-de-Pantalla-2019-11-05-a-les-16.20.21.png\" data-link=\"https:\/\/valjcne-proge.si\/captura-de-pantalla-2019-11-05-a-les-16-20-21\/\" class=\"wp-image-179\" srcset=\"https:\/\/valjcne-proge.si\/wp-content\/uploads\/2021\/12\/Captura-de-Pantalla-2019-11-05-a-les-16.20.21-1024x563.png 1024w, https:\/\/valjcne-proge.si\/wp-content\/uploads\/2021\/12\/Captura-de-Pantalla-2019-11-05-a-les-16.20.21-300x165.png 300w, https:\/\/valjcne-proge.si\/wp-content\/uploads\/2021\/12\/Captura-de-Pantalla-2019-11-05-a-les-16.20.21-768x422.png 768w, https:\/\/valjcne-proge.si\/wp-content\/uploads\/2021\/12\/Captura-de-Pantalla-2019-11-05-a-les-16.20.21-211x116.png 211w, https:\/\/valjcne-proge.si\/wp-content\/uploads\/2021\/12\/Captura-de-Pantalla-2019-11-05-a-les-16.20.21.png 1337w\" sizes=\"auto, (max-width: 1024px) 100vw, 1024px\" \/><\/a><\/figure><\/li><\/ul><\/figure>\n<\/div>\n\n\n\n<div class=\"wp-block-column is-layout-flow wp-block-column-is-layout-flow\" style=\"flex-basis:57%\">\n<p><strong>OPIS<\/strong><br>\u2022 Za zaviranje uporablja mehansko zavoro.<br><\/p>\n\n\n\n<p><strong>UPORABA<\/strong><br>\u2022 Zmanj\u0161a hitrost drsenja do 0,3 m\/s.<br>\u2022 Delovna temperatura med -30\u00b0C in +80\u00b0C.<br> proizvodnega mesta.<br>\u2022 Hitra in enostavna namestitev v profil s posebnim orodjem (art. AV004)<br>\u2022 Gladko zaviranje vzdol\u017e proge u\u010dinkuje in pomaga prepre\u010diti tr\u010denje blaga, zlasti na dolgih odsekih. <br>\u2022 Prepre\u010duje, da bi se blago ustavilo na sredinskih to\u010dkah globoko v dobavnih poteh.<br><\/p>\n<\/div>\n<\/div>\n","protected":false},"excerpt":{"rendered":"<p>OPIS\u2022 Za zaviranje uporablja mehansko zavoro. UPORABA\u2022 Zmanj\u0161a hitrost drsenja do 0,3 m\/s.\u2022 Delovna temperatura med -30\u00b0C in +80\u00b0C. proizvodnega mesta.\u2022 Hitra in enostavna namestitev v profil s posebnim orodjem (art. AV004)\u2022 Gladko zaviranje vzdol\u017e proge u\u010dinkuje in pomaga prepre\u010diti tr\u010denje blaga, zlasti na dolgih odsekih. \u2022 Prepre\u010duje, da bi se blago ustavilo na sredinskih [&hellip;]<\/p>\n","protected":false},"author":1,"featured_media":0,"parent":0,"menu_order":0,"comment_status":"closed","ping_status":"closed","template":"","meta":{"pgc_sgb_lightbox_settings":"","footnotes":""},"class_list":["post-587","page","type-page","status-publish","hentry"],"yoast_head":"<!-- This site is optimized with the Yoast SEO plugin v27.4 - https:\/\/yoast.com\/product\/yoast-seo-wordpress\/ -->\n<title>KOLO Z ZAVORO - valjcne-proge.si<\/title>\n<meta name=\"robots\" content=\"index, follow, max-snippet:-1, max-image-preview:large, max-video-preview:-1\" \/>\n<link rel=\"canonical\" href=\"https:\/\/valjcne-proge.si\/index.php\/kolo-z-zavoro\/\" \/>\n<meta property=\"og:locale\" content=\"en_US\" \/>\n<meta property=\"og:type\" content=\"article\" \/>\n<meta property=\"og:title\" content=\"KOLO Z ZAVORO - valjcne-proge.si\" \/>\n<meta property=\"og:description\" content=\"OPIS\u2022 Za zaviranje uporablja mehansko zavoro. UPORABA\u2022 Zmanj\u0161a hitrost drsenja do 0,3 m\/s.\u2022 Delovna temperatura med -30\u00b0C in +80\u00b0C. proizvodnega mesta.\u2022 Hitra in enostavna namestitev v profil s posebnim orodjem (art. AV004)\u2022 Gladko zaviranje vzdol\u017e proge u\u010dinkuje in pomaga prepre\u010diti tr\u010denje blaga, zlasti na dolgih odsekih. \u2022 Prepre\u010duje, da bi se blago ustavilo na sredinskih [&hellip;]\" \/>\n<meta property=\"og:url\" content=\"https:\/\/valjcne-proge.si\/index.php\/kolo-z-zavoro\/\" \/>\n<meta property=\"og:site_name\" content=\"valjcne-proge.si\" \/>\n<meta property=\"article:modified_time\" content=\"2022-01-04T13:43:36+00:00\" \/>\n<meta property=\"og:image\" content=\"https:\/\/valjcne-proge.si\/wp-content\/uploads\/2021\/12\/brake-wheel.jpg\" \/>\n<meta name=\"twitter:card\" content=\"summary_large_image\" \/>\n<meta name=\"twitter:label1\" content=\"Est. reading time\" \/>\n\t<meta name=\"twitter:data1\" content=\"2 minutes\" \/>\n<script type=\"application\/ld+json\" class=\"yoast-schema-graph\">{\"@context\":\"https:\\\/\\\/schema.org\",\"@graph\":[{\"@type\":\"WebPage\",\"@id\":\"https:\\\/\\\/valjcne-proge.si\\\/index.php\\\/kolo-z-zavoro\\\/\",\"url\":\"https:\\\/\\\/valjcne-proge.si\\\/index.php\\\/kolo-z-zavoro\\\/\",\"name\":\"KOLO Z ZAVORO - valjcne-proge.si\",\"isPartOf\":{\"@id\":\"https:\\\/\\\/valjcne-proge.si\\\/#website\"},\"primaryImageOfPage\":{\"@id\":\"https:\\\/\\\/valjcne-proge.si\\\/index.php\\\/kolo-z-zavoro\\\/#primaryimage\"},\"image\":{\"@id\":\"https:\\\/\\\/valjcne-proge.si\\\/index.php\\\/kolo-z-zavoro\\\/#primaryimage\"},\"thumbnailUrl\":\"https:\\\/\\\/valjcne-proge.si\\\/wp-content\\\/uploads\\\/2021\\\/12\\\/brake-wheel.jpg\",\"datePublished\":\"2022-01-04T13:41:37+00:00\",\"dateModified\":\"2022-01-04T13:43:36+00:00\",\"breadcrumb\":{\"@id\":\"https:\\\/\\\/valjcne-proge.si\\\/index.php\\\/kolo-z-zavoro\\\/#breadcrumb\"},\"inLanguage\":\"en-US\",\"potentialAction\":[{\"@type\":\"ReadAction\",\"target\":[\"https:\\\/\\\/valjcne-proge.si\\\/index.php\\\/kolo-z-zavoro\\\/\"]}]},{\"@type\":\"ImageObject\",\"inLanguage\":\"en-US\",\"@id\":\"https:\\\/\\\/valjcne-proge.si\\\/index.php\\\/kolo-z-zavoro\\\/#primaryimage\",\"url\":\"https:\\\/\\\/valjcne-proge.si\\\/wp-content\\\/uploads\\\/2021\\\/12\\\/brake-wheel.jpg\",\"contentUrl\":\"https:\\\/\\\/valjcne-proge.si\\\/wp-content\\\/uploads\\\/2021\\\/12\\\/brake-wheel.jpg\",\"width\":500,\"height\":600},{\"@type\":\"BreadcrumbList\",\"@id\":\"https:\\\/\\\/valjcne-proge.si\\\/index.php\\\/kolo-z-zavoro\\\/#breadcrumb\",\"itemListElement\":[{\"@type\":\"ListItem\",\"position\":1,\"name\":\"Home\",\"item\":\"https:\\\/\\\/valjcne-proge.si\\\/\"},{\"@type\":\"ListItem\",\"position\":2,\"name\":\"KOLO Z ZAVORO\"}]},{\"@type\":\"WebSite\",\"@id\":\"https:\\\/\\\/valjcne-proge.si\\\/#website\",\"url\":\"https:\\\/\\\/valjcne-proge.si\\\/\",\"name\":\"valjcne-proge.si\",\"description\":\"Najbolj\u0161e valj\u010dne proge na svetu!\",\"publisher\":{\"@id\":\"https:\\\/\\\/valjcne-proge.si\\\/#organization\"},\"potentialAction\":[{\"@type\":\"SearchAction\",\"target\":{\"@type\":\"EntryPoint\",\"urlTemplate\":\"https:\\\/\\\/valjcne-proge.si\\\/?s={search_term_string}\"},\"query-input\":{\"@type\":\"PropertyValueSpecification\",\"valueRequired\":true,\"valueName\":\"search_term_string\"}}],\"inLanguage\":\"en-US\"},{\"@type\":\"Organization\",\"@id\":\"https:\\\/\\\/valjcne-proge.si\\\/#organization\",\"name\":\"valjcne-proge.si\",\"url\":\"https:\\\/\\\/valjcne-proge.si\\\/\",\"logo\":{\"@type\":\"ImageObject\",\"inLanguage\":\"en-US\",\"@id\":\"https:\\\/\\\/valjcne-proge.si\\\/#\\\/schema\\\/logo\\\/image\\\/\",\"url\":\"https:\\\/\\\/valjcne-proge.si\\\/wp-content\\\/uploads\\\/2021\\\/12\\\/cropped-VP-modra-obroba.png\",\"contentUrl\":\"https:\\\/\\\/valjcne-proge.si\\\/wp-content\\\/uploads\\\/2021\\\/12\\\/cropped-VP-modra-obroba.png\",\"width\":462,\"height\":249,\"caption\":\"valjcne-proge.si\"},\"image\":{\"@id\":\"https:\\\/\\\/valjcne-proge.si\\\/#\\\/schema\\\/logo\\\/image\\\/\"}}]}<\/script>\n<!-- \/ Yoast SEO plugin. -->","yoast_head_json":{"title":"KOLO Z ZAVORO - valjcne-proge.si","robots":{"index":"index","follow":"follow","max-snippet":"max-snippet:-1","max-image-preview":"max-image-preview:large","max-video-preview":"max-video-preview:-1"},"canonical":"https:\/\/valjcne-proge.si\/index.php\/kolo-z-zavoro\/","og_locale":"en_US","og_type":"article","og_title":"KOLO Z ZAVORO - valjcne-proge.si","og_description":"OPIS\u2022 Za zaviranje uporablja mehansko zavoro. UPORABA\u2022 Zmanj\u0161a hitrost drsenja do 0,3 m\/s.\u2022 Delovna temperatura med -30\u00b0C in +80\u00b0C. proizvodnega mesta.\u2022 Hitra in enostavna namestitev v profil s posebnim orodjem (art. AV004)\u2022 Gladko zaviranje vzdol\u017e proge u\u010dinkuje in pomaga prepre\u010diti tr\u010denje blaga, zlasti na dolgih odsekih. \u2022 Prepre\u010duje, da bi se blago ustavilo na sredinskih [&hellip;]","og_url":"https:\/\/valjcne-proge.si\/index.php\/kolo-z-zavoro\/","og_site_name":"valjcne-proge.si","article_modified_time":"2022-01-04T13:43:36+00:00","og_image":[{"url":"https:\/\/valjcne-proge.si\/wp-content\/uploads\/2021\/12\/brake-wheel.jpg","type":"","width":"","height":""}],"twitter_card":"summary_large_image","twitter_misc":{"Est. reading time":"2 minutes"},"schema":{"@context":"https:\/\/schema.org","@graph":[{"@type":"WebPage","@id":"https:\/\/valjcne-proge.si\/index.php\/kolo-z-zavoro\/","url":"https:\/\/valjcne-proge.si\/index.php\/kolo-z-zavoro\/","name":"KOLO Z ZAVORO - valjcne-proge.si","isPartOf":{"@id":"https:\/\/valjcne-proge.si\/#website"},"primaryImageOfPage":{"@id":"https:\/\/valjcne-proge.si\/index.php\/kolo-z-zavoro\/#primaryimage"},"image":{"@id":"https:\/\/valjcne-proge.si\/index.php\/kolo-z-zavoro\/#primaryimage"},"thumbnailUrl":"https:\/\/valjcne-proge.si\/wp-content\/uploads\/2021\/12\/brake-wheel.jpg","datePublished":"2022-01-04T13:41:37+00:00","dateModified":"2022-01-04T13:43:36+00:00","breadcrumb":{"@id":"https:\/\/valjcne-proge.si\/index.php\/kolo-z-zavoro\/#breadcrumb"},"inLanguage":"en-US","potentialAction":[{"@type":"ReadAction","target":["https:\/\/valjcne-proge.si\/index.php\/kolo-z-zavoro\/"]}]},{"@type":"ImageObject","inLanguage":"en-US","@id":"https:\/\/valjcne-proge.si\/index.php\/kolo-z-zavoro\/#primaryimage","url":"https:\/\/valjcne-proge.si\/wp-content\/uploads\/2021\/12\/brake-wheel.jpg","contentUrl":"https:\/\/valjcne-proge.si\/wp-content\/uploads\/2021\/12\/brake-wheel.jpg","width":500,"height":600},{"@type":"BreadcrumbList","@id":"https:\/\/valjcne-proge.si\/index.php\/kolo-z-zavoro\/#breadcrumb","itemListElement":[{"@type":"ListItem","position":1,"name":"Home","item":"https:\/\/valjcne-proge.si\/"},{"@type":"ListItem","position":2,"name":"KOLO Z ZAVORO"}]},{"@type":"WebSite","@id":"https:\/\/valjcne-proge.si\/#website","url":"https:\/\/valjcne-proge.si\/","name":"valjcne-proge.si","description":"Najbolj\u0161e valj\u010dne proge na svetu!","publisher":{"@id":"https:\/\/valjcne-proge.si\/#organization"},"potentialAction":[{"@type":"SearchAction","target":{"@type":"EntryPoint","urlTemplate":"https:\/\/valjcne-proge.si\/?s={search_term_string}"},"query-input":{"@type":"PropertyValueSpecification","valueRequired":true,"valueName":"search_term_string"}}],"inLanguage":"en-US"},{"@type":"Organization","@id":"https:\/\/valjcne-proge.si\/#organization","name":"valjcne-proge.si","url":"https:\/\/valjcne-proge.si\/","logo":{"@type":"ImageObject","inLanguage":"en-US","@id":"https:\/\/valjcne-proge.si\/#\/schema\/logo\/image\/","url":"https:\/\/valjcne-proge.si\/wp-content\/uploads\/2021\/12\/cropped-VP-modra-obroba.png","contentUrl":"https:\/\/valjcne-proge.si\/wp-content\/uploads\/2021\/12\/cropped-VP-modra-obroba.png","width":462,"height":249,"caption":"valjcne-proge.si"},"image":{"@id":"https:\/\/valjcne-proge.si\/#\/schema\/logo\/image\/"}}]}},"_links":{"self":[{"href":"https:\/\/valjcne-proge.si\/index.php\/wp-json\/wp\/v2\/pages\/587","targetHints":{"allow":["GET"]}}],"collection":[{"href":"https:\/\/valjcne-proge.si\/index.php\/wp-json\/wp\/v2\/pages"}],"about":[{"href":"https:\/\/valjcne-proge.si\/index.php\/wp-json\/wp\/v2\/types\/page"}],"author":[{"embeddable":true,"href":"https:\/\/valjcne-proge.si\/index.php\/wp-json\/wp\/v2\/users\/1"}],"replies":[{"embeddable":true,"href":"https:\/\/valjcne-proge.si\/index.php\/wp-json\/wp\/v2\/comments?post=587"}],"version-history":[{"count":2,"href":"https:\/\/valjcne-proge.si\/index.php\/wp-json\/wp\/v2\/pages\/587\/revisions"}],"predecessor-version":[{"id":591,"href":"https:\/\/valjcne-proge.si\/index.php\/wp-json\/wp\/v2\/pages\/587\/revisions\/591"}],"wp:attachment":[{"href":"https:\/\/valjcne-proge.si\/index.php\/wp-json\/wp\/v2\/media?parent=587"}],"curies":[{"name":"wp","href":"https:\/\/api.w.org\/{rel}","templated":true}]}}