{"id":580,"date":"2022-01-04T13:27:30","date_gmt":"2022-01-04T13:27:30","guid":{"rendered":"https:\/\/valjcne-proge.si\/?page_id=580"},"modified":"2022-01-04T13:41:06","modified_gmt":"2022-01-04T13:41:06","slug":"univerzalni-pritrdilni-element","status":"publish","type":"page","link":"https:\/\/valjcne-proge.si\/index.php\/univerzalni-pritrdilni-element\/","title":{"rendered":"UNIVERZALNI PRITRDILNI ELEMENT"},"content":{"rendered":"\n<div class=\"wp-block-columns alignwide is-layout-flex wp-container-core-columns-is-layout-9d6595d7 wp-block-columns-is-layout-flex\">\n<div class=\"wp-block-column is-layout-flow wp-block-column-is-layout-flow\" style=\"flex-basis:43%\">\n<figure class=\"wp-block-gallery aligncenter columns-2 is-cropped wp-block-gallery-1 is-layout-flex wp-block-gallery-is-layout-flex\"><ul class=\"blocks-gallery-grid\"><li class=\"blocks-gallery-item\"><figure><a href=\"https:\/\/valjcne-proge.si\/wp-content\/uploads\/2021\/12\/uf1.jpg\"><img loading=\"lazy\" decoding=\"async\" width=\"500\" height=\"600\" src=\"https:\/\/valjcne-proge.si\/wp-content\/uploads\/2021\/12\/uf1.jpg\" alt=\"\" data-id=\"192\" data-full-url=\"https:\/\/valjcne-proge.si\/wp-content\/uploads\/2021\/12\/uf1.jpg\" data-link=\"https:\/\/valjcne-proge.si\/uf1\/\" class=\"wp-image-192\" srcset=\"https:\/\/valjcne-proge.si\/wp-content\/uploads\/2021\/12\/uf1.jpg 500w, https:\/\/valjcne-proge.si\/wp-content\/uploads\/2021\/12\/uf1-250x300.jpg 250w, https:\/\/valjcne-proge.si\/wp-content\/uploads\/2021\/12\/uf1-97x116.jpg 97w\" sizes=\"auto, (max-width: 500px) 100vw, 500px\" \/><\/a><\/figure><\/li><li class=\"blocks-gallery-item\"><figure><a href=\"https:\/\/valjcne-proge.si\/wp-content\/uploads\/2021\/12\/UF-EXEMPLE1.jpg\"><img loading=\"lazy\" decoding=\"async\" width=\"1024\" height=\"703\" src=\"https:\/\/valjcne-proge.si\/wp-content\/uploads\/2021\/12\/UF-EXEMPLE1-1024x703.jpg\" alt=\"\" data-id=\"193\" data-full-url=\"https:\/\/valjcne-proge.si\/wp-content\/uploads\/2021\/12\/UF-EXEMPLE1.jpg\" data-link=\"https:\/\/valjcne-proge.si\/uf-exemple1\/\" class=\"wp-image-193\" srcset=\"https:\/\/valjcne-proge.si\/wp-content\/uploads\/2021\/12\/UF-EXEMPLE1-1024x703.jpg 1024w, https:\/\/valjcne-proge.si\/wp-content\/uploads\/2021\/12\/UF-EXEMPLE1-300x206.jpg 300w, https:\/\/valjcne-proge.si\/wp-content\/uploads\/2021\/12\/UF-EXEMPLE1-768x528.jpg 768w, https:\/\/valjcne-proge.si\/wp-content\/uploads\/2021\/12\/UF-EXEMPLE1-169x116.jpg 169w, https:\/\/valjcne-proge.si\/wp-content\/uploads\/2021\/12\/UF-EXEMPLE1.jpg 1364w\" sizes=\"auto, (max-width: 1024px) 100vw, 1024px\" \/><\/a><\/figure><\/li><li class=\"blocks-gallery-item\"><figure><a href=\"https:\/\/valjcne-proge.si\/wp-content\/uploads\/2021\/12\/UF-EXEMPLE2.jpg\"><img loading=\"lazy\" decoding=\"async\" width=\"1024\" height=\"739\" src=\"https:\/\/valjcne-proge.si\/wp-content\/uploads\/2021\/12\/UF-EXEMPLE2-1024x739.jpg\" alt=\"\" data-id=\"194\" data-full-url=\"https:\/\/valjcne-proge.si\/wp-content\/uploads\/2021\/12\/UF-EXEMPLE2.jpg\" data-link=\"https:\/\/valjcne-proge.si\/uf-exemple2\/\" class=\"wp-image-194\" srcset=\"https:\/\/valjcne-proge.si\/wp-content\/uploads\/2021\/12\/UF-EXEMPLE2-1024x739.jpg 1024w, https:\/\/valjcne-proge.si\/wp-content\/uploads\/2021\/12\/UF-EXEMPLE2-300x216.jpg 300w, https:\/\/valjcne-proge.si\/wp-content\/uploads\/2021\/12\/UF-EXEMPLE2-768x554.jpg 768w, https:\/\/valjcne-proge.si\/wp-content\/uploads\/2021\/12\/UF-EXEMPLE2-1536x1108.jpg 1536w, https:\/\/valjcne-proge.si\/wp-content\/uploads\/2021\/12\/UF-EXEMPLE2-161x116.jpg 161w, https:\/\/valjcne-proge.si\/wp-content\/uploads\/2021\/12\/UF-EXEMPLE2.jpg 1692w\" sizes=\"auto, (max-width: 1024px) 100vw, 1024px\" \/><\/a><\/figure><\/li><li class=\"blocks-gallery-item\"><figure><a href=\"https:\/\/valjcne-proge.si\/wp-content\/uploads\/2021\/12\/G-UF.jpg\"><img loading=\"lazy\" decoding=\"async\" width=\"1024\" height=\"977\" src=\"https:\/\/valjcne-proge.si\/wp-content\/uploads\/2021\/12\/G-UF-1024x977.jpg\" alt=\"\" data-id=\"220\" data-full-url=\"https:\/\/valjcne-proge.si\/wp-content\/uploads\/2021\/12\/G-UF.jpg\" data-link=\"https:\/\/valjcne-proge.si\/g-uf\/\" class=\"wp-image-220\" srcset=\"https:\/\/valjcne-proge.si\/wp-content\/uploads\/2021\/12\/G-UF-1024x977.jpg 1024w, https:\/\/valjcne-proge.si\/wp-content\/uploads\/2021\/12\/G-UF-300x286.jpg 300w, https:\/\/valjcne-proge.si\/wp-content\/uploads\/2021\/12\/G-UF-768x733.jpg 768w, https:\/\/valjcne-proge.si\/wp-content\/uploads\/2021\/12\/G-UF-1536x1466.jpg 1536w, https:\/\/valjcne-proge.si\/wp-content\/uploads\/2021\/12\/G-UF-122x116.jpg 122w, https:\/\/valjcne-proge.si\/wp-content\/uploads\/2021\/12\/G-UF.jpg 1889w\" sizes=\"auto, (max-width: 1024px) 100vw, 1024px\" \/><\/a><\/figure><\/li><li class=\"blocks-gallery-item\"><figure><a href=\"https:\/\/valjcne-proge.si\/wp-content\/uploads\/2022\/01\/G-UF-EXEMPLE1.jpeg\"><img loading=\"lazy\" decoding=\"async\" width=\"1024\" height=\"948\" src=\"https:\/\/valjcne-proge.si\/wp-content\/uploads\/2022\/01\/G-UF-EXEMPLE1-1024x948.jpeg\" alt=\"\" data-id=\"581\" data-full-url=\"https:\/\/valjcne-proge.si\/wp-content\/uploads\/2022\/01\/G-UF-EXEMPLE1.jpeg\" data-link=\"https:\/\/valjcne-proge.si\/g-uf-exemple1\/\" class=\"wp-image-581\" srcset=\"https:\/\/valjcne-proge.si\/wp-content\/uploads\/2022\/01\/G-UF-EXEMPLE1-1024x948.jpeg 1024w, https:\/\/valjcne-proge.si\/wp-content\/uploads\/2022\/01\/G-UF-EXEMPLE1-300x278.jpeg 300w, https:\/\/valjcne-proge.si\/wp-content\/uploads\/2022\/01\/G-UF-EXEMPLE1-768x711.jpeg 768w, https:\/\/valjcne-proge.si\/wp-content\/uploads\/2022\/01\/G-UF-EXEMPLE1-1536x1422.jpeg 1536w, https:\/\/valjcne-proge.si\/wp-content\/uploads\/2022\/01\/G-UF-EXEMPLE1-2048x1896.jpeg 2048w, https:\/\/valjcne-proge.si\/wp-content\/uploads\/2022\/01\/G-UF-EXEMPLE1-125x116.jpeg 125w\" sizes=\"auto, (max-width: 1024px) 100vw, 1024px\" \/><\/a><\/figure><\/li><li class=\"blocks-gallery-item\"><figure><a href=\"https:\/\/valjcne-proge.si\/wp-content\/uploads\/2022\/01\/G-UF-EXEMPLE2-scaled.jpeg\"><img loading=\"lazy\" decoding=\"async\" width=\"1024\" height=\"768\" src=\"https:\/\/valjcne-proge.si\/wp-content\/uploads\/2022\/01\/G-UF-EXEMPLE2-1024x768.jpeg\" alt=\"\" data-id=\"582\" data-full-url=\"https:\/\/valjcne-proge.si\/wp-content\/uploads\/2022\/01\/G-UF-EXEMPLE2-scaled.jpeg\" data-link=\"https:\/\/valjcne-proge.si\/g-uf-exemple2\/\" class=\"wp-image-582\" srcset=\"https:\/\/valjcne-proge.si\/wp-content\/uploads\/2022\/01\/G-UF-EXEMPLE2-1024x768.jpeg 1024w, https:\/\/valjcne-proge.si\/wp-content\/uploads\/2022\/01\/G-UF-EXEMPLE2-300x225.jpeg 300w, https:\/\/valjcne-proge.si\/wp-content\/uploads\/2022\/01\/G-UF-EXEMPLE2-768x576.jpeg 768w, https:\/\/valjcne-proge.si\/wp-content\/uploads\/2022\/01\/G-UF-EXEMPLE2-1536x1152.jpeg 1536w, https:\/\/valjcne-proge.si\/wp-content\/uploads\/2022\/01\/G-UF-EXEMPLE2-2048x1536.jpeg 2048w, https:\/\/valjcne-proge.si\/wp-content\/uploads\/2022\/01\/G-UF-EXEMPLE2-155x116.jpeg 155w\" sizes=\"auto, (max-width: 1024px) 100vw, 1024px\" \/><\/a><\/figure><\/li><\/ul><\/figure>\n<\/div>\n\n\n\n<div class=\"wp-block-column is-layout-flow wp-block-column-is-layout-flow\" style=\"flex-basis:57%\">\n<p><strong>UPORABA<\/strong><br>\u2022 Namesti se lahko v ve\u010dino tr\u017enih regalov.<br>\u2022 Vodoravni polo\u017eaj proge lahko spremenite s stranskimi premiki, brez demonta\u017ee.<br>\u2022 Mo\u017enost pritrjevanja s prirobnico ali najlonskim Velcro trakom, mo\u017enost razli\u010dnih barv.<br> \u2022 Ne zavzema bo\u010dnega prostora, ko so tirnice name\u0161\u010dene. To omogo\u010da stransko odlaganje, bolj\u0161o povr\u0161ino in bolj\u0161i kotalni stik z izdelkom\/paketom.<br>\u2022 Dinami\u010dna struktura okvirja ni potrebna, za veliko ni\u017ejo ceno dobite enako re\u0161itev.<br>\u2022 Omogo\u010da rahlo spreminjanje naklona, dviganje ali spu\u0161\u010danje sprednjega oziroma zadnjega dela stojala\/regala.<br> \u2022 Prenese obremenitev do 350 kg na sponko. To pomeni do 700 kg na progi z dvema vrstama valj\u010dnih prog (minirail).<br>\u2022 Kraj\u0161i \u010das namestitve za monterje, ni\u017eji stro\u0161ki namestitve sistema v primerjavi z njegovim izbolj\u0161anim ekonomskim u\u010dinkom.<br><\/p>\n<\/div>\n<\/div>\n\n\n\n<figure class=\"wp-block-table is-style-stripes\"><table class=\"has-black-color has-pale-cyan-blue-background-color has-text-color has-background\"><tbody><tr><td class=\"has-text-align-center\" data-align=\"center\">Tip<\/td><td class=\"has-text-align-center\" data-align=\"center\">Tip<br>artikel<\/td><td class=\"has-text-align-center\" data-align=\"center\">kg\/m<\/td><\/tr><tr><td class=\"has-text-align-center\" data-align=\"center\">UF1<\/td><td class=\"has-text-align-center\" data-align=\"center\">AF004<\/td><td class=\"has-text-align-center\" data-align=\"center\">0,0047<\/td><\/tr><tr><td class=\"has-text-align-center\" data-align=\"center\">UF2<\/td><td class=\"has-text-align-center\" data-align=\"center\">AF005<\/td><td class=\"has-text-align-center\" data-align=\"center\">0,0053<\/td><\/tr><tr><td class=\"has-text-align-center\" data-align=\"center\">G UF<\/td><td class=\"has-text-align-center\" data-align=\"center\">AF006<\/td><td class=\"has-text-align-center\" data-align=\"center\">0,005<\/td><\/tr><\/tbody><\/table><\/figure>\n","protected":false},"excerpt":{"rendered":"<p>UPORABA\u2022 Namesti se lahko v ve\u010dino tr\u017enih regalov.\u2022 Vodoravni polo\u017eaj proge lahko spremenite s stranskimi premiki, brez demonta\u017ee.\u2022 Mo\u017enost pritrjevanja s prirobnico ali najlonskim Velcro trakom, mo\u017enost razli\u010dnih barv. \u2022 Ne zavzema bo\u010dnega prostora, ko so tirnice name\u0161\u010dene. To omogo\u010da stransko odlaganje, bolj\u0161o povr\u0161ino in bolj\u0161i kotalni stik z izdelkom\/paketom.\u2022 Dinami\u010dna struktura okvirja ni potrebna, [&hellip;]<\/p>\n","protected":false},"author":1,"featured_media":0,"parent":0,"menu_order":0,"comment_status":"closed","ping_status":"closed","template":"","meta":{"pgc_sgb_lightbox_settings":"","footnotes":""},"class_list":["post-580","page","type-page","status-publish","hentry"],"yoast_head":"<!-- This site is optimized with the Yoast SEO plugin v27.4 - https:\/\/yoast.com\/product\/yoast-seo-wordpress\/ -->\n<title>UNIVERZALNI PRITRDILNI ELEMENT - valjcne-proge.si<\/title>\n<meta name=\"robots\" content=\"index, follow, max-snippet:-1, max-image-preview:large, max-video-preview:-1\" \/>\n<link rel=\"canonical\" href=\"https:\/\/valjcne-proge.si\/index.php\/univerzalni-pritrdilni-element\/\" \/>\n<meta property=\"og:locale\" content=\"en_US\" \/>\n<meta property=\"og:type\" content=\"article\" \/>\n<meta property=\"og:title\" content=\"UNIVERZALNI PRITRDILNI ELEMENT - valjcne-proge.si\" \/>\n<meta property=\"og:description\" content=\"UPORABA\u2022 Namesti se lahko v ve\u010dino tr\u017enih regalov.\u2022 Vodoravni polo\u017eaj proge lahko spremenite s stranskimi premiki, brez demonta\u017ee.\u2022 Mo\u017enost pritrjevanja s prirobnico ali najlonskim Velcro trakom, mo\u017enost razli\u010dnih barv. \u2022 Ne zavzema bo\u010dnega prostora, ko so tirnice name\u0161\u010dene. To omogo\u010da stransko odlaganje, bolj\u0161o povr\u0161ino in bolj\u0161i kotalni stik z izdelkom\/paketom.\u2022 Dinami\u010dna struktura okvirja ni potrebna, [&hellip;]\" \/>\n<meta property=\"og:url\" content=\"https:\/\/valjcne-proge.si\/index.php\/univerzalni-pritrdilni-element\/\" \/>\n<meta property=\"og:site_name\" content=\"valjcne-proge.si\" \/>\n<meta property=\"article:modified_time\" content=\"2022-01-04T13:41:06+00:00\" \/>\n<meta property=\"og:image\" content=\"https:\/\/valjcne-proge.si\/wp-content\/uploads\/2021\/12\/uf1.jpg\" \/>\n<meta name=\"twitter:card\" content=\"summary_large_image\" \/>\n<meta name=\"twitter:label1\" content=\"Est. reading time\" \/>\n\t<meta name=\"twitter:data1\" content=\"2 minutes\" \/>\n<script type=\"application\/ld+json\" class=\"yoast-schema-graph\">{\"@context\":\"https:\\\/\\\/schema.org\",\"@graph\":[{\"@type\":\"WebPage\",\"@id\":\"https:\\\/\\\/valjcne-proge.si\\\/index.php\\\/univerzalni-pritrdilni-element\\\/\",\"url\":\"https:\\\/\\\/valjcne-proge.si\\\/index.php\\\/univerzalni-pritrdilni-element\\\/\",\"name\":\"UNIVERZALNI PRITRDILNI ELEMENT - valjcne-proge.si\",\"isPartOf\":{\"@id\":\"https:\\\/\\\/valjcne-proge.si\\\/#website\"},\"primaryImageOfPage\":{\"@id\":\"https:\\\/\\\/valjcne-proge.si\\\/index.php\\\/univerzalni-pritrdilni-element\\\/#primaryimage\"},\"image\":{\"@id\":\"https:\\\/\\\/valjcne-proge.si\\\/index.php\\\/univerzalni-pritrdilni-element\\\/#primaryimage\"},\"thumbnailUrl\":\"https:\\\/\\\/valjcne-proge.si\\\/wp-content\\\/uploads\\\/2021\\\/12\\\/uf1.jpg\",\"datePublished\":\"2022-01-04T13:27:30+00:00\",\"dateModified\":\"2022-01-04T13:41:06+00:00\",\"breadcrumb\":{\"@id\":\"https:\\\/\\\/valjcne-proge.si\\\/index.php\\\/univerzalni-pritrdilni-element\\\/#breadcrumb\"},\"inLanguage\":\"en-US\",\"potentialAction\":[{\"@type\":\"ReadAction\",\"target\":[\"https:\\\/\\\/valjcne-proge.si\\\/index.php\\\/univerzalni-pritrdilni-element\\\/\"]}]},{\"@type\":\"ImageObject\",\"inLanguage\":\"en-US\",\"@id\":\"https:\\\/\\\/valjcne-proge.si\\\/index.php\\\/univerzalni-pritrdilni-element\\\/#primaryimage\",\"url\":\"https:\\\/\\\/valjcne-proge.si\\\/wp-content\\\/uploads\\\/2021\\\/12\\\/uf1.jpg\",\"contentUrl\":\"https:\\\/\\\/valjcne-proge.si\\\/wp-content\\\/uploads\\\/2021\\\/12\\\/uf1.jpg\",\"width\":500,\"height\":600},{\"@type\":\"BreadcrumbList\",\"@id\":\"https:\\\/\\\/valjcne-proge.si\\\/index.php\\\/univerzalni-pritrdilni-element\\\/#breadcrumb\",\"itemListElement\":[{\"@type\":\"ListItem\",\"position\":1,\"name\":\"Home\",\"item\":\"https:\\\/\\\/valjcne-proge.si\\\/\"},{\"@type\":\"ListItem\",\"position\":2,\"name\":\"UNIVERZALNI PRITRDILNI ELEMENT\"}]},{\"@type\":\"WebSite\",\"@id\":\"https:\\\/\\\/valjcne-proge.si\\\/#website\",\"url\":\"https:\\\/\\\/valjcne-proge.si\\\/\",\"name\":\"valjcne-proge.si\",\"description\":\"Najbolj\u0161e valj\u010dne proge na svetu!\",\"publisher\":{\"@id\":\"https:\\\/\\\/valjcne-proge.si\\\/#organization\"},\"potentialAction\":[{\"@type\":\"SearchAction\",\"target\":{\"@type\":\"EntryPoint\",\"urlTemplate\":\"https:\\\/\\\/valjcne-proge.si\\\/?s={search_term_string}\"},\"query-input\":{\"@type\":\"PropertyValueSpecification\",\"valueRequired\":true,\"valueName\":\"search_term_string\"}}],\"inLanguage\":\"en-US\"},{\"@type\":\"Organization\",\"@id\":\"https:\\\/\\\/valjcne-proge.si\\\/#organization\",\"name\":\"valjcne-proge.si\",\"url\":\"https:\\\/\\\/valjcne-proge.si\\\/\",\"logo\":{\"@type\":\"ImageObject\",\"inLanguage\":\"en-US\",\"@id\":\"https:\\\/\\\/valjcne-proge.si\\\/#\\\/schema\\\/logo\\\/image\\\/\",\"url\":\"https:\\\/\\\/valjcne-proge.si\\\/wp-content\\\/uploads\\\/2021\\\/12\\\/cropped-VP-modra-obroba.png\",\"contentUrl\":\"https:\\\/\\\/valjcne-proge.si\\\/wp-content\\\/uploads\\\/2021\\\/12\\\/cropped-VP-modra-obroba.png\",\"width\":462,\"height\":249,\"caption\":\"valjcne-proge.si\"},\"image\":{\"@id\":\"https:\\\/\\\/valjcne-proge.si\\\/#\\\/schema\\\/logo\\\/image\\\/\"}}]}<\/script>\n<!-- \/ Yoast SEO plugin. -->","yoast_head_json":{"title":"UNIVERZALNI PRITRDILNI ELEMENT - valjcne-proge.si","robots":{"index":"index","follow":"follow","max-snippet":"max-snippet:-1","max-image-preview":"max-image-preview:large","max-video-preview":"max-video-preview:-1"},"canonical":"https:\/\/valjcne-proge.si\/index.php\/univerzalni-pritrdilni-element\/","og_locale":"en_US","og_type":"article","og_title":"UNIVERZALNI PRITRDILNI ELEMENT - valjcne-proge.si","og_description":"UPORABA\u2022 Namesti se lahko v ve\u010dino tr\u017enih regalov.\u2022 Vodoravni polo\u017eaj proge lahko spremenite s stranskimi premiki, brez demonta\u017ee.\u2022 Mo\u017enost pritrjevanja s prirobnico ali najlonskim Velcro trakom, mo\u017enost razli\u010dnih barv. \u2022 Ne zavzema bo\u010dnega prostora, ko so tirnice name\u0161\u010dene. To omogo\u010da stransko odlaganje, bolj\u0161o povr\u0161ino in bolj\u0161i kotalni stik z izdelkom\/paketom.\u2022 Dinami\u010dna struktura okvirja ni potrebna, [&hellip;]","og_url":"https:\/\/valjcne-proge.si\/index.php\/univerzalni-pritrdilni-element\/","og_site_name":"valjcne-proge.si","article_modified_time":"2022-01-04T13:41:06+00:00","og_image":[{"url":"https:\/\/valjcne-proge.si\/wp-content\/uploads\/2021\/12\/uf1.jpg","type":"","width":"","height":""}],"twitter_card":"summary_large_image","twitter_misc":{"Est. reading time":"2 minutes"},"schema":{"@context":"https:\/\/schema.org","@graph":[{"@type":"WebPage","@id":"https:\/\/valjcne-proge.si\/index.php\/univerzalni-pritrdilni-element\/","url":"https:\/\/valjcne-proge.si\/index.php\/univerzalni-pritrdilni-element\/","name":"UNIVERZALNI PRITRDILNI ELEMENT - valjcne-proge.si","isPartOf":{"@id":"https:\/\/valjcne-proge.si\/#website"},"primaryImageOfPage":{"@id":"https:\/\/valjcne-proge.si\/index.php\/univerzalni-pritrdilni-element\/#primaryimage"},"image":{"@id":"https:\/\/valjcne-proge.si\/index.php\/univerzalni-pritrdilni-element\/#primaryimage"},"thumbnailUrl":"https:\/\/valjcne-proge.si\/wp-content\/uploads\/2021\/12\/uf1.jpg","datePublished":"2022-01-04T13:27:30+00:00","dateModified":"2022-01-04T13:41:06+00:00","breadcrumb":{"@id":"https:\/\/valjcne-proge.si\/index.php\/univerzalni-pritrdilni-element\/#breadcrumb"},"inLanguage":"en-US","potentialAction":[{"@type":"ReadAction","target":["https:\/\/valjcne-proge.si\/index.php\/univerzalni-pritrdilni-element\/"]}]},{"@type":"ImageObject","inLanguage":"en-US","@id":"https:\/\/valjcne-proge.si\/index.php\/univerzalni-pritrdilni-element\/#primaryimage","url":"https:\/\/valjcne-proge.si\/wp-content\/uploads\/2021\/12\/uf1.jpg","contentUrl":"https:\/\/valjcne-proge.si\/wp-content\/uploads\/2021\/12\/uf1.jpg","width":500,"height":600},{"@type":"BreadcrumbList","@id":"https:\/\/valjcne-proge.si\/index.php\/univerzalni-pritrdilni-element\/#breadcrumb","itemListElement":[{"@type":"ListItem","position":1,"name":"Home","item":"https:\/\/valjcne-proge.si\/"},{"@type":"ListItem","position":2,"name":"UNIVERZALNI PRITRDILNI ELEMENT"}]},{"@type":"WebSite","@id":"https:\/\/valjcne-proge.si\/#website","url":"https:\/\/valjcne-proge.si\/","name":"valjcne-proge.si","description":"Najbolj\u0161e valj\u010dne proge na svetu!","publisher":{"@id":"https:\/\/valjcne-proge.si\/#organization"},"potentialAction":[{"@type":"SearchAction","target":{"@type":"EntryPoint","urlTemplate":"https:\/\/valjcne-proge.si\/?s={search_term_string}"},"query-input":{"@type":"PropertyValueSpecification","valueRequired":true,"valueName":"search_term_string"}}],"inLanguage":"en-US"},{"@type":"Organization","@id":"https:\/\/valjcne-proge.si\/#organization","name":"valjcne-proge.si","url":"https:\/\/valjcne-proge.si\/","logo":{"@type":"ImageObject","inLanguage":"en-US","@id":"https:\/\/valjcne-proge.si\/#\/schema\/logo\/image\/","url":"https:\/\/valjcne-proge.si\/wp-content\/uploads\/2021\/12\/cropped-VP-modra-obroba.png","contentUrl":"https:\/\/valjcne-proge.si\/wp-content\/uploads\/2021\/12\/cropped-VP-modra-obroba.png","width":462,"height":249,"caption":"valjcne-proge.si"},"image":{"@id":"https:\/\/valjcne-proge.si\/#\/schema\/logo\/image\/"}}]}},"_links":{"self":[{"href":"https:\/\/valjcne-proge.si\/index.php\/wp-json\/wp\/v2\/pages\/580","targetHints":{"allow":["GET"]}}],"collection":[{"href":"https:\/\/valjcne-proge.si\/index.php\/wp-json\/wp\/v2\/pages"}],"about":[{"href":"https:\/\/valjcne-proge.si\/index.php\/wp-json\/wp\/v2\/types\/page"}],"author":[{"embeddable":true,"href":"https:\/\/valjcne-proge.si\/index.php\/wp-json\/wp\/v2\/users\/1"}],"replies":[{"embeddable":true,"href":"https:\/\/valjcne-proge.si\/index.php\/wp-json\/wp\/v2\/comments?post=580"}],"version-history":[{"count":3,"href":"https:\/\/valjcne-proge.si\/index.php\/wp-json\/wp\/v2\/pages\/580\/revisions"}],"predecessor-version":[{"id":588,"href":"https:\/\/valjcne-proge.si\/index.php\/wp-json\/wp\/v2\/pages\/580\/revisions\/588"}],"wp:attachment":[{"href":"https:\/\/valjcne-proge.si\/index.php\/wp-json\/wp\/v2\/media?parent=580"}],"curies":[{"name":"wp","href":"https:\/\/api.w.org\/{rel}","templated":true}]}}