{"id":577,"date":"2022-01-04T13:04:02","date_gmt":"2022-01-04T13:04:02","guid":{"rendered":"https:\/\/valjcne-proge.si\/?page_id=577"},"modified":"2022-01-04T13:04:42","modified_gmt":"2022-01-04T13:04:42","slug":"zakljucni-cep-valjcne-proge","status":"publish","type":"page","link":"https:\/\/valjcne-proge.si\/index.php\/zakljucni-cep-valjcne-proge\/","title":{"rendered":"ZAKLJU\u010cNI \u010cEP VALJ\u010cNE PROGE"},"content":{"rendered":"\n<div class=\"wp-block-columns alignwide is-layout-flex wp-container-core-columns-is-layout-9d6595d7 wp-block-columns-is-layout-flex\">\n<div class=\"wp-block-column is-layout-flow wp-block-column-is-layout-flow\" style=\"flex-basis:43%\">\n<figure class=\"wp-block-gallery columns-2 is-cropped wp-block-gallery-1 is-layout-flex wp-block-gallery-is-layout-flex\"><ul class=\"blocks-gallery-grid\"><li class=\"blocks-gallery-item\"><figure><a href=\"https:\/\/valjcne-proge.si\/wp-content\/uploads\/2021\/12\/tapon-superior-1.jpg\"><img loading=\"lazy\" decoding=\"async\" width=\"500\" height=\"600\" src=\"https:\/\/valjcne-proge.si\/wp-content\/uploads\/2021\/12\/tapon-superior-1.jpg\" alt=\"\" data-id=\"279\" data-full-url=\"https:\/\/valjcne-proge.si\/wp-content\/uploads\/2021\/12\/tapon-superior-1.jpg\" data-link=\"https:\/\/valjcne-proge.si\/tapon-superior-1\/\" class=\"wp-image-279\" srcset=\"https:\/\/valjcne-proge.si\/wp-content\/uploads\/2021\/12\/tapon-superior-1.jpg 500w, https:\/\/valjcne-proge.si\/wp-content\/uploads\/2021\/12\/tapon-superior-1-250x300.jpg 250w, https:\/\/valjcne-proge.si\/wp-content\/uploads\/2021\/12\/tapon-superior-1-97x116.jpg 97w\" sizes=\"auto, (max-width: 500px) 100vw, 500px\" \/><\/a><\/figure><\/li><li class=\"blocks-gallery-item\"><figure><a href=\"https:\/\/valjcne-proge.si\/wp-content\/uploads\/2021\/12\/TAP-MUNTAT-MINICARRIL-scaled.jpg\"><img loading=\"lazy\" decoding=\"async\" width=\"1024\" height=\"375\" src=\"https:\/\/valjcne-proge.si\/wp-content\/uploads\/2021\/12\/TAP-MUNTAT-MINICARRIL-1024x375.jpg\" alt=\"\" data-id=\"278\" data-full-url=\"https:\/\/valjcne-proge.si\/wp-content\/uploads\/2021\/12\/TAP-MUNTAT-MINICARRIL-scaled.jpg\" data-link=\"https:\/\/valjcne-proge.si\/tap-muntat-minicarril\/\" class=\"wp-image-278\" srcset=\"https:\/\/valjcne-proge.si\/wp-content\/uploads\/2021\/12\/TAP-MUNTAT-MINICARRIL-1024x375.jpg 1024w, https:\/\/valjcne-proge.si\/wp-content\/uploads\/2021\/12\/TAP-MUNTAT-MINICARRIL-300x110.jpg 300w, https:\/\/valjcne-proge.si\/wp-content\/uploads\/2021\/12\/TAP-MUNTAT-MINICARRIL-768x281.jpg 768w, https:\/\/valjcne-proge.si\/wp-content\/uploads\/2021\/12\/TAP-MUNTAT-MINICARRIL-1536x563.jpg 1536w, https:\/\/valjcne-proge.si\/wp-content\/uploads\/2021\/12\/TAP-MUNTAT-MINICARRIL-2048x750.jpg 2048w, https:\/\/valjcne-proge.si\/wp-content\/uploads\/2021\/12\/TAP-MUNTAT-MINICARRIL-228x84.jpg 228w\" sizes=\"auto, (max-width: 1024px) 100vw, 1024px\" \/><\/a><\/figure><\/li><li class=\"blocks-gallery-item\"><figure><a href=\"https:\/\/valjcne-proge.si\/wp-content\/uploads\/2021\/12\/TAP-MUNTAT-GUIA.jpg\"><img loading=\"lazy\" decoding=\"async\" width=\"1024\" height=\"682\" src=\"https:\/\/valjcne-proge.si\/wp-content\/uploads\/2021\/12\/TAP-MUNTAT-GUIA-1024x682.jpg\" alt=\"\" data-id=\"277\" data-full-url=\"https:\/\/valjcne-proge.si\/wp-content\/uploads\/2021\/12\/TAP-MUNTAT-GUIA.jpg\" data-link=\"https:\/\/valjcne-proge.si\/tap-muntat-guia\/\" class=\"wp-image-277\" srcset=\"https:\/\/valjcne-proge.si\/wp-content\/uploads\/2021\/12\/TAP-MUNTAT-GUIA-1024x682.jpg 1024w, https:\/\/valjcne-proge.si\/wp-content\/uploads\/2021\/12\/TAP-MUNTAT-GUIA-300x200.jpg 300w, https:\/\/valjcne-proge.si\/wp-content\/uploads\/2021\/12\/TAP-MUNTAT-GUIA-768x511.jpg 768w, https:\/\/valjcne-proge.si\/wp-content\/uploads\/2021\/12\/TAP-MUNTAT-GUIA-1536x1022.jpg 1536w, https:\/\/valjcne-proge.si\/wp-content\/uploads\/2021\/12\/TAP-MUNTAT-GUIA-750x500.jpg 750w, https:\/\/valjcne-proge.si\/wp-content\/uploads\/2021\/12\/TAP-MUNTAT-GUIA-174x116.jpg 174w, https:\/\/valjcne-proge.si\/wp-content\/uploads\/2021\/12\/TAP-MUNTAT-GUIA.jpg 1989w\" sizes=\"auto, (max-width: 1024px) 100vw, 1024px\" \/><\/a><\/figure><\/li><\/ul><\/figure>\n<\/div>\n\n\n\n<div class=\"wp-block-column is-layout-flow wp-block-column-is-layout-flow\" style=\"flex-basis:57%\">\n<p><strong>OPIS<\/strong><br>\u2022 Varnostni za\u0161\u010ditni element za delovno mesto.<br>\u2022 Dobavljive izvedbe za zaklju\u010dek kovinskega ali plasti\u010dnega profila, kot tudi zaklju\u010dki plasti\u010dnih vodil (vodilo C).<br>\u2022 Enostavna monta\u017ea.<br>\u2022 Narejen iz biorazgradljive plastike.<br><\/p>\n<\/div>\n<\/div>\n\n\n\n<figure class=\"wp-block-table is-style-stripes\"><table class=\"has-pale-cyan-blue-background-color has-background\"><tbody><tr><td><\/td><td>Artikel<\/td><td>kg\/kos<\/td><\/tr><tr><td>Zama\u0161ek<\/td><td>AV001<\/td><td>0,010<\/td><\/tr><\/tbody><\/table><\/figure>\n","protected":false},"excerpt":{"rendered":"<p>OPIS\u2022 Varnostni za\u0161\u010ditni element za delovno mesto.\u2022 Dobavljive izvedbe za zaklju\u010dek kovinskega ali plasti\u010dnega profila, kot tudi zaklju\u010dki plasti\u010dnih vodil (vodilo C).\u2022 Enostavna monta\u017ea.\u2022 Narejen iz biorazgradljive plastike. Artikel kg\/kos Zama\u0161ek AV001 0,010<\/p>\n","protected":false},"author":1,"featured_media":0,"parent":0,"menu_order":0,"comment_status":"closed","ping_status":"closed","template":"","meta":{"pgc_sgb_lightbox_settings":"","footnotes":""},"class_list":["post-577","page","type-page","status-publish","hentry"],"yoast_head":"<!-- This site is optimized with the Yoast SEO plugin v27.4 - https:\/\/yoast.com\/product\/yoast-seo-wordpress\/ -->\n<title>ZAKLJU\u010cNI \u010cEP VALJ\u010cNE PROGE - valjcne-proge.si<\/title>\n<meta name=\"robots\" content=\"index, follow, max-snippet:-1, max-image-preview:large, max-video-preview:-1\" \/>\n<link rel=\"canonical\" href=\"https:\/\/valjcne-proge.si\/index.php\/zakljucni-cep-valjcne-proge\/\" \/>\n<meta property=\"og:locale\" content=\"en_US\" \/>\n<meta property=\"og:type\" content=\"article\" \/>\n<meta property=\"og:title\" content=\"ZAKLJU\u010cNI \u010cEP VALJ\u010cNE PROGE - valjcne-proge.si\" \/>\n<meta property=\"og:description\" content=\"OPIS\u2022 Varnostni za\u0161\u010ditni element za delovno mesto.\u2022 Dobavljive izvedbe za zaklju\u010dek kovinskega ali plasti\u010dnega profila, kot tudi zaklju\u010dki plasti\u010dnih vodil (vodilo C).\u2022 Enostavna monta\u017ea.\u2022 Narejen iz biorazgradljive plastike. Artikel kg\/kos Zama\u0161ek AV001 0,010\" \/>\n<meta property=\"og:url\" content=\"https:\/\/valjcne-proge.si\/index.php\/zakljucni-cep-valjcne-proge\/\" \/>\n<meta property=\"og:site_name\" content=\"valjcne-proge.si\" \/>\n<meta property=\"article:modified_time\" content=\"2022-01-04T13:04:42+00:00\" \/>\n<meta property=\"og:image\" content=\"https:\/\/valjcne-proge.si\/wp-content\/uploads\/2021\/12\/tapon-superior-1.jpg\" \/>\n<meta name=\"twitter:card\" content=\"summary_large_image\" \/>\n<meta name=\"twitter:label1\" content=\"Est. reading time\" \/>\n\t<meta name=\"twitter:data1\" content=\"1 minute\" \/>\n<script type=\"application\/ld+json\" class=\"yoast-schema-graph\">{\"@context\":\"https:\\\/\\\/schema.org\",\"@graph\":[{\"@type\":\"WebPage\",\"@id\":\"https:\\\/\\\/valjcne-proge.si\\\/index.php\\\/zakljucni-cep-valjcne-proge\\\/\",\"url\":\"https:\\\/\\\/valjcne-proge.si\\\/index.php\\\/zakljucni-cep-valjcne-proge\\\/\",\"name\":\"ZAKLJU\u010cNI \u010cEP VALJ\u010cNE PROGE - valjcne-proge.si\",\"isPartOf\":{\"@id\":\"https:\\\/\\\/valjcne-proge.si\\\/#website\"},\"primaryImageOfPage\":{\"@id\":\"https:\\\/\\\/valjcne-proge.si\\\/index.php\\\/zakljucni-cep-valjcne-proge\\\/#primaryimage\"},\"image\":{\"@id\":\"https:\\\/\\\/valjcne-proge.si\\\/index.php\\\/zakljucni-cep-valjcne-proge\\\/#primaryimage\"},\"thumbnailUrl\":\"https:\\\/\\\/valjcne-proge.si\\\/wp-content\\\/uploads\\\/2021\\\/12\\\/tapon-superior-1.jpg\",\"datePublished\":\"2022-01-04T13:04:02+00:00\",\"dateModified\":\"2022-01-04T13:04:42+00:00\",\"breadcrumb\":{\"@id\":\"https:\\\/\\\/valjcne-proge.si\\\/index.php\\\/zakljucni-cep-valjcne-proge\\\/#breadcrumb\"},\"inLanguage\":\"en-US\",\"potentialAction\":[{\"@type\":\"ReadAction\",\"target\":[\"https:\\\/\\\/valjcne-proge.si\\\/index.php\\\/zakljucni-cep-valjcne-proge\\\/\"]}]},{\"@type\":\"ImageObject\",\"inLanguage\":\"en-US\",\"@id\":\"https:\\\/\\\/valjcne-proge.si\\\/index.php\\\/zakljucni-cep-valjcne-proge\\\/#primaryimage\",\"url\":\"https:\\\/\\\/valjcne-proge.si\\\/wp-content\\\/uploads\\\/2021\\\/12\\\/tapon-superior-1.jpg\",\"contentUrl\":\"https:\\\/\\\/valjcne-proge.si\\\/wp-content\\\/uploads\\\/2021\\\/12\\\/tapon-superior-1.jpg\",\"width\":500,\"height\":600},{\"@type\":\"BreadcrumbList\",\"@id\":\"https:\\\/\\\/valjcne-proge.si\\\/index.php\\\/zakljucni-cep-valjcne-proge\\\/#breadcrumb\",\"itemListElement\":[{\"@type\":\"ListItem\",\"position\":1,\"name\":\"Home\",\"item\":\"https:\\\/\\\/valjcne-proge.si\\\/\"},{\"@type\":\"ListItem\",\"position\":2,\"name\":\"ZAKLJU\u010cNI \u010cEP VALJ\u010cNE PROGE\"}]},{\"@type\":\"WebSite\",\"@id\":\"https:\\\/\\\/valjcne-proge.si\\\/#website\",\"url\":\"https:\\\/\\\/valjcne-proge.si\\\/\",\"name\":\"valjcne-proge.si\",\"description\":\"Najbolj\u0161e valj\u010dne proge na svetu!\",\"publisher\":{\"@id\":\"https:\\\/\\\/valjcne-proge.si\\\/#organization\"},\"potentialAction\":[{\"@type\":\"SearchAction\",\"target\":{\"@type\":\"EntryPoint\",\"urlTemplate\":\"https:\\\/\\\/valjcne-proge.si\\\/?s={search_term_string}\"},\"query-input\":{\"@type\":\"PropertyValueSpecification\",\"valueRequired\":true,\"valueName\":\"search_term_string\"}}],\"inLanguage\":\"en-US\"},{\"@type\":\"Organization\",\"@id\":\"https:\\\/\\\/valjcne-proge.si\\\/#organization\",\"name\":\"valjcne-proge.si\",\"url\":\"https:\\\/\\\/valjcne-proge.si\\\/\",\"logo\":{\"@type\":\"ImageObject\",\"inLanguage\":\"en-US\",\"@id\":\"https:\\\/\\\/valjcne-proge.si\\\/#\\\/schema\\\/logo\\\/image\\\/\",\"url\":\"https:\\\/\\\/valjcne-proge.si\\\/wp-content\\\/uploads\\\/2021\\\/12\\\/cropped-VP-modra-obroba.png\",\"contentUrl\":\"https:\\\/\\\/valjcne-proge.si\\\/wp-content\\\/uploads\\\/2021\\\/12\\\/cropped-VP-modra-obroba.png\",\"width\":462,\"height\":249,\"caption\":\"valjcne-proge.si\"},\"image\":{\"@id\":\"https:\\\/\\\/valjcne-proge.si\\\/#\\\/schema\\\/logo\\\/image\\\/\"}}]}<\/script>\n<!-- \/ Yoast SEO plugin. -->","yoast_head_json":{"title":"ZAKLJU\u010cNI \u010cEP VALJ\u010cNE PROGE - valjcne-proge.si","robots":{"index":"index","follow":"follow","max-snippet":"max-snippet:-1","max-image-preview":"max-image-preview:large","max-video-preview":"max-video-preview:-1"},"canonical":"https:\/\/valjcne-proge.si\/index.php\/zakljucni-cep-valjcne-proge\/","og_locale":"en_US","og_type":"article","og_title":"ZAKLJU\u010cNI \u010cEP VALJ\u010cNE PROGE - valjcne-proge.si","og_description":"OPIS\u2022 Varnostni za\u0161\u010ditni element za delovno mesto.\u2022 Dobavljive izvedbe za zaklju\u010dek kovinskega ali plasti\u010dnega profila, kot tudi zaklju\u010dki plasti\u010dnih vodil (vodilo C).\u2022 Enostavna monta\u017ea.\u2022 Narejen iz biorazgradljive plastike. Artikel kg\/kos Zama\u0161ek AV001 0,010","og_url":"https:\/\/valjcne-proge.si\/index.php\/zakljucni-cep-valjcne-proge\/","og_site_name":"valjcne-proge.si","article_modified_time":"2022-01-04T13:04:42+00:00","og_image":[{"url":"https:\/\/valjcne-proge.si\/wp-content\/uploads\/2021\/12\/tapon-superior-1.jpg","type":"","width":"","height":""}],"twitter_card":"summary_large_image","twitter_misc":{"Est. reading time":"1 minute"},"schema":{"@context":"https:\/\/schema.org","@graph":[{"@type":"WebPage","@id":"https:\/\/valjcne-proge.si\/index.php\/zakljucni-cep-valjcne-proge\/","url":"https:\/\/valjcne-proge.si\/index.php\/zakljucni-cep-valjcne-proge\/","name":"ZAKLJU\u010cNI \u010cEP VALJ\u010cNE PROGE - valjcne-proge.si","isPartOf":{"@id":"https:\/\/valjcne-proge.si\/#website"},"primaryImageOfPage":{"@id":"https:\/\/valjcne-proge.si\/index.php\/zakljucni-cep-valjcne-proge\/#primaryimage"},"image":{"@id":"https:\/\/valjcne-proge.si\/index.php\/zakljucni-cep-valjcne-proge\/#primaryimage"},"thumbnailUrl":"https:\/\/valjcne-proge.si\/wp-content\/uploads\/2021\/12\/tapon-superior-1.jpg","datePublished":"2022-01-04T13:04:02+00:00","dateModified":"2022-01-04T13:04:42+00:00","breadcrumb":{"@id":"https:\/\/valjcne-proge.si\/index.php\/zakljucni-cep-valjcne-proge\/#breadcrumb"},"inLanguage":"en-US","potentialAction":[{"@type":"ReadAction","target":["https:\/\/valjcne-proge.si\/index.php\/zakljucni-cep-valjcne-proge\/"]}]},{"@type":"ImageObject","inLanguage":"en-US","@id":"https:\/\/valjcne-proge.si\/index.php\/zakljucni-cep-valjcne-proge\/#primaryimage","url":"https:\/\/valjcne-proge.si\/wp-content\/uploads\/2021\/12\/tapon-superior-1.jpg","contentUrl":"https:\/\/valjcne-proge.si\/wp-content\/uploads\/2021\/12\/tapon-superior-1.jpg","width":500,"height":600},{"@type":"BreadcrumbList","@id":"https:\/\/valjcne-proge.si\/index.php\/zakljucni-cep-valjcne-proge\/#breadcrumb","itemListElement":[{"@type":"ListItem","position":1,"name":"Home","item":"https:\/\/valjcne-proge.si\/"},{"@type":"ListItem","position":2,"name":"ZAKLJU\u010cNI \u010cEP VALJ\u010cNE PROGE"}]},{"@type":"WebSite","@id":"https:\/\/valjcne-proge.si\/#website","url":"https:\/\/valjcne-proge.si\/","name":"valjcne-proge.si","description":"Najbolj\u0161e valj\u010dne proge na svetu!","publisher":{"@id":"https:\/\/valjcne-proge.si\/#organization"},"potentialAction":[{"@type":"SearchAction","target":{"@type":"EntryPoint","urlTemplate":"https:\/\/valjcne-proge.si\/?s={search_term_string}"},"query-input":{"@type":"PropertyValueSpecification","valueRequired":true,"valueName":"search_term_string"}}],"inLanguage":"en-US"},{"@type":"Organization","@id":"https:\/\/valjcne-proge.si\/#organization","name":"valjcne-proge.si","url":"https:\/\/valjcne-proge.si\/","logo":{"@type":"ImageObject","inLanguage":"en-US","@id":"https:\/\/valjcne-proge.si\/#\/schema\/logo\/image\/","url":"https:\/\/valjcne-proge.si\/wp-content\/uploads\/2021\/12\/cropped-VP-modra-obroba.png","contentUrl":"https:\/\/valjcne-proge.si\/wp-content\/uploads\/2021\/12\/cropped-VP-modra-obroba.png","width":462,"height":249,"caption":"valjcne-proge.si"},"image":{"@id":"https:\/\/valjcne-proge.si\/#\/schema\/logo\/image\/"}}]}},"_links":{"self":[{"href":"https:\/\/valjcne-proge.si\/index.php\/wp-json\/wp\/v2\/pages\/577","targetHints":{"allow":["GET"]}}],"collection":[{"href":"https:\/\/valjcne-proge.si\/index.php\/wp-json\/wp\/v2\/pages"}],"about":[{"href":"https:\/\/valjcne-proge.si\/index.php\/wp-json\/wp\/v2\/types\/page"}],"author":[{"embeddable":true,"href":"https:\/\/valjcne-proge.si\/index.php\/wp-json\/wp\/v2\/users\/1"}],"replies":[{"embeddable":true,"href":"https:\/\/valjcne-proge.si\/index.php\/wp-json\/wp\/v2\/comments?post=577"}],"version-history":[{"count":1,"href":"https:\/\/valjcne-proge.si\/index.php\/wp-json\/wp\/v2\/pages\/577\/revisions"}],"predecessor-version":[{"id":579,"href":"https:\/\/valjcne-proge.si\/index.php\/wp-json\/wp\/v2\/pages\/577\/revisions\/579"}],"wp:attachment":[{"href":"https:\/\/valjcne-proge.si\/index.php\/wp-json\/wp\/v2\/media?parent=577"}],"curies":[{"name":"wp","href":"https:\/\/api.w.org\/{rel}","templated":true}]}}