{"id":532,"date":"2022-01-04T09:49:17","date_gmt":"2022-01-04T09:49:17","guid":{"rendered":"https:\/\/valjcne-proge.si\/?page_id=532"},"modified":"2022-01-04T09:50:16","modified_gmt":"2022-01-04T09:50:16","slug":"bele-proge-iz-umetnih-mas","status":"publish","type":"page","link":"https:\/\/valjcne-proge.si\/index.php\/bele-proge-iz-umetnih-mas\/","title":{"rendered":"BELE PROGE IZ UMETNIH MAS"},"content":{"rendered":"\n<div class=\"wp-block-columns alignwide is-layout-flex wp-container-core-columns-is-layout-9d6595d7 wp-block-columns-is-layout-flex\">\n<div class=\"wp-block-column is-layout-flow wp-block-column-is-layout-flow\" style=\"flex-basis:43%\">\n<figure class=\"wp-block-gallery columns-1 is-cropped wp-block-gallery-1 is-layout-flex wp-block-gallery-is-layout-flex\"><ul class=\"blocks-gallery-grid\"><li class=\"blocks-gallery-item\"><figure><a href=\"https:\/\/valjcne-proge.si\/wp-content\/uploads\/2021\/12\/carril-plastico.jpg\"><img loading=\"lazy\" decoding=\"async\" width=\"500\" height=\"600\" src=\"https:\/\/valjcne-proge.si\/wp-content\/uploads\/2021\/12\/carril-plastico.jpg\" alt=\"\" data-id=\"204\" class=\"wp-image-204\" srcset=\"https:\/\/valjcne-proge.si\/wp-content\/uploads\/2021\/12\/carril-plastico.jpg 500w, https:\/\/valjcne-proge.si\/wp-content\/uploads\/2021\/12\/carril-plastico-250x300.jpg 250w, https:\/\/valjcne-proge.si\/wp-content\/uploads\/2021\/12\/carril-plastico-97x116.jpg 97w\" sizes=\"auto, (max-width: 500px) 100vw, 500px\" \/><\/a><\/figure><\/li><\/ul><\/figure>\n<\/div>\n\n\n\n<div class=\"wp-block-column is-layout-flow wp-block-column-is-layout-flow\" style=\"flex-basis:57%\">\n<p><strong>OPIS<\/strong><br>\u2022 Patent proge je v teku.<br>\u2022 Razdalja med luknjami 16,5 mm za monta\u017eo vseh tipov koles (deljena, standardna, s prirobnico).<br>\u2022 Mo\u017ena monta\u017ea modrega, hermeti\u010dno zaprtega kolesa z vbrizgano antibakterijsko komponento. Modra barva kolesa omogo\u010di hitrej\u0161e odkrivanje ne\u010disto\u010d in ostankov zaradi lastnosti proizvoda, kemikalij, ipd. Posebej primerno za \u017eivilskopredelovalno ali farmacevtsko industrijo, \u010diste prostore,&#8230; .<br>\u2022 Najve\u010dja dol\u017eina profila: 4.500 mm.<br>\u2022 Naklon pretoka: 3,5 %, odvisno od vrste \u0161katle.<br>\u2022 Mo\u017enost lukenj za odtekanje teko\u010din v profilu (90 mm).<br>\u2022 Nerjave\u010de jeklo ASC GL03 ali polipropilen.<br><\/p>\n\n\n\n<p><strong>UPORABA<\/strong><br>\u2022 Gravitacijsko drsenje vseh vrst \u0161katel &#8211; kartonski tok (carton flow).<br>\u2022 Povezave med delovnimi postajami.<br>\u2022 Direktna povezava za oskrbo proizvodnega mesta.<br>\u2022 Pretok materiala na stroje.  postajami.<br>\u2022 \u017divilskopredelovalna industrija: kot asepti\u010den element je primerna za stik s hrano.<br>\u2022 Farmacija: uporaba v \u010distih prostorih in pretok blaga v \u010distih okoljih.<br>\u2022 Vrtnarstvo: enostavno \u010di\u0161\u010denje.<br>\u2022 Slanost: ne poslab\u0161a ali vpliva na delovanje.<br>\u2022 Ti\u0161je delovanje.<br><\/p>\n\n\n\n<p>Nosilnosti valj\u010dnih prog je treba prilagoditi ob upo\u0161tevanju to\u010dke upogiba pred deformacijo profila. Priporo\u010den je podporni element na vsakih 500 mm dol\u017eine profila. <\/p>\n<\/div>\n<\/div>\n\n\n\n<p class=\"has-text-align-center\">Veliko razli\u010dnih kombinacij nam daje mo\u017enost prilagoditve potrebam prav vsakega kupca. <\/p>\n\n\n\n<p class=\"has-text-align-center\">Za vas bomo pripravili prilagojeno ponudbo glede na va\u0161e zahteve, pi\u0161ite nam na <a href=\"mailto:info@valjcne-proge.si\">info@valjcne-proge.si<\/a><\/p>\n\n\n\n<div class=\"wp-block-image is-style-default\"><figure class=\"aligncenter size-full\"><img loading=\"lazy\" decoding=\"async\" width=\"619\" height=\"423\" src=\"https:\/\/valjcne-proge.si\/wp-content\/uploads\/2021\/12\/dimensions5.png\" alt=\"\" class=\"wp-image-184\" srcset=\"https:\/\/valjcne-proge.si\/wp-content\/uploads\/2021\/12\/dimensions5.png 619w, https:\/\/valjcne-proge.si\/wp-content\/uploads\/2021\/12\/dimensions5-300x205.png 300w, https:\/\/valjcne-proge.si\/wp-content\/uploads\/2021\/12\/dimensions5-170x116.png 170w\" sizes=\"auto, (max-width: 619px) 100vw, 619px\" \/><\/figure><\/div>\n\n\n\n<p><\/p>\n","protected":false},"excerpt":{"rendered":"<p>OPIS\u2022 Patent proge je v teku.\u2022 Razdalja med luknjami 16,5 mm za monta\u017eo vseh tipov koles (deljena, standardna, s prirobnico).\u2022 Mo\u017ena monta\u017ea modrega, hermeti\u010dno zaprtega kolesa z vbrizgano antibakterijsko komponento. Modra barva kolesa omogo\u010di hitrej\u0161e odkrivanje ne\u010disto\u010d in ostankov zaradi lastnosti proizvoda, kemikalij, ipd. Posebej primerno za \u017eivilskopredelovalno ali farmacevtsko industrijo, \u010diste prostore,&#8230; .\u2022 Najve\u010dja [&hellip;]<\/p>\n","protected":false},"author":1,"featured_media":0,"parent":0,"menu_order":0,"comment_status":"closed","ping_status":"closed","template":"","meta":{"pgc_sgb_lightbox_settings":"","footnotes":""},"class_list":["post-532","page","type-page","status-publish","hentry"],"yoast_head":"<!-- This site is optimized with the Yoast SEO plugin v27.4 - https:\/\/yoast.com\/product\/yoast-seo-wordpress\/ -->\n<title>BELE PROGE IZ UMETNIH MAS - valjcne-proge.si<\/title>\n<meta name=\"robots\" content=\"index, follow, max-snippet:-1, max-image-preview:large, max-video-preview:-1\" \/>\n<link rel=\"canonical\" href=\"https:\/\/valjcne-proge.si\/index.php\/bele-proge-iz-umetnih-mas\/\" \/>\n<meta property=\"og:locale\" content=\"en_US\" \/>\n<meta property=\"og:type\" content=\"article\" \/>\n<meta property=\"og:title\" content=\"BELE PROGE IZ UMETNIH MAS - valjcne-proge.si\" \/>\n<meta property=\"og:description\" content=\"OPIS\u2022 Patent proge je v teku.\u2022 Razdalja med luknjami 16,5 mm za monta\u017eo vseh tipov koles (deljena, standardna, s prirobnico).\u2022 Mo\u017ena monta\u017ea modrega, hermeti\u010dno zaprtega kolesa z vbrizgano antibakterijsko komponento. Modra barva kolesa omogo\u010di hitrej\u0161e odkrivanje ne\u010disto\u010d in ostankov zaradi lastnosti proizvoda, kemikalij, ipd. Posebej primerno za \u017eivilskopredelovalno ali farmacevtsko industrijo, \u010diste prostore,&#8230; .\u2022 Najve\u010dja [&hellip;]\" \/>\n<meta property=\"og:url\" content=\"https:\/\/valjcne-proge.si\/index.php\/bele-proge-iz-umetnih-mas\/\" \/>\n<meta property=\"og:site_name\" content=\"valjcne-proge.si\" \/>\n<meta property=\"article:modified_time\" content=\"2022-01-04T09:50:16+00:00\" \/>\n<meta property=\"og:image\" content=\"https:\/\/valjcne-proge.si\/wp-content\/uploads\/2021\/12\/carril-plastico.jpg\" \/>\n<meta name=\"twitter:card\" content=\"summary_large_image\" \/>\n<meta name=\"twitter:label1\" content=\"Est. reading time\" \/>\n\t<meta name=\"twitter:data1\" content=\"2 minutes\" \/>\n<script type=\"application\/ld+json\" class=\"yoast-schema-graph\">{\"@context\":\"https:\\\/\\\/schema.org\",\"@graph\":[{\"@type\":\"WebPage\",\"@id\":\"https:\\\/\\\/valjcne-proge.si\\\/index.php\\\/bele-proge-iz-umetnih-mas\\\/\",\"url\":\"https:\\\/\\\/valjcne-proge.si\\\/index.php\\\/bele-proge-iz-umetnih-mas\\\/\",\"name\":\"BELE PROGE IZ UMETNIH MAS - valjcne-proge.si\",\"isPartOf\":{\"@id\":\"https:\\\/\\\/valjcne-proge.si\\\/#website\"},\"primaryImageOfPage\":{\"@id\":\"https:\\\/\\\/valjcne-proge.si\\\/index.php\\\/bele-proge-iz-umetnih-mas\\\/#primaryimage\"},\"image\":{\"@id\":\"https:\\\/\\\/valjcne-proge.si\\\/index.php\\\/bele-proge-iz-umetnih-mas\\\/#primaryimage\"},\"thumbnailUrl\":\"https:\\\/\\\/valjcne-proge.si\\\/wp-content\\\/uploads\\\/2021\\\/12\\\/carril-plastico.jpg\",\"datePublished\":\"2022-01-04T09:49:17+00:00\",\"dateModified\":\"2022-01-04T09:50:16+00:00\",\"breadcrumb\":{\"@id\":\"https:\\\/\\\/valjcne-proge.si\\\/index.php\\\/bele-proge-iz-umetnih-mas\\\/#breadcrumb\"},\"inLanguage\":\"en-US\",\"potentialAction\":[{\"@type\":\"ReadAction\",\"target\":[\"https:\\\/\\\/valjcne-proge.si\\\/index.php\\\/bele-proge-iz-umetnih-mas\\\/\"]}]},{\"@type\":\"ImageObject\",\"inLanguage\":\"en-US\",\"@id\":\"https:\\\/\\\/valjcne-proge.si\\\/index.php\\\/bele-proge-iz-umetnih-mas\\\/#primaryimage\",\"url\":\"https:\\\/\\\/valjcne-proge.si\\\/wp-content\\\/uploads\\\/2021\\\/12\\\/carril-plastico.jpg\",\"contentUrl\":\"https:\\\/\\\/valjcne-proge.si\\\/wp-content\\\/uploads\\\/2021\\\/12\\\/carril-plastico.jpg\",\"width\":500,\"height\":600},{\"@type\":\"BreadcrumbList\",\"@id\":\"https:\\\/\\\/valjcne-proge.si\\\/index.php\\\/bele-proge-iz-umetnih-mas\\\/#breadcrumb\",\"itemListElement\":[{\"@type\":\"ListItem\",\"position\":1,\"name\":\"Home\",\"item\":\"https:\\\/\\\/valjcne-proge.si\\\/\"},{\"@type\":\"ListItem\",\"position\":2,\"name\":\"BELE PROGE IZ UMETNIH MAS\"}]},{\"@type\":\"WebSite\",\"@id\":\"https:\\\/\\\/valjcne-proge.si\\\/#website\",\"url\":\"https:\\\/\\\/valjcne-proge.si\\\/\",\"name\":\"valjcne-proge.si\",\"description\":\"Najbolj\u0161e valj\u010dne proge na svetu!\",\"publisher\":{\"@id\":\"https:\\\/\\\/valjcne-proge.si\\\/#organization\"},\"potentialAction\":[{\"@type\":\"SearchAction\",\"target\":{\"@type\":\"EntryPoint\",\"urlTemplate\":\"https:\\\/\\\/valjcne-proge.si\\\/?s={search_term_string}\"},\"query-input\":{\"@type\":\"PropertyValueSpecification\",\"valueRequired\":true,\"valueName\":\"search_term_string\"}}],\"inLanguage\":\"en-US\"},{\"@type\":\"Organization\",\"@id\":\"https:\\\/\\\/valjcne-proge.si\\\/#organization\",\"name\":\"valjcne-proge.si\",\"url\":\"https:\\\/\\\/valjcne-proge.si\\\/\",\"logo\":{\"@type\":\"ImageObject\",\"inLanguage\":\"en-US\",\"@id\":\"https:\\\/\\\/valjcne-proge.si\\\/#\\\/schema\\\/logo\\\/image\\\/\",\"url\":\"https:\\\/\\\/valjcne-proge.si\\\/wp-content\\\/uploads\\\/2021\\\/12\\\/cropped-VP-modra-obroba.png\",\"contentUrl\":\"https:\\\/\\\/valjcne-proge.si\\\/wp-content\\\/uploads\\\/2021\\\/12\\\/cropped-VP-modra-obroba.png\",\"width\":462,\"height\":249,\"caption\":\"valjcne-proge.si\"},\"image\":{\"@id\":\"https:\\\/\\\/valjcne-proge.si\\\/#\\\/schema\\\/logo\\\/image\\\/\"}}]}<\/script>\n<!-- \/ Yoast SEO plugin. -->","yoast_head_json":{"title":"BELE PROGE IZ UMETNIH MAS - valjcne-proge.si","robots":{"index":"index","follow":"follow","max-snippet":"max-snippet:-1","max-image-preview":"max-image-preview:large","max-video-preview":"max-video-preview:-1"},"canonical":"https:\/\/valjcne-proge.si\/index.php\/bele-proge-iz-umetnih-mas\/","og_locale":"en_US","og_type":"article","og_title":"BELE PROGE IZ UMETNIH MAS - valjcne-proge.si","og_description":"OPIS\u2022 Patent proge je v teku.\u2022 Razdalja med luknjami 16,5 mm za monta\u017eo vseh tipov koles (deljena, standardna, s prirobnico).\u2022 Mo\u017ena monta\u017ea modrega, hermeti\u010dno zaprtega kolesa z vbrizgano antibakterijsko komponento. Modra barva kolesa omogo\u010di hitrej\u0161e odkrivanje ne\u010disto\u010d in ostankov zaradi lastnosti proizvoda, kemikalij, ipd. Posebej primerno za \u017eivilskopredelovalno ali farmacevtsko industrijo, \u010diste prostore,&#8230; .\u2022 Najve\u010dja [&hellip;]","og_url":"https:\/\/valjcne-proge.si\/index.php\/bele-proge-iz-umetnih-mas\/","og_site_name":"valjcne-proge.si","article_modified_time":"2022-01-04T09:50:16+00:00","og_image":[{"url":"https:\/\/valjcne-proge.si\/wp-content\/uploads\/2021\/12\/carril-plastico.jpg","type":"","width":"","height":""}],"twitter_card":"summary_large_image","twitter_misc":{"Est. reading time":"2 minutes"},"schema":{"@context":"https:\/\/schema.org","@graph":[{"@type":"WebPage","@id":"https:\/\/valjcne-proge.si\/index.php\/bele-proge-iz-umetnih-mas\/","url":"https:\/\/valjcne-proge.si\/index.php\/bele-proge-iz-umetnih-mas\/","name":"BELE PROGE IZ UMETNIH MAS - valjcne-proge.si","isPartOf":{"@id":"https:\/\/valjcne-proge.si\/#website"},"primaryImageOfPage":{"@id":"https:\/\/valjcne-proge.si\/index.php\/bele-proge-iz-umetnih-mas\/#primaryimage"},"image":{"@id":"https:\/\/valjcne-proge.si\/index.php\/bele-proge-iz-umetnih-mas\/#primaryimage"},"thumbnailUrl":"https:\/\/valjcne-proge.si\/wp-content\/uploads\/2021\/12\/carril-plastico.jpg","datePublished":"2022-01-04T09:49:17+00:00","dateModified":"2022-01-04T09:50:16+00:00","breadcrumb":{"@id":"https:\/\/valjcne-proge.si\/index.php\/bele-proge-iz-umetnih-mas\/#breadcrumb"},"inLanguage":"en-US","potentialAction":[{"@type":"ReadAction","target":["https:\/\/valjcne-proge.si\/index.php\/bele-proge-iz-umetnih-mas\/"]}]},{"@type":"ImageObject","inLanguage":"en-US","@id":"https:\/\/valjcne-proge.si\/index.php\/bele-proge-iz-umetnih-mas\/#primaryimage","url":"https:\/\/valjcne-proge.si\/wp-content\/uploads\/2021\/12\/carril-plastico.jpg","contentUrl":"https:\/\/valjcne-proge.si\/wp-content\/uploads\/2021\/12\/carril-plastico.jpg","width":500,"height":600},{"@type":"BreadcrumbList","@id":"https:\/\/valjcne-proge.si\/index.php\/bele-proge-iz-umetnih-mas\/#breadcrumb","itemListElement":[{"@type":"ListItem","position":1,"name":"Home","item":"https:\/\/valjcne-proge.si\/"},{"@type":"ListItem","position":2,"name":"BELE PROGE IZ UMETNIH MAS"}]},{"@type":"WebSite","@id":"https:\/\/valjcne-proge.si\/#website","url":"https:\/\/valjcne-proge.si\/","name":"valjcne-proge.si","description":"Najbolj\u0161e valj\u010dne proge na svetu!","publisher":{"@id":"https:\/\/valjcne-proge.si\/#organization"},"potentialAction":[{"@type":"SearchAction","target":{"@type":"EntryPoint","urlTemplate":"https:\/\/valjcne-proge.si\/?s={search_term_string}"},"query-input":{"@type":"PropertyValueSpecification","valueRequired":true,"valueName":"search_term_string"}}],"inLanguage":"en-US"},{"@type":"Organization","@id":"https:\/\/valjcne-proge.si\/#organization","name":"valjcne-proge.si","url":"https:\/\/valjcne-proge.si\/","logo":{"@type":"ImageObject","inLanguage":"en-US","@id":"https:\/\/valjcne-proge.si\/#\/schema\/logo\/image\/","url":"https:\/\/valjcne-proge.si\/wp-content\/uploads\/2021\/12\/cropped-VP-modra-obroba.png","contentUrl":"https:\/\/valjcne-proge.si\/wp-content\/uploads\/2021\/12\/cropped-VP-modra-obroba.png","width":462,"height":249,"caption":"valjcne-proge.si"},"image":{"@id":"https:\/\/valjcne-proge.si\/#\/schema\/logo\/image\/"}}]}},"_links":{"self":[{"href":"https:\/\/valjcne-proge.si\/index.php\/wp-json\/wp\/v2\/pages\/532","targetHints":{"allow":["GET"]}}],"collection":[{"href":"https:\/\/valjcne-proge.si\/index.php\/wp-json\/wp\/v2\/pages"}],"about":[{"href":"https:\/\/valjcne-proge.si\/index.php\/wp-json\/wp\/v2\/types\/page"}],"author":[{"embeddable":true,"href":"https:\/\/valjcne-proge.si\/index.php\/wp-json\/wp\/v2\/users\/1"}],"replies":[{"embeddable":true,"href":"https:\/\/valjcne-proge.si\/index.php\/wp-json\/wp\/v2\/comments?post=532"}],"version-history":[{"count":3,"href":"https:\/\/valjcne-proge.si\/index.php\/wp-json\/wp\/v2\/pages\/532\/revisions"}],"predecessor-version":[{"id":535,"href":"https:\/\/valjcne-proge.si\/index.php\/wp-json\/wp\/v2\/pages\/532\/revisions\/535"}],"wp:attachment":[{"href":"https:\/\/valjcne-proge.si\/index.php\/wp-json\/wp\/v2\/media?parent=532"}],"curies":[{"name":"wp","href":"https:\/\/api.w.org\/{rel}","templated":true}]}}