{"id":523,"date":"2022-01-03T13:01:46","date_gmt":"2022-01-03T13:01:46","guid":{"rendered":"https:\/\/valjcne-proge.si\/?page_id=523"},"modified":"2022-01-03T13:01:46","modified_gmt":"2022-01-03T13:01:46","slug":"kolo-z-inox-prevleko","status":"publish","type":"page","link":"https:\/\/valjcne-proge.si\/index.php\/kolo-z-inox-prevleko\/","title":{"rendered":"KOLO Z INOX PREVLEKO"},"content":{"rendered":"\n<div class=\"wp-block-columns alignwide is-layout-flex wp-container-core-columns-is-layout-9d6595d7 wp-block-columns-is-layout-flex\">\n<div class=\"wp-block-column is-layout-flow wp-block-column-is-layout-flow\" style=\"flex-basis:43%\">\n<figure class=\"wp-block-gallery columns-1 is-cropped wp-block-gallery-1 is-layout-flex wp-block-gallery-is-layout-flex\"><ul class=\"blocks-gallery-grid\"><li class=\"blocks-gallery-item\"><figure><a href=\"https:\/\/valjcne-proge.si\/wp-content\/uploads\/2021\/12\/rueda-acero.jpg\"><img loading=\"lazy\" decoding=\"async\" width=\"500\" height=\"600\" src=\"https:\/\/valjcne-proge.si\/wp-content\/uploads\/2021\/12\/rueda-acero.jpg\" alt=\"\" data-id=\"266\" class=\"wp-image-266\" srcset=\"https:\/\/valjcne-proge.si\/wp-content\/uploads\/2021\/12\/rueda-acero.jpg 500w, https:\/\/valjcne-proge.si\/wp-content\/uploads\/2021\/12\/rueda-acero-250x300.jpg 250w, https:\/\/valjcne-proge.si\/wp-content\/uploads\/2021\/12\/rueda-acero-97x116.jpg 97w\" sizes=\"auto, (max-width: 500px) 100vw, 500px\" \/><\/a><\/figure><\/li><\/ul><\/figure>\n<\/div>\n\n\n\n<div class=\"wp-block-column is-layout-flow wp-block-column-is-layout-flow\" style=\"flex-basis:57%\">\n<p><strong>OPIS<\/strong><br>\u2022 Pocinkana plo\u010devina: 0,8 mm.<br>\u2022 Korak med kolesi je lahko 33, 50 ali 66 mm.<br>\u2022 Najve\u010dja dol\u017eina profila: 4.500 mm.<br>\u2022 Premer kolesa \u00d830mm.  <br>\u2022 \u0160irina kolesa 24mm.<br>\u2022  Naklon pretoka: 8 %, odvisno od vrste \u0161katle.  <br>\u2022 Barve: siva\/sijo\u010de nerjave\u010de jeklo<br><\/p>\n\n\n\n<p><strong>UPORABA<\/strong><br>\u2022 Gravitacijski transport z zvitki za kovinske \u0161katle in ostro blago.<br>\u2022 Povezave med delovnimi postajami.<br>\u2022 Direktna povezava za oskrbo proizvodnega mesta.<br>\u2022 Pretok materiala na stroje.<br>\u2022 Zaradi inox prevleke je transportirano blago za\u0161\u010diteno pred oksidacijo.<br>\u2022 Prevleka daje kolesom dalj\u0161o \u017eivljenjsko dobo, saj je z njo prepre\u010deno po\u0161kodovanje koles.<br>\u2022 Posebej primeren za transport ostrih materialov, kot so steklo, melaminske plo\u0161\u010de ali \u0161katle z ostrimi robovi\/vogali.   <\/p>\n\n\n\n<p>Nosilnosti valj\u010dnih prog skladno s tabelo spodaj ob upo\u0161tevanju to\u010dke upogiba pred deformacijo profila.<\/p>\n<\/div>\n<\/div>\n\n\n\n<figure class=\"wp-block-table is-style-stripes\"><table class=\"has-black-color has-pale-cyan-blue-background-color has-text-color has-background\"><tbody><tr><td class=\"has-text-align-center\" data-align=\"center\">Barva kolesca<\/td><td class=\"has-text-align-center\" data-align=\"center\">Korak P=33mm<br>artikel<\/td><td class=\"has-text-align-center\" data-align=\"center\">kg\/m<\/td><td class=\"has-text-align-center\" data-align=\"center\">Korak P=50mm<br> artikel <\/td><td class=\"has-text-align-center\" data-align=\"center\">kg\/m<\/td><td class=\"has-text-align-center\" data-align=\"center\">Korak P=66mm<br> artikel <\/td><td class=\"has-text-align-center\" data-align=\"center\">kg\/m<\/td><\/tr><tr><td class=\"has-text-align-center\" data-align=\"center\"><strong><span style=\"color:#707273\" class=\"has-inline-color\">SIVA<\/span><\/strong><\/td><td class=\"has-text-align-center\" data-align=\"center\">M0800<\/td><td class=\"has-text-align-center\" data-align=\"center\">1,308 <\/td><td class=\"has-text-align-center\" data-align=\"center\">M0810<\/td><td class=\"has-text-align-center\" data-align=\"center\">1,086<\/td><td class=\"has-text-align-center\" data-align=\"center\">M0820<\/td><td class=\"has-text-align-center\" data-align=\"center\">0,975<\/td><\/tr><\/tbody><\/table><\/figure>\n\n\n\n<figure class=\"wp-block-image size-large is-style-default\"><img loading=\"lazy\" decoding=\"async\" width=\"1024\" height=\"659\" src=\"https:\/\/valjcne-proge.si\/wp-content\/uploads\/2021\/12\/minicarril-all-1-1024x659.jpg\" alt=\"\" class=\"wp-image-227\" srcset=\"https:\/\/valjcne-proge.si\/wp-content\/uploads\/2021\/12\/minicarril-all-1-1024x659.jpg 1024w, https:\/\/valjcne-proge.si\/wp-content\/uploads\/2021\/12\/minicarril-all-1-300x193.jpg 300w, https:\/\/valjcne-proge.si\/wp-content\/uploads\/2021\/12\/minicarril-all-1-768x494.jpg 768w, https:\/\/valjcne-proge.si\/wp-content\/uploads\/2021\/12\/minicarril-all-1-1536x988.jpg 1536w, https:\/\/valjcne-proge.si\/wp-content\/uploads\/2021\/12\/minicarril-all-1-180x116.jpg 180w, https:\/\/valjcne-proge.si\/wp-content\/uploads\/2021\/12\/minicarril-all-1.jpg 1654w\" sizes=\"auto, (max-width: 1024px) 100vw, 1024px\" \/><\/figure>\n\n\n\n<div class=\"wp-block-image is-style-default\"><figure class=\"aligncenter size-full\"><img loading=\"lazy\" decoding=\"async\" width=\"632\" height=\"485\" src=\"https:\/\/valjcne-proge.si\/wp-content\/uploads\/2021\/12\/dimensions3.png\" alt=\"\" class=\"wp-image-182\" srcset=\"https:\/\/valjcne-proge.si\/wp-content\/uploads\/2021\/12\/dimensions3.png 632w, https:\/\/valjcne-proge.si\/wp-content\/uploads\/2021\/12\/dimensions3-300x230.png 300w, https:\/\/valjcne-proge.si\/wp-content\/uploads\/2021\/12\/dimensions3-151x116.png 151w\" sizes=\"auto, (max-width: 632px) 100vw, 632px\" \/><\/figure><\/div>\n\n\n\n<p><\/p>\n","protected":false},"excerpt":{"rendered":"<p>OPIS\u2022 Pocinkana plo\u010devina: 0,8 mm.\u2022 Korak med kolesi je lahko 33, 50 ali 66 mm.\u2022 Najve\u010dja dol\u017eina profila: 4.500 mm.\u2022 Premer kolesa \u00d830mm. \u2022 \u0160irina kolesa 24mm.\u2022 Naklon pretoka: 8 %, odvisno od vrste \u0161katle. \u2022 Barve: siva\/sijo\u010de nerjave\u010de jeklo UPORABA\u2022 Gravitacijski transport z zvitki za kovinske \u0161katle in ostro blago.\u2022 Povezave med delovnimi postajami.\u2022 [&hellip;]<\/p>\n","protected":false},"author":1,"featured_media":0,"parent":0,"menu_order":0,"comment_status":"closed","ping_status":"closed","template":"","meta":{"pgc_sgb_lightbox_settings":"","footnotes":""},"class_list":["post-523","page","type-page","status-publish","hentry"],"yoast_head":"<!-- This site is optimized with the Yoast SEO plugin v27.4 - https:\/\/yoast.com\/product\/yoast-seo-wordpress\/ -->\n<title>KOLO Z INOX PREVLEKO - valjcne-proge.si<\/title>\n<meta name=\"robots\" content=\"index, follow, max-snippet:-1, max-image-preview:large, max-video-preview:-1\" \/>\n<link rel=\"canonical\" href=\"https:\/\/valjcne-proge.si\/index.php\/kolo-z-inox-prevleko\/\" \/>\n<meta property=\"og:locale\" content=\"en_US\" \/>\n<meta property=\"og:type\" content=\"article\" \/>\n<meta property=\"og:title\" content=\"KOLO Z INOX PREVLEKO - valjcne-proge.si\" \/>\n<meta property=\"og:description\" content=\"OPIS\u2022 Pocinkana plo\u010devina: 0,8 mm.\u2022 Korak med kolesi je lahko 33, 50 ali 66 mm.\u2022 Najve\u010dja dol\u017eina profila: 4.500 mm.\u2022 Premer kolesa \u00d830mm. \u2022 \u0160irina kolesa 24mm.\u2022 Naklon pretoka: 8 %, odvisno od vrste \u0161katle. \u2022 Barve: siva\/sijo\u010de nerjave\u010de jeklo UPORABA\u2022 Gravitacijski transport z zvitki za kovinske \u0161katle in ostro blago.\u2022 Povezave med delovnimi postajami.\u2022 [&hellip;]\" \/>\n<meta property=\"og:url\" content=\"https:\/\/valjcne-proge.si\/index.php\/kolo-z-inox-prevleko\/\" \/>\n<meta property=\"og:site_name\" content=\"valjcne-proge.si\" \/>\n<meta property=\"og:image\" content=\"https:\/\/valjcne-proge.si\/wp-content\/uploads\/2021\/12\/rueda-acero.jpg\" \/>\n<meta name=\"twitter:card\" content=\"summary_large_image\" \/>\n<meta name=\"twitter:label1\" content=\"Est. reading time\" \/>\n\t<meta name=\"twitter:data1\" content=\"2 minutes\" \/>\n<script type=\"application\/ld+json\" class=\"yoast-schema-graph\">{\"@context\":\"https:\\\/\\\/schema.org\",\"@graph\":[{\"@type\":\"WebPage\",\"@id\":\"https:\\\/\\\/valjcne-proge.si\\\/index.php\\\/kolo-z-inox-prevleko\\\/\",\"url\":\"https:\\\/\\\/valjcne-proge.si\\\/index.php\\\/kolo-z-inox-prevleko\\\/\",\"name\":\"KOLO Z INOX PREVLEKO - valjcne-proge.si\",\"isPartOf\":{\"@id\":\"https:\\\/\\\/valjcne-proge.si\\\/#website\"},\"primaryImageOfPage\":{\"@id\":\"https:\\\/\\\/valjcne-proge.si\\\/index.php\\\/kolo-z-inox-prevleko\\\/#primaryimage\"},\"image\":{\"@id\":\"https:\\\/\\\/valjcne-proge.si\\\/index.php\\\/kolo-z-inox-prevleko\\\/#primaryimage\"},\"thumbnailUrl\":\"https:\\\/\\\/valjcne-proge.si\\\/wp-content\\\/uploads\\\/2021\\\/12\\\/rueda-acero.jpg\",\"datePublished\":\"2022-01-03T13:01:46+00:00\",\"breadcrumb\":{\"@id\":\"https:\\\/\\\/valjcne-proge.si\\\/index.php\\\/kolo-z-inox-prevleko\\\/#breadcrumb\"},\"inLanguage\":\"en-US\",\"potentialAction\":[{\"@type\":\"ReadAction\",\"target\":[\"https:\\\/\\\/valjcne-proge.si\\\/index.php\\\/kolo-z-inox-prevleko\\\/\"]}]},{\"@type\":\"ImageObject\",\"inLanguage\":\"en-US\",\"@id\":\"https:\\\/\\\/valjcne-proge.si\\\/index.php\\\/kolo-z-inox-prevleko\\\/#primaryimage\",\"url\":\"https:\\\/\\\/valjcne-proge.si\\\/wp-content\\\/uploads\\\/2021\\\/12\\\/rueda-acero.jpg\",\"contentUrl\":\"https:\\\/\\\/valjcne-proge.si\\\/wp-content\\\/uploads\\\/2021\\\/12\\\/rueda-acero.jpg\",\"width\":500,\"height\":600},{\"@type\":\"BreadcrumbList\",\"@id\":\"https:\\\/\\\/valjcne-proge.si\\\/index.php\\\/kolo-z-inox-prevleko\\\/#breadcrumb\",\"itemListElement\":[{\"@type\":\"ListItem\",\"position\":1,\"name\":\"Home\",\"item\":\"https:\\\/\\\/valjcne-proge.si\\\/\"},{\"@type\":\"ListItem\",\"position\":2,\"name\":\"KOLO Z INOX PREVLEKO\"}]},{\"@type\":\"WebSite\",\"@id\":\"https:\\\/\\\/valjcne-proge.si\\\/#website\",\"url\":\"https:\\\/\\\/valjcne-proge.si\\\/\",\"name\":\"valjcne-proge.si\",\"description\":\"Najbolj\u0161e valj\u010dne proge na svetu!\",\"publisher\":{\"@id\":\"https:\\\/\\\/valjcne-proge.si\\\/#organization\"},\"potentialAction\":[{\"@type\":\"SearchAction\",\"target\":{\"@type\":\"EntryPoint\",\"urlTemplate\":\"https:\\\/\\\/valjcne-proge.si\\\/?s={search_term_string}\"},\"query-input\":{\"@type\":\"PropertyValueSpecification\",\"valueRequired\":true,\"valueName\":\"search_term_string\"}}],\"inLanguage\":\"en-US\"},{\"@type\":\"Organization\",\"@id\":\"https:\\\/\\\/valjcne-proge.si\\\/#organization\",\"name\":\"valjcne-proge.si\",\"url\":\"https:\\\/\\\/valjcne-proge.si\\\/\",\"logo\":{\"@type\":\"ImageObject\",\"inLanguage\":\"en-US\",\"@id\":\"https:\\\/\\\/valjcne-proge.si\\\/#\\\/schema\\\/logo\\\/image\\\/\",\"url\":\"https:\\\/\\\/valjcne-proge.si\\\/wp-content\\\/uploads\\\/2021\\\/12\\\/cropped-VP-modra-obroba.png\",\"contentUrl\":\"https:\\\/\\\/valjcne-proge.si\\\/wp-content\\\/uploads\\\/2021\\\/12\\\/cropped-VP-modra-obroba.png\",\"width\":462,\"height\":249,\"caption\":\"valjcne-proge.si\"},\"image\":{\"@id\":\"https:\\\/\\\/valjcne-proge.si\\\/#\\\/schema\\\/logo\\\/image\\\/\"}}]}<\/script>\n<!-- \/ Yoast SEO plugin. -->","yoast_head_json":{"title":"KOLO Z INOX PREVLEKO - valjcne-proge.si","robots":{"index":"index","follow":"follow","max-snippet":"max-snippet:-1","max-image-preview":"max-image-preview:large","max-video-preview":"max-video-preview:-1"},"canonical":"https:\/\/valjcne-proge.si\/index.php\/kolo-z-inox-prevleko\/","og_locale":"en_US","og_type":"article","og_title":"KOLO Z INOX PREVLEKO - valjcne-proge.si","og_description":"OPIS\u2022 Pocinkana plo\u010devina: 0,8 mm.\u2022 Korak med kolesi je lahko 33, 50 ali 66 mm.\u2022 Najve\u010dja dol\u017eina profila: 4.500 mm.\u2022 Premer kolesa \u00d830mm. \u2022 \u0160irina kolesa 24mm.\u2022 Naklon pretoka: 8 %, odvisno od vrste \u0161katle. \u2022 Barve: siva\/sijo\u010de nerjave\u010de jeklo UPORABA\u2022 Gravitacijski transport z zvitki za kovinske \u0161katle in ostro blago.\u2022 Povezave med delovnimi postajami.\u2022 [&hellip;]","og_url":"https:\/\/valjcne-proge.si\/index.php\/kolo-z-inox-prevleko\/","og_site_name":"valjcne-proge.si","og_image":[{"url":"https:\/\/valjcne-proge.si\/wp-content\/uploads\/2021\/12\/rueda-acero.jpg","type":"","width":"","height":""}],"twitter_card":"summary_large_image","twitter_misc":{"Est. reading time":"2 minutes"},"schema":{"@context":"https:\/\/schema.org","@graph":[{"@type":"WebPage","@id":"https:\/\/valjcne-proge.si\/index.php\/kolo-z-inox-prevleko\/","url":"https:\/\/valjcne-proge.si\/index.php\/kolo-z-inox-prevleko\/","name":"KOLO Z INOX PREVLEKO - valjcne-proge.si","isPartOf":{"@id":"https:\/\/valjcne-proge.si\/#website"},"primaryImageOfPage":{"@id":"https:\/\/valjcne-proge.si\/index.php\/kolo-z-inox-prevleko\/#primaryimage"},"image":{"@id":"https:\/\/valjcne-proge.si\/index.php\/kolo-z-inox-prevleko\/#primaryimage"},"thumbnailUrl":"https:\/\/valjcne-proge.si\/wp-content\/uploads\/2021\/12\/rueda-acero.jpg","datePublished":"2022-01-03T13:01:46+00:00","breadcrumb":{"@id":"https:\/\/valjcne-proge.si\/index.php\/kolo-z-inox-prevleko\/#breadcrumb"},"inLanguage":"en-US","potentialAction":[{"@type":"ReadAction","target":["https:\/\/valjcne-proge.si\/index.php\/kolo-z-inox-prevleko\/"]}]},{"@type":"ImageObject","inLanguage":"en-US","@id":"https:\/\/valjcne-proge.si\/index.php\/kolo-z-inox-prevleko\/#primaryimage","url":"https:\/\/valjcne-proge.si\/wp-content\/uploads\/2021\/12\/rueda-acero.jpg","contentUrl":"https:\/\/valjcne-proge.si\/wp-content\/uploads\/2021\/12\/rueda-acero.jpg","width":500,"height":600},{"@type":"BreadcrumbList","@id":"https:\/\/valjcne-proge.si\/index.php\/kolo-z-inox-prevleko\/#breadcrumb","itemListElement":[{"@type":"ListItem","position":1,"name":"Home","item":"https:\/\/valjcne-proge.si\/"},{"@type":"ListItem","position":2,"name":"KOLO Z INOX PREVLEKO"}]},{"@type":"WebSite","@id":"https:\/\/valjcne-proge.si\/#website","url":"https:\/\/valjcne-proge.si\/","name":"valjcne-proge.si","description":"Najbolj\u0161e valj\u010dne proge na svetu!","publisher":{"@id":"https:\/\/valjcne-proge.si\/#organization"},"potentialAction":[{"@type":"SearchAction","target":{"@type":"EntryPoint","urlTemplate":"https:\/\/valjcne-proge.si\/?s={search_term_string}"},"query-input":{"@type":"PropertyValueSpecification","valueRequired":true,"valueName":"search_term_string"}}],"inLanguage":"en-US"},{"@type":"Organization","@id":"https:\/\/valjcne-proge.si\/#organization","name":"valjcne-proge.si","url":"https:\/\/valjcne-proge.si\/","logo":{"@type":"ImageObject","inLanguage":"en-US","@id":"https:\/\/valjcne-proge.si\/#\/schema\/logo\/image\/","url":"https:\/\/valjcne-proge.si\/wp-content\/uploads\/2021\/12\/cropped-VP-modra-obroba.png","contentUrl":"https:\/\/valjcne-proge.si\/wp-content\/uploads\/2021\/12\/cropped-VP-modra-obroba.png","width":462,"height":249,"caption":"valjcne-proge.si"},"image":{"@id":"https:\/\/valjcne-proge.si\/#\/schema\/logo\/image\/"}}]}},"_links":{"self":[{"href":"https:\/\/valjcne-proge.si\/index.php\/wp-json\/wp\/v2\/pages\/523","targetHints":{"allow":["GET"]}}],"collection":[{"href":"https:\/\/valjcne-proge.si\/index.php\/wp-json\/wp\/v2\/pages"}],"about":[{"href":"https:\/\/valjcne-proge.si\/index.php\/wp-json\/wp\/v2\/types\/page"}],"author":[{"embeddable":true,"href":"https:\/\/valjcne-proge.si\/index.php\/wp-json\/wp\/v2\/users\/1"}],"replies":[{"embeddable":true,"href":"https:\/\/valjcne-proge.si\/index.php\/wp-json\/wp\/v2\/comments?post=523"}],"version-history":[{"count":1,"href":"https:\/\/valjcne-proge.si\/index.php\/wp-json\/wp\/v2\/pages\/523\/revisions"}],"predecessor-version":[{"id":524,"href":"https:\/\/valjcne-proge.si\/index.php\/wp-json\/wp\/v2\/pages\/523\/revisions\/524"}],"wp:attachment":[{"href":"https:\/\/valjcne-proge.si\/index.php\/wp-json\/wp\/v2\/media?parent=523"}],"curies":[{"name":"wp","href":"https:\/\/api.w.org\/{rel}","templated":true}]}}