{"id":352,"date":"2021-12-28T21:17:28","date_gmt":"2021-12-28T21:17:28","guid":{"rendered":"https:\/\/valjcne-proge.si\/?page_id=352"},"modified":"2022-01-03T12:48:01","modified_gmt":"2022-01-03T12:48:01","slug":"standardno-kolo","status":"publish","type":"page","link":"https:\/\/valjcne-proge.si\/index.php\/standardno-kolo\/","title":{"rendered":"STANDARDNO KOLO"},"content":{"rendered":"\n<div class=\"wp-block-columns alignwide is-layout-flex wp-container-core-columns-is-layout-9d6595d7 wp-block-columns-is-layout-flex\">\n<div class=\"wp-block-column is-layout-flow wp-block-column-is-layout-flow\" style=\"flex-basis:37%\">\n<figure class=\"wp-block-gallery columns-1 is-cropped wp-block-gallery-1 is-layout-flex wp-block-gallery-is-layout-flex\"><ul class=\"blocks-gallery-grid\"><li class=\"blocks-gallery-item\"><figure><a href=\"https:\/\/valjcne-proge.si\/wp-content\/uploads\/2021\/12\/rueda-estandar-1.jpg\"><img decoding=\"async\" src=\"https:\/\/valjcne-proge.si\/wp-content\/uploads\/2021\/12\/rueda-estandar-1.jpg\" alt=\"\" data-id=\"\"\/><\/a><\/figure><\/li><\/ul><\/figure>\n<\/div>\n\n\n\n<div class=\"wp-block-column is-layout-flow wp-block-column-is-layout-flow\" style=\"flex-basis:63%\">\n<p class=\"has-text-align-left\"><strong>OPIS<\/strong><br>\u2022 Pocinkana plo\u010devina: 0,8 mm.<br>\u2022 Korak med kolesi je lahko 33, 50 ali 66 mm.<br>\u2022 Najve\u010dja dol\u017eina profila: 4.500 mm. <br>\u2022 Navpi\u010dna nosilnost do 40 kg na kolo na ravni povr\u0161ini. <br>\u2022 Naklon pretoka: 3,5 %, odvisno od vrste \u0161katle.<br>\u2022 Barve: rumena \/ siva \/ \u010drna \/ rde\u010da \/ bela.<br>\u2022 Mo\u017ena barva po meri. Posvetujte se o razpolo\u017eljivosti.<\/p>\n\n\n\n<p class=\"has-text-align-left\"><strong>UPORABA<\/strong><br>\u2022 Kartonski tok (carton flow) za vse vrste \u0161katel.<br>\u2022 Povezave med delovnimi postajami.<br>\u2022 Direktna povezava za oskrbo proizvodnega mesta.<br>\u2022 Pretok materiala na stroje.<br><\/p>\n\n\n\n<p class=\"has-text-align-left\">Nosilnosti valj\u010dnih prog skladno s tabelo spodaj ob upo\u0161tevanju to\u010dke upogiba pred deformacijo profila.<\/p>\n<\/div>\n<\/div>\n\n\n\n<figure class=\"wp-block-table is-style-stripes\"><table class=\"has-black-color has-pale-cyan-blue-background-color has-text-color has-background\"><tbody><tr><td class=\"has-text-align-center\" data-align=\"center\">Barva kolesca<\/td><td class=\"has-text-align-center\" data-align=\"center\">Korak P=33mm<br>artikel<\/td><td class=\"has-text-align-center\" data-align=\"center\">kg\/m<\/td><td class=\"has-text-align-center\" data-align=\"center\">Korak P=50mm<br> artikel <\/td><td class=\"has-text-align-center\" data-align=\"center\">kg\/m<\/td><td class=\"has-text-align-center\" data-align=\"center\">Korak P=66mm<br> artikel <\/td><td class=\"has-text-align-center\" data-align=\"center\">kg\/m<\/td><\/tr><tr><td class=\"has-text-align-center\" data-align=\"center\"><strong><span class=\"has-inline-color has-white-color\">BELA<\/span><\/strong><\/td><td class=\"has-text-align-center\" data-align=\"center\">M0100<\/td><td class=\"has-text-align-center\" data-align=\"center\">0,823<\/td><td class=\"has-text-align-center\" data-align=\"center\">M0200<\/td><td class=\"has-text-align-center\" data-align=\"center\">0,763<\/td><td class=\"has-text-align-center\" data-align=\"center\">M0300<\/td><td class=\"has-text-align-center\" data-align=\"center\">0,733<\/td><\/tr><tr><td class=\"has-text-align-center\" data-align=\"center\"><strong><span style=\"color:#707273\" class=\"has-inline-color\">SIVA<\/span><\/strong><\/td><td class=\"has-text-align-center\" data-align=\"center\">M0101<\/td><td class=\"has-text-align-center\" data-align=\"center\">0,823 <\/td><td class=\"has-text-align-center\" data-align=\"center\">M0201<\/td><td class=\"has-text-align-center\" data-align=\"center\">0,763 <\/td><td class=\"has-text-align-center\" data-align=\"center\">M0301<\/td><td class=\"has-text-align-center\" data-align=\"center\">0,733<\/td><\/tr><tr><td class=\"has-text-align-center\" data-align=\"center\"><span class=\"has-inline-color has-luminous-vivid-amber-color\"><strong>RUMENA<\/strong><\/span><\/td><td class=\"has-text-align-center\" data-align=\"center\">M0102<\/td><td class=\"has-text-align-center\" data-align=\"center\">0,823 <\/td><td class=\"has-text-align-center\" data-align=\"center\">M0202<\/td><td class=\"has-text-align-center\" data-align=\"center\">0,763 <\/td><td class=\"has-text-align-center\" data-align=\"center\">M0302<\/td><td class=\"has-text-align-center\" data-align=\"center\">0,733 <\/td><\/tr><tr><td class=\"has-text-align-center\" data-align=\"center\"><span class=\"has-inline-color has-vivid-red-color\"><strong>RDE\u010cA<\/strong><\/span><\/td><td class=\"has-text-align-center\" data-align=\"center\">M0103<\/td><td class=\"has-text-align-center\" data-align=\"center\">0,823 <\/td><td class=\"has-text-align-center\" data-align=\"center\">M0203<\/td><td class=\"has-text-align-center\" data-align=\"center\">0,763 <\/td><td class=\"has-text-align-center\" data-align=\"center\">M0303<\/td><td class=\"has-text-align-center\" data-align=\"center\">0,733 <\/td><\/tr><tr><td class=\"has-text-align-center\" data-align=\"center\"><span class=\"has-inline-color has-black-color\"><strong>\u010cRNA<\/strong><\/span><\/td><td class=\"has-text-align-center\" data-align=\"center\">M0105<\/td><td class=\"has-text-align-center\" data-align=\"center\">0,823 <\/td><td class=\"has-text-align-center\" data-align=\"center\">M0205<\/td><td class=\"has-text-align-center\" data-align=\"center\">0,763 <\/td><td class=\"has-text-align-center\" data-align=\"center\">M0305<\/td><td class=\"has-text-align-center\" data-align=\"center\">0,733 <\/td><\/tr><\/tbody><\/table><\/figure>\n\n\n\n<figure class=\"wp-block-image size-large\" id=\"block-410af0e2-790b-46a0-af92-ecb221604405\"><img loading=\"lazy\" decoding=\"async\" width=\"1024\" height=\"659\" src=\"https:\/\/valjcne-proge.si\/wp-content\/uploads\/2021\/12\/minicarril-all-1-1024x659.jpg\" alt=\"\" class=\"wp-image-227\" srcset=\"https:\/\/valjcne-proge.si\/wp-content\/uploads\/2021\/12\/minicarril-all-1-1024x659.jpg 1024w, https:\/\/valjcne-proge.si\/wp-content\/uploads\/2021\/12\/minicarril-all-1-300x193.jpg 300w, https:\/\/valjcne-proge.si\/wp-content\/uploads\/2021\/12\/minicarril-all-1-768x494.jpg 768w, https:\/\/valjcne-proge.si\/wp-content\/uploads\/2021\/12\/minicarril-all-1-1536x988.jpg 1536w, https:\/\/valjcne-proge.si\/wp-content\/uploads\/2021\/12\/minicarril-all-1-180x116.jpg 180w, https:\/\/valjcne-proge.si\/wp-content\/uploads\/2021\/12\/minicarril-all-1.jpg 1654w\" sizes=\"auto, (max-width: 1024px) 100vw, 1024px\" \/><\/figure>\n\n\n\n<div id=\"block-0b1dd517-39fd-4b1b-87cb-35bd927d8549\" class=\"wp-block-image\"><figure class=\"aligncenter\"><img decoding=\"async\" src=\"https:\/\/valjcne-proge.si\/wp-content\/uploads\/2021\/12\/dimensions3.png\" alt=\"This image has an empty alt attribute; its file name is dimensions3.png\"\/><\/figure><\/div>\n\n\n\n<p><\/p>\n","protected":false},"excerpt":{"rendered":"<p>OPIS\u2022 Pocinkana plo\u010devina: 0,8 mm.\u2022 Korak med kolesi je lahko 33, 50 ali 66 mm.\u2022 Najve\u010dja dol\u017eina profila: 4.500 mm. \u2022 Navpi\u010dna nosilnost do 40 kg na kolo na ravni povr\u0161ini. \u2022 Naklon pretoka: 3,5 %, odvisno od vrste \u0161katle.\u2022 Barve: rumena \/ siva \/ \u010drna \/ rde\u010da \/ bela.\u2022 Mo\u017ena barva po meri. Posvetujte [&hellip;]<\/p>\n","protected":false},"author":1,"featured_media":0,"parent":0,"menu_order":0,"comment_status":"closed","ping_status":"closed","template":"","meta":{"pgc_sgb_lightbox_settings":"","footnotes":""},"class_list":["post-352","page","type-page","status-publish","hentry"],"yoast_head":"<!-- This site is optimized with the Yoast SEO plugin v27.4 - https:\/\/yoast.com\/product\/yoast-seo-wordpress\/ -->\n<title>STANDARDNO KOLO - valjcne-proge.si<\/title>\n<meta name=\"robots\" content=\"index, follow, max-snippet:-1, max-image-preview:large, max-video-preview:-1\" \/>\n<link rel=\"canonical\" href=\"https:\/\/valjcne-proge.si\/index.php\/standardno-kolo\/\" \/>\n<meta property=\"og:locale\" content=\"en_US\" \/>\n<meta property=\"og:type\" content=\"article\" \/>\n<meta property=\"og:title\" content=\"STANDARDNO KOLO - valjcne-proge.si\" \/>\n<meta property=\"og:description\" content=\"OPIS\u2022 Pocinkana plo\u010devina: 0,8 mm.\u2022 Korak med kolesi je lahko 33, 50 ali 66 mm.\u2022 Najve\u010dja dol\u017eina profila: 4.500 mm. \u2022 Navpi\u010dna nosilnost do 40 kg na kolo na ravni povr\u0161ini. \u2022 Naklon pretoka: 3,5 %, odvisno od vrste \u0161katle.\u2022 Barve: rumena \/ siva \/ \u010drna \/ rde\u010da \/ bela.\u2022 Mo\u017ena barva po meri. Posvetujte [&hellip;]\" \/>\n<meta property=\"og:url\" content=\"https:\/\/valjcne-proge.si\/index.php\/standardno-kolo\/\" \/>\n<meta property=\"og:site_name\" content=\"valjcne-proge.si\" \/>\n<meta property=\"article:modified_time\" content=\"2022-01-03T12:48:01+00:00\" \/>\n<meta property=\"og:image\" content=\"https:\/\/valjcne-proge.si\/wp-content\/uploads\/2021\/12\/rueda-estandar-1.jpg\" \/>\n<meta name=\"twitter:card\" content=\"summary_large_image\" \/>\n<meta name=\"twitter:label1\" content=\"Est. reading time\" \/>\n\t<meta name=\"twitter:data1\" content=\"2 minutes\" \/>\n<script type=\"application\/ld+json\" class=\"yoast-schema-graph\">{\"@context\":\"https:\\\/\\\/schema.org\",\"@graph\":[{\"@type\":\"WebPage\",\"@id\":\"https:\\\/\\\/valjcne-proge.si\\\/index.php\\\/standardno-kolo\\\/\",\"url\":\"https:\\\/\\\/valjcne-proge.si\\\/index.php\\\/standardno-kolo\\\/\",\"name\":\"STANDARDNO KOLO - valjcne-proge.si\",\"isPartOf\":{\"@id\":\"https:\\\/\\\/valjcne-proge.si\\\/#website\"},\"primaryImageOfPage\":{\"@id\":\"https:\\\/\\\/valjcne-proge.si\\\/index.php\\\/standardno-kolo\\\/#primaryimage\"},\"image\":{\"@id\":\"https:\\\/\\\/valjcne-proge.si\\\/index.php\\\/standardno-kolo\\\/#primaryimage\"},\"thumbnailUrl\":\"https:\\\/\\\/valjcne-proge.si\\\/wp-content\\\/uploads\\\/2021\\\/12\\\/rueda-estandar-1.jpg\",\"datePublished\":\"2021-12-28T21:17:28+00:00\",\"dateModified\":\"2022-01-03T12:48:01+00:00\",\"breadcrumb\":{\"@id\":\"https:\\\/\\\/valjcne-proge.si\\\/index.php\\\/standardno-kolo\\\/#breadcrumb\"},\"inLanguage\":\"en-US\",\"potentialAction\":[{\"@type\":\"ReadAction\",\"target\":[\"https:\\\/\\\/valjcne-proge.si\\\/index.php\\\/standardno-kolo\\\/\"]}]},{\"@type\":\"ImageObject\",\"inLanguage\":\"en-US\",\"@id\":\"https:\\\/\\\/valjcne-proge.si\\\/index.php\\\/standardno-kolo\\\/#primaryimage\",\"url\":\"https:\\\/\\\/valjcne-proge.si\\\/wp-content\\\/uploads\\\/2021\\\/12\\\/rueda-estandar-1.jpg\",\"contentUrl\":\"https:\\\/\\\/valjcne-proge.si\\\/wp-content\\\/uploads\\\/2021\\\/12\\\/rueda-estandar-1.jpg\",\"width\":500,\"height\":600},{\"@type\":\"BreadcrumbList\",\"@id\":\"https:\\\/\\\/valjcne-proge.si\\\/index.php\\\/standardno-kolo\\\/#breadcrumb\",\"itemListElement\":[{\"@type\":\"ListItem\",\"position\":1,\"name\":\"Home\",\"item\":\"https:\\\/\\\/valjcne-proge.si\\\/\"},{\"@type\":\"ListItem\",\"position\":2,\"name\":\"STANDARDNO KOLO\"}]},{\"@type\":\"WebSite\",\"@id\":\"https:\\\/\\\/valjcne-proge.si\\\/#website\",\"url\":\"https:\\\/\\\/valjcne-proge.si\\\/\",\"name\":\"valjcne-proge.si\",\"description\":\"Najbolj\u0161e valj\u010dne proge na svetu!\",\"publisher\":{\"@id\":\"https:\\\/\\\/valjcne-proge.si\\\/#organization\"},\"potentialAction\":[{\"@type\":\"SearchAction\",\"target\":{\"@type\":\"EntryPoint\",\"urlTemplate\":\"https:\\\/\\\/valjcne-proge.si\\\/?s={search_term_string}\"},\"query-input\":{\"@type\":\"PropertyValueSpecification\",\"valueRequired\":true,\"valueName\":\"search_term_string\"}}],\"inLanguage\":\"en-US\"},{\"@type\":\"Organization\",\"@id\":\"https:\\\/\\\/valjcne-proge.si\\\/#organization\",\"name\":\"valjcne-proge.si\",\"url\":\"https:\\\/\\\/valjcne-proge.si\\\/\",\"logo\":{\"@type\":\"ImageObject\",\"inLanguage\":\"en-US\",\"@id\":\"https:\\\/\\\/valjcne-proge.si\\\/#\\\/schema\\\/logo\\\/image\\\/\",\"url\":\"https:\\\/\\\/valjcne-proge.si\\\/wp-content\\\/uploads\\\/2021\\\/12\\\/cropped-VP-modra-obroba.png\",\"contentUrl\":\"https:\\\/\\\/valjcne-proge.si\\\/wp-content\\\/uploads\\\/2021\\\/12\\\/cropped-VP-modra-obroba.png\",\"width\":462,\"height\":249,\"caption\":\"valjcne-proge.si\"},\"image\":{\"@id\":\"https:\\\/\\\/valjcne-proge.si\\\/#\\\/schema\\\/logo\\\/image\\\/\"}}]}<\/script>\n<!-- \/ Yoast SEO plugin. -->","yoast_head_json":{"title":"STANDARDNO KOLO - valjcne-proge.si","robots":{"index":"index","follow":"follow","max-snippet":"max-snippet:-1","max-image-preview":"max-image-preview:large","max-video-preview":"max-video-preview:-1"},"canonical":"https:\/\/valjcne-proge.si\/index.php\/standardno-kolo\/","og_locale":"en_US","og_type":"article","og_title":"STANDARDNO KOLO - valjcne-proge.si","og_description":"OPIS\u2022 Pocinkana plo\u010devina: 0,8 mm.\u2022 Korak med kolesi je lahko 33, 50 ali 66 mm.\u2022 Najve\u010dja dol\u017eina profila: 4.500 mm. \u2022 Navpi\u010dna nosilnost do 40 kg na kolo na ravni povr\u0161ini. \u2022 Naklon pretoka: 3,5 %, odvisno od vrste \u0161katle.\u2022 Barve: rumena \/ siva \/ \u010drna \/ rde\u010da \/ bela.\u2022 Mo\u017ena barva po meri. Posvetujte [&hellip;]","og_url":"https:\/\/valjcne-proge.si\/index.php\/standardno-kolo\/","og_site_name":"valjcne-proge.si","article_modified_time":"2022-01-03T12:48:01+00:00","og_image":[{"url":"https:\/\/valjcne-proge.si\/wp-content\/uploads\/2021\/12\/rueda-estandar-1.jpg","type":"","width":"","height":""}],"twitter_card":"summary_large_image","twitter_misc":{"Est. reading time":"2 minutes"},"schema":{"@context":"https:\/\/schema.org","@graph":[{"@type":"WebPage","@id":"https:\/\/valjcne-proge.si\/index.php\/standardno-kolo\/","url":"https:\/\/valjcne-proge.si\/index.php\/standardno-kolo\/","name":"STANDARDNO KOLO - valjcne-proge.si","isPartOf":{"@id":"https:\/\/valjcne-proge.si\/#website"},"primaryImageOfPage":{"@id":"https:\/\/valjcne-proge.si\/index.php\/standardno-kolo\/#primaryimage"},"image":{"@id":"https:\/\/valjcne-proge.si\/index.php\/standardno-kolo\/#primaryimage"},"thumbnailUrl":"https:\/\/valjcne-proge.si\/wp-content\/uploads\/2021\/12\/rueda-estandar-1.jpg","datePublished":"2021-12-28T21:17:28+00:00","dateModified":"2022-01-03T12:48:01+00:00","breadcrumb":{"@id":"https:\/\/valjcne-proge.si\/index.php\/standardno-kolo\/#breadcrumb"},"inLanguage":"en-US","potentialAction":[{"@type":"ReadAction","target":["https:\/\/valjcne-proge.si\/index.php\/standardno-kolo\/"]}]},{"@type":"ImageObject","inLanguage":"en-US","@id":"https:\/\/valjcne-proge.si\/index.php\/standardno-kolo\/#primaryimage","url":"https:\/\/valjcne-proge.si\/wp-content\/uploads\/2021\/12\/rueda-estandar-1.jpg","contentUrl":"https:\/\/valjcne-proge.si\/wp-content\/uploads\/2021\/12\/rueda-estandar-1.jpg","width":500,"height":600},{"@type":"BreadcrumbList","@id":"https:\/\/valjcne-proge.si\/index.php\/standardno-kolo\/#breadcrumb","itemListElement":[{"@type":"ListItem","position":1,"name":"Home","item":"https:\/\/valjcne-proge.si\/"},{"@type":"ListItem","position":2,"name":"STANDARDNO KOLO"}]},{"@type":"WebSite","@id":"https:\/\/valjcne-proge.si\/#website","url":"https:\/\/valjcne-proge.si\/","name":"valjcne-proge.si","description":"Najbolj\u0161e valj\u010dne proge na svetu!","publisher":{"@id":"https:\/\/valjcne-proge.si\/#organization"},"potentialAction":[{"@type":"SearchAction","target":{"@type":"EntryPoint","urlTemplate":"https:\/\/valjcne-proge.si\/?s={search_term_string}"},"query-input":{"@type":"PropertyValueSpecification","valueRequired":true,"valueName":"search_term_string"}}],"inLanguage":"en-US"},{"@type":"Organization","@id":"https:\/\/valjcne-proge.si\/#organization","name":"valjcne-proge.si","url":"https:\/\/valjcne-proge.si\/","logo":{"@type":"ImageObject","inLanguage":"en-US","@id":"https:\/\/valjcne-proge.si\/#\/schema\/logo\/image\/","url":"https:\/\/valjcne-proge.si\/wp-content\/uploads\/2021\/12\/cropped-VP-modra-obroba.png","contentUrl":"https:\/\/valjcne-proge.si\/wp-content\/uploads\/2021\/12\/cropped-VP-modra-obroba.png","width":462,"height":249,"caption":"valjcne-proge.si"},"image":{"@id":"https:\/\/valjcne-proge.si\/#\/schema\/logo\/image\/"}}]}},"_links":{"self":[{"href":"https:\/\/valjcne-proge.si\/index.php\/wp-json\/wp\/v2\/pages\/352","targetHints":{"allow":["GET"]}}],"collection":[{"href":"https:\/\/valjcne-proge.si\/index.php\/wp-json\/wp\/v2\/pages"}],"about":[{"href":"https:\/\/valjcne-proge.si\/index.php\/wp-json\/wp\/v2\/types\/page"}],"author":[{"embeddable":true,"href":"https:\/\/valjcne-proge.si\/index.php\/wp-json\/wp\/v2\/users\/1"}],"replies":[{"embeddable":true,"href":"https:\/\/valjcne-proge.si\/index.php\/wp-json\/wp\/v2\/comments?post=352"}],"version-history":[{"count":11,"href":"https:\/\/valjcne-proge.si\/index.php\/wp-json\/wp\/v2\/pages\/352\/revisions"}],"predecessor-version":[{"id":517,"href":"https:\/\/valjcne-proge.si\/index.php\/wp-json\/wp\/v2\/pages\/352\/revisions\/517"}],"wp:attachment":[{"href":"https:\/\/valjcne-proge.si\/index.php\/wp-json\/wp\/v2\/media?parent=352"}],"curies":[{"name":"wp","href":"https:\/\/api.w.org\/{rel}","templated":true}]}}