{"id":109,"date":"2021-12-27T21:44:02","date_gmt":"2021-12-27T21:44:02","guid":{"rendered":"https:\/\/valjcne-proge.si\/wordpress\/?page_id=109"},"modified":"2021-12-29T15:17:06","modified_gmt":"2021-12-29T15:17:06","slug":"kontakt","status":"publish","type":"page","link":"https:\/\/valjcne-proge.si\/index.php\/kontakt\/","title":{"rendered":"KONTAKT"},"content":{"rendered":"\n<p class=\"has-text-align-left has-medium-font-size\"><strong>Podatki podjetja:<\/strong><\/p>\n\n\n\n<p class=\"has-text-align-left\"><strong>Popolno ime podjetja:<\/strong><br> PRO GM, trgovina in storitve, d.o.o.<br><strong>Kratko ime:<\/strong><br> PRO GM d.o.o.<br><strong>Ulica:<\/strong><br> Bo\u0161tjanova ulica 10A<br><strong>Kraj:<\/strong><br> Lesce<br><strong>Po\u0161ta:<\/strong><br> 4248 Lesce<\/p>\n\n\n\n<p><strong>Telefon:<\/strong><br> <a style=\"text-decoration: none\" href=\"tel:+386 31 657 287\">+386 31 657 287<\/a>, <a style=\"text-decoration: none\" href=\"tel:+386 59 166 334\">+386 59 166 334<\/a><br><strong>E-mail:<\/strong><br> <a href=\"mailto:info@pro-gm.si\">info@valjcne-proge.si<\/a><br><strong>Spletna stran:<\/strong><br> <a href=\"http:\/\/www.pro-gm.si\">www.pro-gm.si<\/a><\/p>\n\n\n\n<p> <a href=\"https:\/\/www.valjcne-proge.si\">www.valjcne-proge.si<\/a><\/p>\n\n\n\n<p><strong>Mati\u010dna \u0161tevilka:<\/strong><br> 8277788000<br><strong>ID za DDV:<\/strong><br> SI 24013102<br><strong>Transakcijski ra\u010duni:<\/strong><br> IBAN SI56 0318 6100 4246 780 (T) SKB d.d.<\/p>\n\n\n\n<p><\/p>\n","protected":false},"excerpt":{"rendered":"<p>Podatki podjetja: Popolno ime podjetja: PRO GM, trgovina in storitve, d.o.o.Kratko ime: PRO GM d.o.o.Ulica: Bo\u0161tjanova ulica 10AKraj: LescePo\u0161ta: 4248 Lesce Telefon: +386 31 657 287, +386 59 166 334E-mail: info@valjcne-proge.siSpletna stran: www.pro-gm.si www.valjcne-proge.si Mati\u010dna \u0161tevilka: 8277788000ID za DDV: SI 24013102Transakcijski ra\u010duni: IBAN SI56 0318 6100 4246 780 (T) SKB d.d.<\/p>\n","protected":false},"author":1,"featured_media":0,"parent":0,"menu_order":0,"comment_status":"closed","ping_status":"closed","template":"","meta":{"pgc_sgb_lightbox_settings":"","footnotes":""},"class_list":["post-109","page","type-page","status-publish","hentry"],"yoast_head":"<!-- This site is optimized with the Yoast SEO plugin v27.4 - https:\/\/yoast.com\/product\/yoast-seo-wordpress\/ -->\n<title>KONTAKT - valjcne-proge.si<\/title>\n<meta name=\"robots\" content=\"index, follow, max-snippet:-1, max-image-preview:large, max-video-preview:-1\" \/>\n<link rel=\"canonical\" href=\"https:\/\/valjcne-proge.si\/index.php\/kontakt\/\" \/>\n<meta property=\"og:locale\" content=\"en_US\" \/>\n<meta property=\"og:type\" content=\"article\" \/>\n<meta property=\"og:title\" content=\"KONTAKT - valjcne-proge.si\" \/>\n<meta property=\"og:description\" content=\"Podatki podjetja: Popolno ime podjetja: PRO GM, trgovina in storitve, d.o.o.Kratko ime: PRO GM d.o.o.Ulica: Bo\u0161tjanova ulica 10AKraj: LescePo\u0161ta: 4248 Lesce Telefon: +386 31 657 287, +386 59 166 334E-mail: info@valjcne-proge.siSpletna stran: www.pro-gm.si www.valjcne-proge.si Mati\u010dna \u0161tevilka: 8277788000ID za DDV: SI 24013102Transakcijski ra\u010duni: IBAN SI56 0318 6100 4246 780 (T) SKB d.d.\" \/>\n<meta property=\"og:url\" content=\"https:\/\/valjcne-proge.si\/index.php\/kontakt\/\" \/>\n<meta property=\"og:site_name\" content=\"valjcne-proge.si\" \/>\n<meta property=\"article:modified_time\" content=\"2021-12-29T15:17:06+00:00\" \/>\n<meta name=\"twitter:card\" content=\"summary_large_image\" \/>\n<meta name=\"twitter:label1\" content=\"Est. reading time\" \/>\n\t<meta name=\"twitter:data1\" content=\"1 minute\" \/>\n<script type=\"application\/ld+json\" class=\"yoast-schema-graph\">{\"@context\":\"https:\\\/\\\/schema.org\",\"@graph\":[{\"@type\":\"WebPage\",\"@id\":\"https:\\\/\\\/valjcne-proge.si\\\/index.php\\\/kontakt\\\/\",\"url\":\"https:\\\/\\\/valjcne-proge.si\\\/index.php\\\/kontakt\\\/\",\"name\":\"KONTAKT - valjcne-proge.si\",\"isPartOf\":{\"@id\":\"https:\\\/\\\/valjcne-proge.si\\\/#website\"},\"datePublished\":\"2021-12-27T21:44:02+00:00\",\"dateModified\":\"2021-12-29T15:17:06+00:00\",\"breadcrumb\":{\"@id\":\"https:\\\/\\\/valjcne-proge.si\\\/index.php\\\/kontakt\\\/#breadcrumb\"},\"inLanguage\":\"en-US\",\"potentialAction\":[{\"@type\":\"ReadAction\",\"target\":[\"https:\\\/\\\/valjcne-proge.si\\\/index.php\\\/kontakt\\\/\"]}]},{\"@type\":\"BreadcrumbList\",\"@id\":\"https:\\\/\\\/valjcne-proge.si\\\/index.php\\\/kontakt\\\/#breadcrumb\",\"itemListElement\":[{\"@type\":\"ListItem\",\"position\":1,\"name\":\"Home\",\"item\":\"https:\\\/\\\/valjcne-proge.si\\\/\"},{\"@type\":\"ListItem\",\"position\":2,\"name\":\"KONTAKT\"}]},{\"@type\":\"WebSite\",\"@id\":\"https:\\\/\\\/valjcne-proge.si\\\/#website\",\"url\":\"https:\\\/\\\/valjcne-proge.si\\\/\",\"name\":\"valjcne-proge.si\",\"description\":\"Najbolj\u0161e valj\u010dne proge na svetu!\",\"publisher\":{\"@id\":\"https:\\\/\\\/valjcne-proge.si\\\/#organization\"},\"potentialAction\":[{\"@type\":\"SearchAction\",\"target\":{\"@type\":\"EntryPoint\",\"urlTemplate\":\"https:\\\/\\\/valjcne-proge.si\\\/?s={search_term_string}\"},\"query-input\":{\"@type\":\"PropertyValueSpecification\",\"valueRequired\":true,\"valueName\":\"search_term_string\"}}],\"inLanguage\":\"en-US\"},{\"@type\":\"Organization\",\"@id\":\"https:\\\/\\\/valjcne-proge.si\\\/#organization\",\"name\":\"valjcne-proge.si\",\"url\":\"https:\\\/\\\/valjcne-proge.si\\\/\",\"logo\":{\"@type\":\"ImageObject\",\"inLanguage\":\"en-US\",\"@id\":\"https:\\\/\\\/valjcne-proge.si\\\/#\\\/schema\\\/logo\\\/image\\\/\",\"url\":\"https:\\\/\\\/valjcne-proge.si\\\/wp-content\\\/uploads\\\/2021\\\/12\\\/cropped-VP-modra-obroba.png\",\"contentUrl\":\"https:\\\/\\\/valjcne-proge.si\\\/wp-content\\\/uploads\\\/2021\\\/12\\\/cropped-VP-modra-obroba.png\",\"width\":462,\"height\":249,\"caption\":\"valjcne-proge.si\"},\"image\":{\"@id\":\"https:\\\/\\\/valjcne-proge.si\\\/#\\\/schema\\\/logo\\\/image\\\/\"}}]}<\/script>\n<!-- \/ Yoast SEO plugin. -->","yoast_head_json":{"title":"KONTAKT - valjcne-proge.si","robots":{"index":"index","follow":"follow","max-snippet":"max-snippet:-1","max-image-preview":"max-image-preview:large","max-video-preview":"max-video-preview:-1"},"canonical":"https:\/\/valjcne-proge.si\/index.php\/kontakt\/","og_locale":"en_US","og_type":"article","og_title":"KONTAKT - valjcne-proge.si","og_description":"Podatki podjetja: Popolno ime podjetja: PRO GM, trgovina in storitve, d.o.o.Kratko ime: PRO GM d.o.o.Ulica: Bo\u0161tjanova ulica 10AKraj: LescePo\u0161ta: 4248 Lesce Telefon: +386 31 657 287, +386 59 166 334E-mail: info@valjcne-proge.siSpletna stran: www.pro-gm.si www.valjcne-proge.si Mati\u010dna \u0161tevilka: 8277788000ID za DDV: SI 24013102Transakcijski ra\u010duni: IBAN SI56 0318 6100 4246 780 (T) SKB d.d.","og_url":"https:\/\/valjcne-proge.si\/index.php\/kontakt\/","og_site_name":"valjcne-proge.si","article_modified_time":"2021-12-29T15:17:06+00:00","twitter_card":"summary_large_image","twitter_misc":{"Est. reading time":"1 minute"},"schema":{"@context":"https:\/\/schema.org","@graph":[{"@type":"WebPage","@id":"https:\/\/valjcne-proge.si\/index.php\/kontakt\/","url":"https:\/\/valjcne-proge.si\/index.php\/kontakt\/","name":"KONTAKT - valjcne-proge.si","isPartOf":{"@id":"https:\/\/valjcne-proge.si\/#website"},"datePublished":"2021-12-27T21:44:02+00:00","dateModified":"2021-12-29T15:17:06+00:00","breadcrumb":{"@id":"https:\/\/valjcne-proge.si\/index.php\/kontakt\/#breadcrumb"},"inLanguage":"en-US","potentialAction":[{"@type":"ReadAction","target":["https:\/\/valjcne-proge.si\/index.php\/kontakt\/"]}]},{"@type":"BreadcrumbList","@id":"https:\/\/valjcne-proge.si\/index.php\/kontakt\/#breadcrumb","itemListElement":[{"@type":"ListItem","position":1,"name":"Home","item":"https:\/\/valjcne-proge.si\/"},{"@type":"ListItem","position":2,"name":"KONTAKT"}]},{"@type":"WebSite","@id":"https:\/\/valjcne-proge.si\/#website","url":"https:\/\/valjcne-proge.si\/","name":"valjcne-proge.si","description":"Najbolj\u0161e valj\u010dne proge na svetu!","publisher":{"@id":"https:\/\/valjcne-proge.si\/#organization"},"potentialAction":[{"@type":"SearchAction","target":{"@type":"EntryPoint","urlTemplate":"https:\/\/valjcne-proge.si\/?s={search_term_string}"},"query-input":{"@type":"PropertyValueSpecification","valueRequired":true,"valueName":"search_term_string"}}],"inLanguage":"en-US"},{"@type":"Organization","@id":"https:\/\/valjcne-proge.si\/#organization","name":"valjcne-proge.si","url":"https:\/\/valjcne-proge.si\/","logo":{"@type":"ImageObject","inLanguage":"en-US","@id":"https:\/\/valjcne-proge.si\/#\/schema\/logo\/image\/","url":"https:\/\/valjcne-proge.si\/wp-content\/uploads\/2021\/12\/cropped-VP-modra-obroba.png","contentUrl":"https:\/\/valjcne-proge.si\/wp-content\/uploads\/2021\/12\/cropped-VP-modra-obroba.png","width":462,"height":249,"caption":"valjcne-proge.si"},"image":{"@id":"https:\/\/valjcne-proge.si\/#\/schema\/logo\/image\/"}}]}},"_links":{"self":[{"href":"https:\/\/valjcne-proge.si\/index.php\/wp-json\/wp\/v2\/pages\/109","targetHints":{"allow":["GET"]}}],"collection":[{"href":"https:\/\/valjcne-proge.si\/index.php\/wp-json\/wp\/v2\/pages"}],"about":[{"href":"https:\/\/valjcne-proge.si\/index.php\/wp-json\/wp\/v2\/types\/page"}],"author":[{"embeddable":true,"href":"https:\/\/valjcne-proge.si\/index.php\/wp-json\/wp\/v2\/users\/1"}],"replies":[{"embeddable":true,"href":"https:\/\/valjcne-proge.si\/index.php\/wp-json\/wp\/v2\/comments?post=109"}],"version-history":[{"count":2,"href":"https:\/\/valjcne-proge.si\/index.php\/wp-json\/wp\/v2\/pages\/109\/revisions"}],"predecessor-version":[{"id":462,"href":"https:\/\/valjcne-proge.si\/index.php\/wp-json\/wp\/v2\/pages\/109\/revisions\/462"}],"wp:attachment":[{"href":"https:\/\/valjcne-proge.si\/index.php\/wp-json\/wp\/v2\/media?parent=109"}],"curies":[{"name":"wp","href":"https:\/\/api.w.org\/{rel}","templated":true}]}}