{"id":108,"date":"2021-12-27T21:44:02","date_gmt":"2021-12-27T21:44:02","guid":{"rendered":"https:\/\/valjcne-proge.si\/wordpress\/?page_id=108"},"modified":"2022-01-06T11:19:00","modified_gmt":"2022-01-06T11:19:00","slug":"o-nas","status":"publish","type":"page","link":"https:\/\/valjcne-proge.si\/index.php\/o-nas\/","title":{"rendered":"O NAS"},"content":{"rendered":"\n<p class=\"has-text-align-center has-vivid-cyan-blue-color has-text-color has-medium-font-size\">V podjetju PRO GM d.o.o. zastopamo vodilnega proizvajalca valj\u010dnih prog Dinalager\u00ae&nbsp;iz \u0160panije. Moderna in avtomatizirana proizvodnja zagotavlja izdelke najvi\u0161je kakovosti v dogovorjenih, kratkih dobavnih rokih. Po najbolj\u0161ih mo\u010deh se trudimo, da vsaki stranki ponudimo tisto, kar dejansko potrebuje. Smo specialisti na podro\u010dju transporta paketov in lahkih bremen v skladi\u0161\u010dih, valjev za ve\u010dje obremenitve, izdelke za vitko proizvodnjo in specialne izvedbe po meri strank. \u017delje stranke so skupaj z visoko kakovostjo postavljene na prvo mesto.<\/p>\n\n\n\n<p class=\"has-text-align-center has-vivid-cyan-blue-color has-text-color has-medium-font-size\">Z veseljem vam bomo svetovali pri pravilni izbiri valj\u010dne proge, konfiguracije valja in primernega modula vitke proizvodnje za va\u0161e potrebe. Zagotovilo je 30 letno vlaganje v razvoj produktov dobavitelja Dinalager. Na 3.000 m<sup>2<\/sup> proizvodnih povr\u0161in ter z modernimi stroji lahko zagotovijo do 8.000 metrov minirail valj\u010dnih prog na dan. Kakovost izdelkov ima med proizvodnim procesom 4 kontrole &#8211; certifikat ISO 9001:2015. Znanje in kakovost podjetje Dinalager postavljata v sam vrh svetovnih proizvajalcev opreme za skladi\u0161\u010da in izdelkov za vitko &#8220;LEAN&#8221; proizvodnjo. Svoje izdelke izva\u017ea v ve\u010d kot 35 dr\u017eav na 5 kontinentih.<\/p>\n\n\n\n<p class=\"has-text-align-center has-vivid-cyan-blue-color has-text-color has-medium-font-size\">Nenehne inovacije in popolna prilagoditev izdelka stranki za zelo dostopne cene so na\u0161e najve\u010dje prednosti. Preizkusite in prepri\u010dajte se tudi sami!<\/p>\n\n\n\n<div class=\"wp-block-buttons is-content-justification-center is-layout-flex wp-block-buttons-is-layout-flex\">\n<div class=\"wp-block-button\"><a class=\"wp-block-button__link has-black-color has-pale-cyan-blue-background-color has-text-color has-background\" href=\"https:\/\/valjcne-proge.si\/index.php\/prodajni-program\/\" target=\"_blank\" rel=\"noreferrer noopener\">CELOTEN PRODAJNI PROGRAM<\/a><\/div>\n<\/div>\n\n\n\n<p class=\"has-text-align-center has-vivid-cyan-blue-color has-text-color has-medium-font-size\">Za vsa vpra\u0161anja ali dodatne informacije smo vam vedno na voljo!<\/p>\n\n\n\n<p class=\"has-text-align-center has-vivid-cyan-blue-color has-text-color has-medium-font-size\">Pi\u0161ite nam na <a href=\"mailto:info@valjcne-proge.si\" target=\"_blank\" rel=\"noreferrer noopener\">info@valjcne-proge.si<\/a> ali nas pokli\u010dite na +386 31 657 287.<\/p>\n\n\n\n<div class=\"wp-block-columns is-layout-flex wp-container-core-columns-is-layout-9d6595d7 wp-block-columns-is-layout-flex\">\n<div class=\"wp-block-column is-layout-flow wp-block-column-is-layout-flow\" style=\"flex-basis:100%\">\n<div class=\"wp-block-columns is-layout-flex wp-container-core-columns-is-layout-9d6595d7 wp-block-columns-is-layout-flex\">\n<div class=\"wp-block-column is-layout-flow wp-block-column-is-layout-flow\">\n<div class=\"wp-block-image is-style-default\"><figure class=\"aligncenter size-full is-resized\"><img loading=\"lazy\" decoding=\"async\" src=\"https:\/\/valjcne-proge.si\/wp-content\/uploads\/2021\/12\/logo-podpis-mail.jpg\" alt=\"\" class=\"wp-image-25\" width=\"224\" height=\"246\" srcset=\"https:\/\/valjcne-proge.si\/wp-content\/uploads\/2021\/12\/logo-podpis-mail.jpg 263w, https:\/\/valjcne-proge.si\/wp-content\/uploads\/2021\/12\/logo-podpis-mail-106x116.jpg 106w\" sizes=\"auto, (max-width: 224px) 100vw, 224px\" \/><\/figure><\/div>\n<\/div>\n\n\n\n<div class=\"wp-block-column is-layout-flow wp-block-column-is-layout-flow\">\n<div class=\"wp-block-image is-style-default\"><figure class=\"aligncenter size-full is-resized\"><img loading=\"lazy\" decoding=\"async\" src=\"https:\/\/valjcne-proge.si\/wp-content\/uploads\/2022\/01\/dinalager-300-e1641388438157.png\" alt=\"\" class=\"wp-image-653\" width=\"380\" height=\"242\" srcset=\"https:\/\/valjcne-proge.si\/wp-content\/uploads\/2022\/01\/dinalager-300-e1641388438157.png 300w, https:\/\/valjcne-proge.si\/wp-content\/uploads\/2022\/01\/dinalager-300-e1641388438157-182x116.png 182w\" sizes=\"auto, (max-width: 380px) 100vw, 380px\" \/><\/figure><\/div>\n<\/div>\n<\/div>\n<\/div>\n<\/div>\n\n\n\n<figure class=\"wp-block-table is-style-regular\"><table><tbody><tr><td class=\"has-text-align-center\" data-align=\"center\"><img loading=\"lazy\" decoding=\"async\" width=\"300\" height=\"111\" class=\"wp-image-76\" style=\"width: 300px;\" src=\"https:\/\/valjcne-proge.si\/wp-content\/uploads\/2021\/12\/iso.jpg\" alt=\"\" srcset=\"https:\/\/valjcne-proge.si\/wp-content\/uploads\/2021\/12\/iso.jpg 1965w, https:\/\/valjcne-proge.si\/wp-content\/uploads\/2021\/12\/iso-300x111.jpg 300w, https:\/\/valjcne-proge.si\/wp-content\/uploads\/2021\/12\/iso-1024x378.jpg 1024w, https:\/\/valjcne-proge.si\/wp-content\/uploads\/2021\/12\/iso-768x283.jpg 768w, https:\/\/valjcne-proge.si\/wp-content\/uploads\/2021\/12\/iso-1536x567.jpg 1536w, https:\/\/valjcne-proge.si\/wp-content\/uploads\/2021\/12\/iso-228x84.jpg 228w\" sizes=\"auto, (max-width: 300px) 100vw, 300px\" \/><\/td><\/tr><tr><td class=\"has-text-align-center\" data-align=\"center\"><strong>Certifikat podjetja Dinalager SL<\/strong><\/td><\/tr><\/tbody><\/table><\/figure>\n\n\n\n<p> <\/p>\n","protected":false},"excerpt":{"rendered":"<p>V podjetju PRO GM d.o.o. zastopamo vodilnega proizvajalca valj\u010dnih prog Dinalager\u00ae&nbsp;iz \u0160panije. Moderna in avtomatizirana proizvodnja zagotavlja izdelke najvi\u0161je kakovosti v dogovorjenih, kratkih dobavnih rokih. Po najbolj\u0161ih mo\u010deh se trudimo, da vsaki stranki ponudimo tisto, kar dejansko potrebuje. Smo specialisti na podro\u010dju transporta paketov in lahkih bremen v skladi\u0161\u010dih, valjev za ve\u010dje obremenitve, izdelke za [&hellip;]<\/p>\n","protected":false},"author":1,"featured_media":0,"parent":0,"menu_order":0,"comment_status":"closed","ping_status":"closed","template":"","meta":{"pgc_sgb_lightbox_settings":"","footnotes":""},"class_list":["post-108","page","type-page","status-publish","hentry"],"yoast_head":"<!-- This site is optimized with the Yoast SEO plugin v27.4 - https:\/\/yoast.com\/product\/yoast-seo-wordpress\/ -->\n<title>O NAS - valjcne-proge.si<\/title>\n<meta name=\"robots\" content=\"index, follow, max-snippet:-1, max-image-preview:large, max-video-preview:-1\" \/>\n<link rel=\"canonical\" href=\"https:\/\/valjcne-proge.si\/index.php\/o-nas\/\" \/>\n<meta property=\"og:locale\" content=\"en_US\" \/>\n<meta property=\"og:type\" content=\"article\" \/>\n<meta property=\"og:title\" content=\"O NAS - valjcne-proge.si\" \/>\n<meta property=\"og:description\" content=\"V podjetju PRO GM d.o.o. zastopamo vodilnega proizvajalca valj\u010dnih prog Dinalager\u00ae&nbsp;iz \u0160panije. Moderna in avtomatizirana proizvodnja zagotavlja izdelke najvi\u0161je kakovosti v dogovorjenih, kratkih dobavnih rokih. Po najbolj\u0161ih mo\u010deh se trudimo, da vsaki stranki ponudimo tisto, kar dejansko potrebuje. Smo specialisti na podro\u010dju transporta paketov in lahkih bremen v skladi\u0161\u010dih, valjev za ve\u010dje obremenitve, izdelke za [&hellip;]\" \/>\n<meta property=\"og:url\" content=\"https:\/\/valjcne-proge.si\/index.php\/o-nas\/\" \/>\n<meta property=\"og:site_name\" content=\"valjcne-proge.si\" \/>\n<meta property=\"article:modified_time\" content=\"2022-01-06T11:19:00+00:00\" \/>\n<meta property=\"og:image\" content=\"https:\/\/valjcne-proge.si\/wp-content\/uploads\/2021\/12\/logo-podpis-mail.jpg\" \/>\n<meta name=\"twitter:card\" content=\"summary_large_image\" \/>\n<meta name=\"twitter:label1\" content=\"Est. reading time\" \/>\n\t<meta name=\"twitter:data1\" content=\"2 minutes\" \/>\n<script type=\"application\/ld+json\" class=\"yoast-schema-graph\">{\"@context\":\"https:\\\/\\\/schema.org\",\"@graph\":[{\"@type\":\"WebPage\",\"@id\":\"https:\\\/\\\/valjcne-proge.si\\\/index.php\\\/o-nas\\\/\",\"url\":\"https:\\\/\\\/valjcne-proge.si\\\/index.php\\\/o-nas\\\/\",\"name\":\"O NAS - valjcne-proge.si\",\"isPartOf\":{\"@id\":\"https:\\\/\\\/valjcne-proge.si\\\/#website\"},\"primaryImageOfPage\":{\"@id\":\"https:\\\/\\\/valjcne-proge.si\\\/index.php\\\/o-nas\\\/#primaryimage\"},\"image\":{\"@id\":\"https:\\\/\\\/valjcne-proge.si\\\/index.php\\\/o-nas\\\/#primaryimage\"},\"thumbnailUrl\":\"https:\\\/\\\/valjcne-proge.si\\\/wp-content\\\/uploads\\\/2021\\\/12\\\/logo-podpis-mail.jpg\",\"datePublished\":\"2021-12-27T21:44:02+00:00\",\"dateModified\":\"2022-01-06T11:19:00+00:00\",\"breadcrumb\":{\"@id\":\"https:\\\/\\\/valjcne-proge.si\\\/index.php\\\/o-nas\\\/#breadcrumb\"},\"inLanguage\":\"en-US\",\"potentialAction\":[{\"@type\":\"ReadAction\",\"target\":[\"https:\\\/\\\/valjcne-proge.si\\\/index.php\\\/o-nas\\\/\"]}]},{\"@type\":\"ImageObject\",\"inLanguage\":\"en-US\",\"@id\":\"https:\\\/\\\/valjcne-proge.si\\\/index.php\\\/o-nas\\\/#primaryimage\",\"url\":\"https:\\\/\\\/valjcne-proge.si\\\/wp-content\\\/uploads\\\/2021\\\/12\\\/logo-podpis-mail.jpg\",\"contentUrl\":\"https:\\\/\\\/valjcne-proge.si\\\/wp-content\\\/uploads\\\/2021\\\/12\\\/logo-podpis-mail.jpg\",\"width\":263,\"height\":289},{\"@type\":\"BreadcrumbList\",\"@id\":\"https:\\\/\\\/valjcne-proge.si\\\/index.php\\\/o-nas\\\/#breadcrumb\",\"itemListElement\":[{\"@type\":\"ListItem\",\"position\":1,\"name\":\"Home\",\"item\":\"https:\\\/\\\/valjcne-proge.si\\\/\"},{\"@type\":\"ListItem\",\"position\":2,\"name\":\"O NAS\"}]},{\"@type\":\"WebSite\",\"@id\":\"https:\\\/\\\/valjcne-proge.si\\\/#website\",\"url\":\"https:\\\/\\\/valjcne-proge.si\\\/\",\"name\":\"valjcne-proge.si\",\"description\":\"Najbolj\u0161e valj\u010dne proge na svetu!\",\"publisher\":{\"@id\":\"https:\\\/\\\/valjcne-proge.si\\\/#organization\"},\"potentialAction\":[{\"@type\":\"SearchAction\",\"target\":{\"@type\":\"EntryPoint\",\"urlTemplate\":\"https:\\\/\\\/valjcne-proge.si\\\/?s={search_term_string}\"},\"query-input\":{\"@type\":\"PropertyValueSpecification\",\"valueRequired\":true,\"valueName\":\"search_term_string\"}}],\"inLanguage\":\"en-US\"},{\"@type\":\"Organization\",\"@id\":\"https:\\\/\\\/valjcne-proge.si\\\/#organization\",\"name\":\"valjcne-proge.si\",\"url\":\"https:\\\/\\\/valjcne-proge.si\\\/\",\"logo\":{\"@type\":\"ImageObject\",\"inLanguage\":\"en-US\",\"@id\":\"https:\\\/\\\/valjcne-proge.si\\\/#\\\/schema\\\/logo\\\/image\\\/\",\"url\":\"https:\\\/\\\/valjcne-proge.si\\\/wp-content\\\/uploads\\\/2021\\\/12\\\/cropped-VP-modra-obroba.png\",\"contentUrl\":\"https:\\\/\\\/valjcne-proge.si\\\/wp-content\\\/uploads\\\/2021\\\/12\\\/cropped-VP-modra-obroba.png\",\"width\":462,\"height\":249,\"caption\":\"valjcne-proge.si\"},\"image\":{\"@id\":\"https:\\\/\\\/valjcne-proge.si\\\/#\\\/schema\\\/logo\\\/image\\\/\"}}]}<\/script>\n<!-- \/ Yoast SEO plugin. -->","yoast_head_json":{"title":"O NAS - valjcne-proge.si","robots":{"index":"index","follow":"follow","max-snippet":"max-snippet:-1","max-image-preview":"max-image-preview:large","max-video-preview":"max-video-preview:-1"},"canonical":"https:\/\/valjcne-proge.si\/index.php\/o-nas\/","og_locale":"en_US","og_type":"article","og_title":"O NAS - valjcne-proge.si","og_description":"V podjetju PRO GM d.o.o. zastopamo vodilnega proizvajalca valj\u010dnih prog Dinalager\u00ae&nbsp;iz \u0160panije. Moderna in avtomatizirana proizvodnja zagotavlja izdelke najvi\u0161je kakovosti v dogovorjenih, kratkih dobavnih rokih. Po najbolj\u0161ih mo\u010deh se trudimo, da vsaki stranki ponudimo tisto, kar dejansko potrebuje. Smo specialisti na podro\u010dju transporta paketov in lahkih bremen v skladi\u0161\u010dih, valjev za ve\u010dje obremenitve, izdelke za [&hellip;]","og_url":"https:\/\/valjcne-proge.si\/index.php\/o-nas\/","og_site_name":"valjcne-proge.si","article_modified_time":"2022-01-06T11:19:00+00:00","og_image":[{"url":"https:\/\/valjcne-proge.si\/wp-content\/uploads\/2021\/12\/logo-podpis-mail.jpg","type":"","width":"","height":""}],"twitter_card":"summary_large_image","twitter_misc":{"Est. reading time":"2 minutes"},"schema":{"@context":"https:\/\/schema.org","@graph":[{"@type":"WebPage","@id":"https:\/\/valjcne-proge.si\/index.php\/o-nas\/","url":"https:\/\/valjcne-proge.si\/index.php\/o-nas\/","name":"O NAS - valjcne-proge.si","isPartOf":{"@id":"https:\/\/valjcne-proge.si\/#website"},"primaryImageOfPage":{"@id":"https:\/\/valjcne-proge.si\/index.php\/o-nas\/#primaryimage"},"image":{"@id":"https:\/\/valjcne-proge.si\/index.php\/o-nas\/#primaryimage"},"thumbnailUrl":"https:\/\/valjcne-proge.si\/wp-content\/uploads\/2021\/12\/logo-podpis-mail.jpg","datePublished":"2021-12-27T21:44:02+00:00","dateModified":"2022-01-06T11:19:00+00:00","breadcrumb":{"@id":"https:\/\/valjcne-proge.si\/index.php\/o-nas\/#breadcrumb"},"inLanguage":"en-US","potentialAction":[{"@type":"ReadAction","target":["https:\/\/valjcne-proge.si\/index.php\/o-nas\/"]}]},{"@type":"ImageObject","inLanguage":"en-US","@id":"https:\/\/valjcne-proge.si\/index.php\/o-nas\/#primaryimage","url":"https:\/\/valjcne-proge.si\/wp-content\/uploads\/2021\/12\/logo-podpis-mail.jpg","contentUrl":"https:\/\/valjcne-proge.si\/wp-content\/uploads\/2021\/12\/logo-podpis-mail.jpg","width":263,"height":289},{"@type":"BreadcrumbList","@id":"https:\/\/valjcne-proge.si\/index.php\/o-nas\/#breadcrumb","itemListElement":[{"@type":"ListItem","position":1,"name":"Home","item":"https:\/\/valjcne-proge.si\/"},{"@type":"ListItem","position":2,"name":"O NAS"}]},{"@type":"WebSite","@id":"https:\/\/valjcne-proge.si\/#website","url":"https:\/\/valjcne-proge.si\/","name":"valjcne-proge.si","description":"Najbolj\u0161e valj\u010dne proge na svetu!","publisher":{"@id":"https:\/\/valjcne-proge.si\/#organization"},"potentialAction":[{"@type":"SearchAction","target":{"@type":"EntryPoint","urlTemplate":"https:\/\/valjcne-proge.si\/?s={search_term_string}"},"query-input":{"@type":"PropertyValueSpecification","valueRequired":true,"valueName":"search_term_string"}}],"inLanguage":"en-US"},{"@type":"Organization","@id":"https:\/\/valjcne-proge.si\/#organization","name":"valjcne-proge.si","url":"https:\/\/valjcne-proge.si\/","logo":{"@type":"ImageObject","inLanguage":"en-US","@id":"https:\/\/valjcne-proge.si\/#\/schema\/logo\/image\/","url":"https:\/\/valjcne-proge.si\/wp-content\/uploads\/2021\/12\/cropped-VP-modra-obroba.png","contentUrl":"https:\/\/valjcne-proge.si\/wp-content\/uploads\/2021\/12\/cropped-VP-modra-obroba.png","width":462,"height":249,"caption":"valjcne-proge.si"},"image":{"@id":"https:\/\/valjcne-proge.si\/#\/schema\/logo\/image\/"}}]}},"_links":{"self":[{"href":"https:\/\/valjcne-proge.si\/index.php\/wp-json\/wp\/v2\/pages\/108","targetHints":{"allow":["GET"]}}],"collection":[{"href":"https:\/\/valjcne-proge.si\/index.php\/wp-json\/wp\/v2\/pages"}],"about":[{"href":"https:\/\/valjcne-proge.si\/index.php\/wp-json\/wp\/v2\/types\/page"}],"author":[{"embeddable":true,"href":"https:\/\/valjcne-proge.si\/index.php\/wp-json\/wp\/v2\/users\/1"}],"replies":[{"embeddable":true,"href":"https:\/\/valjcne-proge.si\/index.php\/wp-json\/wp\/v2\/comments?post=108"}],"version-history":[{"count":9,"href":"https:\/\/valjcne-proge.si\/index.php\/wp-json\/wp\/v2\/pages\/108\/revisions"}],"predecessor-version":[{"id":673,"href":"https:\/\/valjcne-proge.si\/index.php\/wp-json\/wp\/v2\/pages\/108\/revisions\/673"}],"wp:attachment":[{"href":"https:\/\/valjcne-proge.si\/index.php\/wp-json\/wp\/v2\/media?parent=108"}],"curies":[{"name":"wp","href":"https:\/\/api.w.org\/{rel}","templated":true}]}}